{"id":2381,"date":"2023-01-26T11:35:20","date_gmt":"2023-01-26T10:35:20","guid":{"rendered":"https:\/\/waffentechnik-solingen.pixel-tal.de\/produkte\/baionnette-b3k\/"},"modified":"2023-08-01T15:50:11","modified_gmt":"2023-08-01T13:50:11","slug":"baionnette-b3k","status":"publish","type":"product","link":"https:\/\/waffentechnik-solingen.com\/fr\/produkte\/baionnette-b3k\/","title":{"rendered":"Ba\u00efonnette B3K"},"excerpt":{"rendered":"<p>Longueur du couteau env. 310 mm, longueur de la lame env. 180 mm, poids total env. 500 g, avec cisaille \u00e0 fil puissante, scie universelle, 1\/2 lame dentel\u00e9e et bien plus encore.<\/p>\n","protected":false},"featured_media":1671,"parent":0,"menu_order":3,"template":"","format":"standard","tax_produkte":[137],"class_list":["post-2381","product","type-product","status-publish","format-standard","has-post-thumbnail","hentry","tax_produkte-bajonette-fr"],"acf":[],"yoast_head":"<!-- This site is optimized with the Yoast SEO plugin v27.3 - https:\/\/yoast.com\/product\/yoast-seo-wordpress\/ -->\n<title>La ba\u00efonnette B3K ultral\u00e9g\u00e8re, un outil de combat fiable<\/title>\n<meta name=\"description\" content=\"Ba\u00efonnette B3K pour fusils d&#039;assaut OTAN \u25ba Ultral\u00e9ger \u2713 Isol\u00e9 \u00e9lectriquement \u2713 Inoxydable &amp; antireflet \u2713 \u2794 En savoir plus maintenant !\" \/>\n<meta name=\"robots\" content=\"index, follow, max-snippet:-1, max-image-preview:large, max-video-preview:-1\" \/>\n<link rel=\"canonical\" href=\"https:\/\/waffentechnik-solingen.com\/fr\/produkte\/baionnette-b3k\/\" \/>\n<meta property=\"og:locale\" content=\"fr_FR\" \/>\n<meta property=\"og:type\" content=\"article\" \/>\n<meta property=\"og:title\" content=\"La ba\u00efonnette B3K ultral\u00e9g\u00e8re, un outil de combat fiable\" \/>\n<meta property=\"og:description\" content=\"Ba\u00efonnette B3K pour fusils d&#039;assaut OTAN \u25ba Ultral\u00e9ger \u2713 Isol\u00e9 \u00e9lectriquement \u2713 Inoxydable &amp; antireflet \u2713 \u2794 En savoir plus maintenant !\" \/>\n<meta property=\"og:url\" content=\"https:\/\/waffentechnik-solingen.com\/fr\/produkte\/baionnette-b3k\/\" \/>\n<meta property=\"og:site_name\" content=\"Waffentechnik - Borkott &amp; Eickhorn\" \/>\n<meta property=\"article:modified_time\" content=\"2023-08-01T13:50:11+00:00\" \/>\n<meta property=\"og:image\" content=\"https:\/\/waffentechnik-solingen.com\/wp-content\/uploads\/waffentechnik_b3k-bajonett_product_alt.png\" \/>\n\t<meta property=\"og:image:width\" content=\"840\" \/>\n\t<meta property=\"og:image:height\" content=\"325\" \/>\n\t<meta property=\"og:image:type\" content=\"image\/png\" \/>\n<meta name=\"twitter:card\" content=\"summary_large_image\" \/>\n<script type=\"application\/ld+json\" class=\"yoast-schema-graph\">{\"@context\":\"https:\\\/\\\/schema.org\",\"@graph\":[{\"@type\":\"WebPage\",\"@id\":\"https:\\\/\\\/waffentechnik-solingen.com\\\/fr\\\/produkte\\\/baionnette-b3k\\\/\",\"url\":\"https:\\\/\\\/waffentechnik-solingen.com\\\/fr\\\/produkte\\\/baionnette-b3k\\\/\",\"name\":\"La ba\u00efonnette B3K ultral\u00e9g\u00e8re, un outil de combat fiable\",\"isPartOf\":{\"@id\":\"https:\\\/\\\/waffentechnik-solingen.com\\\/fr\\\/#website\"},\"primaryImageOfPage\":{\"@id\":\"https:\\\/\\\/waffentechnik-solingen.com\\\/fr\\\/produkte\\\/baionnette-b3k\\\/#primaryimage\"},\"image\":{\"@id\":\"https:\\\/\\\/waffentechnik-solingen.com\\\/fr\\\/produkte\\\/baionnette-b3k\\\/#primaryimage\"},\"thumbnailUrl\":\"https:\\\/\\\/waffentechnik-solingen.com\\\/wp-content\\\/uploads\\\/waffentechnik_b3k-bajonett_product_alt.png\",\"datePublished\":\"2023-01-26T10:35:20+00:00\",\"dateModified\":\"2023-08-01T13:50:11+00:00\",\"description\":\"Ba\u00efonnette B3K pour fusils d'assaut OTAN \u25ba Ultral\u00e9ger \u2713 Isol\u00e9 \u00e9lectriquement \u2713 Inoxydable & antireflet \u2713 \u2794 En savoir plus maintenant !\",\"breadcrumb\":{\"@id\":\"https:\\\/\\\/waffentechnik-solingen.com\\\/fr\\\/produkte\\\/baionnette-b3k\\\/#breadcrumb\"},\"inLanguage\":\"fr-FR\",\"potentialAction\":[{\"@type\":\"ReadAction\",\"target\":[\"https:\\\/\\\/waffentechnik-solingen.com\\\/fr\\\/produkte\\\/baionnette-b3k\\\/\"]}]},{\"@type\":\"ImageObject\",\"inLanguage\":\"fr-FR\",\"@id\":\"https:\\\/\\\/waffentechnik-solingen.com\\\/fr\\\/produkte\\\/baionnette-b3k\\\/#primaryimage\",\"url\":\"https:\\\/\\\/waffentechnik-solingen.com\\\/wp-content\\\/uploads\\\/waffentechnik_b3k-bajonett_product_alt.png\",\"contentUrl\":\"https:\\\/\\\/waffentechnik-solingen.com\\\/wp-content\\\/uploads\\\/waffentechnik_b3k-bajonett_product_alt.png\",\"width\":840,\"height\":325},{\"@type\":\"BreadcrumbList\",\"@id\":\"https:\\\/\\\/waffentechnik-solingen.com\\\/fr\\\/produkte\\\/baionnette-b3k\\\/#breadcrumb\",\"itemListElement\":[{\"@type\":\"ListItem\",\"position\":1,\"name\":\"Startseite\",\"item\":\"https:\\\/\\\/waffentechnik-solingen.com\\\/fr\\\/\"},{\"@type\":\"ListItem\",\"position\":2,\"name\":\"Ba\u00efonnette B3K\"}]},{\"@type\":\"WebSite\",\"@id\":\"https:\\\/\\\/waffentechnik-solingen.com\\\/fr\\\/#website\",\"url\":\"https:\\\/\\\/waffentechnik-solingen.com\\\/fr\\\/\",\"name\":\"Waffentechnik - Borkott &amp; Eickhorn\",\"description\":\"\",\"publisher\":{\"@id\":\"https:\\\/\\\/waffentechnik-solingen.com\\\/fr\\\/#organization\"},\"potentialAction\":[{\"@type\":\"SearchAction\",\"target\":{\"@type\":\"EntryPoint\",\"urlTemplate\":\"https:\\\/\\\/waffentechnik-solingen.com\\\/fr\\\/?s={search_term_string}\"},\"query-input\":{\"@type\":\"PropertyValueSpecification\",\"valueRequired\":true,\"valueName\":\"search_term_string\"}}],\"inLanguage\":\"fr-FR\"},{\"@type\":\"Organization\",\"@id\":\"https:\\\/\\\/waffentechnik-solingen.com\\\/fr\\\/#organization\",\"name\":\"Waffentechnik - Borkott &amp; Eickhorn\",\"url\":\"https:\\\/\\\/waffentechnik-solingen.com\\\/fr\\\/\",\"logo\":{\"@type\":\"ImageObject\",\"inLanguage\":\"fr-FR\",\"@id\":\"https:\\\/\\\/waffentechnik-solingen.com\\\/fr\\\/#\\\/schema\\\/logo\\\/image\\\/\",\"url\":\"https:\\\/\\\/waffentechnik-solingen.com\\\/wp-content\\\/uploads\\\/waffentechnik_logo.svg\",\"contentUrl\":\"https:\\\/\\\/waffentechnik-solingen.com\\\/wp-content\\\/uploads\\\/waffentechnik_logo.svg\",\"caption\":\"Waffentechnik - Borkott &amp; Eickhorn\"},\"image\":{\"@id\":\"https:\\\/\\\/waffentechnik-solingen.com\\\/fr\\\/#\\\/schema\\\/logo\\\/image\\\/\"}}]}<\/script>\n<!-- \/ Yoast SEO plugin. -->","yoast_head_json":{"title":"La ba\u00efonnette B3K ultral\u00e9g\u00e8re, un outil de combat fiable","description":"Ba\u00efonnette B3K pour fusils d'assaut OTAN \u25ba Ultral\u00e9ger \u2713 Isol\u00e9 \u00e9lectriquement \u2713 Inoxydable & antireflet \u2713 \u2794 En savoir plus maintenant !","robots":{"index":"index","follow":"follow","max-snippet":"max-snippet:-1","max-image-preview":"max-image-preview:large","max-video-preview":"max-video-preview:-1"},"canonical":"https:\/\/waffentechnik-solingen.com\/fr\/produkte\/baionnette-b3k\/","og_locale":"fr_FR","og_type":"article","og_title":"La ba\u00efonnette B3K ultral\u00e9g\u00e8re, un outil de combat fiable","og_description":"Ba\u00efonnette B3K pour fusils d'assaut OTAN \u25ba Ultral\u00e9ger \u2713 Isol\u00e9 \u00e9lectriquement \u2713 Inoxydable & antireflet \u2713 \u2794 En savoir plus maintenant !","og_url":"https:\/\/waffentechnik-solingen.com\/fr\/produkte\/baionnette-b3k\/","og_site_name":"Waffentechnik - Borkott &amp; Eickhorn","article_modified_time":"2023-08-01T13:50:11+00:00","og_image":[{"width":840,"height":325,"url":"https:\/\/waffentechnik-solingen.com\/wp-content\/uploads\/waffentechnik_b3k-bajonett_product_alt.png","type":"image\/png"}],"twitter_card":"summary_large_image","schema":{"@context":"https:\/\/schema.org","@graph":[{"@type":"WebPage","@id":"https:\/\/waffentechnik-solingen.com\/fr\/produkte\/baionnette-b3k\/","url":"https:\/\/waffentechnik-solingen.com\/fr\/produkte\/baionnette-b3k\/","name":"La ba\u00efonnette B3K ultral\u00e9g\u00e8re, un outil de combat fiable","isPartOf":{"@id":"https:\/\/waffentechnik-solingen.com\/fr\/#website"},"primaryImageOfPage":{"@id":"https:\/\/waffentechnik-solingen.com\/fr\/produkte\/baionnette-b3k\/#primaryimage"},"image":{"@id":"https:\/\/waffentechnik-solingen.com\/fr\/produkte\/baionnette-b3k\/#primaryimage"},"thumbnailUrl":"https:\/\/waffentechnik-solingen.com\/wp-content\/uploads\/waffentechnik_b3k-bajonett_product_alt.png","datePublished":"2023-01-26T10:35:20+00:00","dateModified":"2023-08-01T13:50:11+00:00","description":"Ba\u00efonnette B3K pour fusils d'assaut OTAN \u25ba Ultral\u00e9ger \u2713 Isol\u00e9 \u00e9lectriquement \u2713 Inoxydable & antireflet \u2713 \u2794 En savoir plus maintenant !","breadcrumb":{"@id":"https:\/\/waffentechnik-solingen.com\/fr\/produkte\/baionnette-b3k\/#breadcrumb"},"inLanguage":"fr-FR","potentialAction":[{"@type":"ReadAction","target":["https:\/\/waffentechnik-solingen.com\/fr\/produkte\/baionnette-b3k\/"]}]},{"@type":"ImageObject","inLanguage":"fr-FR","@id":"https:\/\/waffentechnik-solingen.com\/fr\/produkte\/baionnette-b3k\/#primaryimage","url":"https:\/\/waffentechnik-solingen.com\/wp-content\/uploads\/waffentechnik_b3k-bajonett_product_alt.png","contentUrl":"https:\/\/waffentechnik-solingen.com\/wp-content\/uploads\/waffentechnik_b3k-bajonett_product_alt.png","width":840,"height":325},{"@type":"BreadcrumbList","@id":"https:\/\/waffentechnik-solingen.com\/fr\/produkte\/baionnette-b3k\/#breadcrumb","itemListElement":[{"@type":"ListItem","position":1,"name":"Startseite","item":"https:\/\/waffentechnik-solingen.com\/fr\/"},{"@type":"ListItem","position":2,"name":"Ba\u00efonnette B3K"}]},{"@type":"WebSite","@id":"https:\/\/waffentechnik-solingen.com\/fr\/#website","url":"https:\/\/waffentechnik-solingen.com\/fr\/","name":"Waffentechnik - Borkott &amp; Eickhorn","description":"","publisher":{"@id":"https:\/\/waffentechnik-solingen.com\/fr\/#organization"},"potentialAction":[{"@type":"SearchAction","target":{"@type":"EntryPoint","urlTemplate":"https:\/\/waffentechnik-solingen.com\/fr\/?s={search_term_string}"},"query-input":{"@type":"PropertyValueSpecification","valueRequired":true,"valueName":"search_term_string"}}],"inLanguage":"fr-FR"},{"@type":"Organization","@id":"https:\/\/waffentechnik-solingen.com\/fr\/#organization","name":"Waffentechnik - Borkott &amp; Eickhorn","url":"https:\/\/waffentechnik-solingen.com\/fr\/","logo":{"@type":"ImageObject","inLanguage":"fr-FR","@id":"https:\/\/waffentechnik-solingen.com\/fr\/#\/schema\/logo\/image\/","url":"https:\/\/waffentechnik-solingen.com\/wp-content\/uploads\/waffentechnik_logo.svg","contentUrl":"https:\/\/waffentechnik-solingen.com\/wp-content\/uploads\/waffentechnik_logo.svg","caption":"Waffentechnik - Borkott &amp; Eickhorn"},"image":{"@id":"https:\/\/waffentechnik-solingen.com\/fr\/#\/schema\/logo\/image\/"}}]}},"_links":{"self":[{"href":"https:\/\/waffentechnik-solingen.com\/fr\/wp-json\/wp\/v2\/product\/2381","targetHints":{"allow":["GET"]}}],"collection":[{"href":"https:\/\/waffentechnik-solingen.com\/fr\/wp-json\/wp\/v2\/product"}],"about":[{"href":"https:\/\/waffentechnik-solingen.com\/fr\/wp-json\/wp\/v2\/types\/product"}],"wp:featuredmedia":[{"embeddable":true,"href":"https:\/\/waffentechnik-solingen.com\/fr\/wp-json\/wp\/v2\/media\/1671"}],"wp:attachment":[{"href":"https:\/\/waffentechnik-solingen.com\/fr\/wp-json\/wp\/v2\/media?parent=2381"}],"wp:term":[{"taxonomy":"tax_produkte","embeddable":true,"href":"https:\/\/waffentechnik-solingen.com\/fr\/wp-json\/wp\/v2\/tax_produkte?post=2381"}],"curies":[{"name":"wp","href":"https:\/\/api.w.org\/{rel}","templated":true}]}}