{"id":2376,"date":"2023-01-26T11:20:24","date_gmt":"2023-01-26T10:20:24","guid":{"rendered":"https:\/\/waffentechnik-solingen.pixel-tal.de\/produkte\/mb21-baionnette-adaptateur-flexfit\/"},"modified":"2023-08-01T15:53:39","modified_gmt":"2023-08-01T13:53:39","slug":"mb21-baionnette-adaptateur-flexfit","status":"publish","type":"product","link":"https:\/\/waffentechnik-solingen.com\/fr\/produkte\/mb21-baionnette-adaptateur-flexfit\/","title":{"rendered":"MB21 Ba\u00efonnette &amp; Adaptateur Flexfit"},"excerpt":{"rendered":"<p>Longueur du couteau env. 303 mm, longueur de la lame env. 172 mm, poids total env. 500 g, avec cisaille \u00e0 fil, casse-vitre et bien plus encore.<\/p>\n","protected":false},"featured_media":1689,"parent":0,"menu_order":7,"template":"","format":"standard","tax_produkte":[137],"class_list":["post-2376","product","type-product","status-publish","format-standard","has-post-thumbnail","hentry","tax_produkte-bajonette-fr"],"acf":[],"yoast_head":"<!-- This site is optimized with the Yoast SEO plugin v27.5 - https:\/\/yoast.com\/product\/yoast-seo-wordpress\/ -->\n<title>Ba\u00efonnette MB21 flexible avec adaptateur Flexfit &amp; syst\u00e8me de transport textile<\/title>\n<meta name=\"description\" content=\"MB21 ba\u00efonnette &amp; adaptateur flexfit \u25ba Flexibilit\u00e9 maximale \u2713 ultral\u00e9ger \u2713 syst\u00e8me de transport textile \u2713casse-verre \u2713 \u2794 En savoir plus maintenant !\" \/>\n<meta name=\"robots\" content=\"index, follow, max-snippet:-1, max-image-preview:large, max-video-preview:-1\" \/>\n<link rel=\"canonical\" href=\"https:\/\/waffentechnik-solingen.com\/fr\/produkte\/mb21-baionnette-adaptateur-flexfit\/\" \/>\n<meta property=\"og:locale\" content=\"fr_FR\" \/>\n<meta property=\"og:type\" content=\"article\" \/>\n<meta property=\"og:title\" content=\"Ba\u00efonnette MB21 flexible avec adaptateur Flexfit &amp; syst\u00e8me de transport textile\" \/>\n<meta property=\"og:description\" content=\"MB21 ba\u00efonnette &amp; adaptateur flexfit \u25ba Flexibilit\u00e9 maximale \u2713 ultral\u00e9ger \u2713 syst\u00e8me de transport textile \u2713casse-verre \u2713 \u2794 En savoir plus maintenant !\" \/>\n<meta property=\"og:url\" content=\"https:\/\/waffentechnik-solingen.com\/fr\/produkte\/mb21-baionnette-adaptateur-flexfit\/\" \/>\n<meta property=\"og:site_name\" content=\"Waffentechnik - Borkott &amp; Eickhorn\" \/>\n<meta property=\"article:modified_time\" content=\"2023-08-01T13:53:39+00:00\" \/>\n<meta property=\"og:image\" content=\"https:\/\/waffentechnik-solingen.com\/wp-content\/uploads\/waffentechnik_mb21-bajonett_product_alt.png\" \/>\n\t<meta property=\"og:image:width\" content=\"840\" \/>\n\t<meta property=\"og:image:height\" content=\"325\" \/>\n\t<meta property=\"og:image:type\" content=\"image\/png\" \/>\n<meta name=\"twitter:card\" content=\"summary_large_image\" \/>\n<script type=\"application\/ld+json\" class=\"yoast-schema-graph\">{\"@context\":\"https:\\\/\\\/schema.org\",\"@graph\":[{\"@type\":\"WebPage\",\"@id\":\"https:\\\/\\\/waffentechnik-solingen.com\\\/fr\\\/produkte\\\/mb21-baionnette-adaptateur-flexfit\\\/\",\"url\":\"https:\\\/\\\/waffentechnik-solingen.com\\\/fr\\\/produkte\\\/mb21-baionnette-adaptateur-flexfit\\\/\",\"name\":\"Ba\u00efonnette MB21 flexible avec adaptateur Flexfit & syst\u00e8me de transport textile\",\"isPartOf\":{\"@id\":\"https:\\\/\\\/waffentechnik-solingen.com\\\/fr\\\/#website\"},\"primaryImageOfPage\":{\"@id\":\"https:\\\/\\\/waffentechnik-solingen.com\\\/fr\\\/produkte\\\/mb21-baionnette-adaptateur-flexfit\\\/#primaryimage\"},\"image\":{\"@id\":\"https:\\\/\\\/waffentechnik-solingen.com\\\/fr\\\/produkte\\\/mb21-baionnette-adaptateur-flexfit\\\/#primaryimage\"},\"thumbnailUrl\":\"https:\\\/\\\/waffentechnik-solingen.com\\\/wp-content\\\/uploads\\\/waffentechnik_mb21-bajonett_product_alt.png\",\"datePublished\":\"2023-01-26T10:20:24+00:00\",\"dateModified\":\"2023-08-01T13:53:39+00:00\",\"description\":\"MB21 ba\u00efonnette & adaptateur flexfit \u25ba Flexibilit\u00e9 maximale \u2713 ultral\u00e9ger \u2713 syst\u00e8me de transport textile \u2713casse-verre \u2713 \u2794 En savoir plus maintenant !\",\"breadcrumb\":{\"@id\":\"https:\\\/\\\/waffentechnik-solingen.com\\\/fr\\\/produkte\\\/mb21-baionnette-adaptateur-flexfit\\\/#breadcrumb\"},\"inLanguage\":\"fr-FR\",\"potentialAction\":[{\"@type\":\"ReadAction\",\"target\":[\"https:\\\/\\\/waffentechnik-solingen.com\\\/fr\\\/produkte\\\/mb21-baionnette-adaptateur-flexfit\\\/\"]}]},{\"@type\":\"ImageObject\",\"inLanguage\":\"fr-FR\",\"@id\":\"https:\\\/\\\/waffentechnik-solingen.com\\\/fr\\\/produkte\\\/mb21-baionnette-adaptateur-flexfit\\\/#primaryimage\",\"url\":\"https:\\\/\\\/waffentechnik-solingen.com\\\/wp-content\\\/uploads\\\/waffentechnik_mb21-bajonett_product_alt.png\",\"contentUrl\":\"https:\\\/\\\/waffentechnik-solingen.com\\\/wp-content\\\/uploads\\\/waffentechnik_mb21-bajonett_product_alt.png\",\"width\":840,\"height\":325},{\"@type\":\"BreadcrumbList\",\"@id\":\"https:\\\/\\\/waffentechnik-solingen.com\\\/fr\\\/produkte\\\/mb21-baionnette-adaptateur-flexfit\\\/#breadcrumb\",\"itemListElement\":[{\"@type\":\"ListItem\",\"position\":1,\"name\":\"Startseite\",\"item\":\"https:\\\/\\\/waffentechnik-solingen.com\\\/fr\\\/\"},{\"@type\":\"ListItem\",\"position\":2,\"name\":\"MB21 Ba\u00efonnette &amp; Adaptateur Flexfit\"}]},{\"@type\":\"WebSite\",\"@id\":\"https:\\\/\\\/waffentechnik-solingen.com\\\/fr\\\/#website\",\"url\":\"https:\\\/\\\/waffentechnik-solingen.com\\\/fr\\\/\",\"name\":\"Waffentechnik - Borkott &amp; Eickhorn\",\"description\":\"\",\"publisher\":{\"@id\":\"https:\\\/\\\/waffentechnik-solingen.com\\\/fr\\\/#organization\"},\"potentialAction\":[{\"@type\":\"SearchAction\",\"target\":{\"@type\":\"EntryPoint\",\"urlTemplate\":\"https:\\\/\\\/waffentechnik-solingen.com\\\/fr\\\/?s={search_term_string}\"},\"query-input\":{\"@type\":\"PropertyValueSpecification\",\"valueRequired\":true,\"valueName\":\"search_term_string\"}}],\"inLanguage\":\"fr-FR\"},{\"@type\":\"Organization\",\"@id\":\"https:\\\/\\\/waffentechnik-solingen.com\\\/fr\\\/#organization\",\"name\":\"Waffentechnik - Borkott &amp; Eickhorn\",\"url\":\"https:\\\/\\\/waffentechnik-solingen.com\\\/fr\\\/\",\"logo\":{\"@type\":\"ImageObject\",\"inLanguage\":\"fr-FR\",\"@id\":\"https:\\\/\\\/waffentechnik-solingen.com\\\/fr\\\/#\\\/schema\\\/logo\\\/image\\\/\",\"url\":\"https:\\\/\\\/waffentechnik-solingen.com\\\/wp-content\\\/uploads\\\/waffentechnik_logo.svg\",\"contentUrl\":\"https:\\\/\\\/waffentechnik-solingen.com\\\/wp-content\\\/uploads\\\/waffentechnik_logo.svg\",\"caption\":\"Waffentechnik - Borkott &amp; Eickhorn\"},\"image\":{\"@id\":\"https:\\\/\\\/waffentechnik-solingen.com\\\/fr\\\/#\\\/schema\\\/logo\\\/image\\\/\"}}]}<\/script>\n<!-- \/ Yoast SEO plugin. -->","yoast_head_json":{"title":"Ba\u00efonnette MB21 flexible avec adaptateur Flexfit & syst\u00e8me de transport textile","description":"MB21 ba\u00efonnette & adaptateur flexfit \u25ba Flexibilit\u00e9 maximale \u2713 ultral\u00e9ger \u2713 syst\u00e8me de transport textile \u2713casse-verre \u2713 \u2794 En savoir plus maintenant !","robots":{"index":"index","follow":"follow","max-snippet":"max-snippet:-1","max-image-preview":"max-image-preview:large","max-video-preview":"max-video-preview:-1"},"canonical":"https:\/\/waffentechnik-solingen.com\/fr\/produkte\/mb21-baionnette-adaptateur-flexfit\/","og_locale":"fr_FR","og_type":"article","og_title":"Ba\u00efonnette MB21 flexible avec adaptateur Flexfit & syst\u00e8me de transport textile","og_description":"MB21 ba\u00efonnette & adaptateur flexfit \u25ba Flexibilit\u00e9 maximale \u2713 ultral\u00e9ger \u2713 syst\u00e8me de transport textile \u2713casse-verre \u2713 \u2794 En savoir plus maintenant !","og_url":"https:\/\/waffentechnik-solingen.com\/fr\/produkte\/mb21-baionnette-adaptateur-flexfit\/","og_site_name":"Waffentechnik - Borkott &amp; Eickhorn","article_modified_time":"2023-08-01T13:53:39+00:00","og_image":[{"width":840,"height":325,"url":"https:\/\/waffentechnik-solingen.com\/wp-content\/uploads\/waffentechnik_mb21-bajonett_product_alt.png","type":"image\/png"}],"twitter_card":"summary_large_image","schema":{"@context":"https:\/\/schema.org","@graph":[{"@type":"WebPage","@id":"https:\/\/waffentechnik-solingen.com\/fr\/produkte\/mb21-baionnette-adaptateur-flexfit\/","url":"https:\/\/waffentechnik-solingen.com\/fr\/produkte\/mb21-baionnette-adaptateur-flexfit\/","name":"Ba\u00efonnette MB21 flexible avec adaptateur Flexfit & syst\u00e8me de transport textile","isPartOf":{"@id":"https:\/\/waffentechnik-solingen.com\/fr\/#website"},"primaryImageOfPage":{"@id":"https:\/\/waffentechnik-solingen.com\/fr\/produkte\/mb21-baionnette-adaptateur-flexfit\/#primaryimage"},"image":{"@id":"https:\/\/waffentechnik-solingen.com\/fr\/produkte\/mb21-baionnette-adaptateur-flexfit\/#primaryimage"},"thumbnailUrl":"https:\/\/waffentechnik-solingen.com\/wp-content\/uploads\/waffentechnik_mb21-bajonett_product_alt.png","datePublished":"2023-01-26T10:20:24+00:00","dateModified":"2023-08-01T13:53:39+00:00","description":"MB21 ba\u00efonnette & adaptateur flexfit \u25ba Flexibilit\u00e9 maximale \u2713 ultral\u00e9ger \u2713 syst\u00e8me de transport textile \u2713casse-verre \u2713 \u2794 En savoir plus maintenant !","breadcrumb":{"@id":"https:\/\/waffentechnik-solingen.com\/fr\/produkte\/mb21-baionnette-adaptateur-flexfit\/#breadcrumb"},"inLanguage":"fr-FR","potentialAction":[{"@type":"ReadAction","target":["https:\/\/waffentechnik-solingen.com\/fr\/produkte\/mb21-baionnette-adaptateur-flexfit\/"]}]},{"@type":"ImageObject","inLanguage":"fr-FR","@id":"https:\/\/waffentechnik-solingen.com\/fr\/produkte\/mb21-baionnette-adaptateur-flexfit\/#primaryimage","url":"https:\/\/waffentechnik-solingen.com\/wp-content\/uploads\/waffentechnik_mb21-bajonett_product_alt.png","contentUrl":"https:\/\/waffentechnik-solingen.com\/wp-content\/uploads\/waffentechnik_mb21-bajonett_product_alt.png","width":840,"height":325},{"@type":"BreadcrumbList","@id":"https:\/\/waffentechnik-solingen.com\/fr\/produkte\/mb21-baionnette-adaptateur-flexfit\/#breadcrumb","itemListElement":[{"@type":"ListItem","position":1,"name":"Startseite","item":"https:\/\/waffentechnik-solingen.com\/fr\/"},{"@type":"ListItem","position":2,"name":"MB21 Ba\u00efonnette &amp; Adaptateur Flexfit"}]},{"@type":"WebSite","@id":"https:\/\/waffentechnik-solingen.com\/fr\/#website","url":"https:\/\/waffentechnik-solingen.com\/fr\/","name":"Waffentechnik - Borkott &amp; Eickhorn","description":"","publisher":{"@id":"https:\/\/waffentechnik-solingen.com\/fr\/#organization"},"potentialAction":[{"@type":"SearchAction","target":{"@type":"EntryPoint","urlTemplate":"https:\/\/waffentechnik-solingen.com\/fr\/?s={search_term_string}"},"query-input":{"@type":"PropertyValueSpecification","valueRequired":true,"valueName":"search_term_string"}}],"inLanguage":"fr-FR"},{"@type":"Organization","@id":"https:\/\/waffentechnik-solingen.com\/fr\/#organization","name":"Waffentechnik - Borkott &amp; Eickhorn","url":"https:\/\/waffentechnik-solingen.com\/fr\/","logo":{"@type":"ImageObject","inLanguage":"fr-FR","@id":"https:\/\/waffentechnik-solingen.com\/fr\/#\/schema\/logo\/image\/","url":"https:\/\/waffentechnik-solingen.com\/wp-content\/uploads\/waffentechnik_logo.svg","contentUrl":"https:\/\/waffentechnik-solingen.com\/wp-content\/uploads\/waffentechnik_logo.svg","caption":"Waffentechnik - Borkott &amp; Eickhorn"},"image":{"@id":"https:\/\/waffentechnik-solingen.com\/fr\/#\/schema\/logo\/image\/"}}]}},"_links":{"self":[{"href":"https:\/\/waffentechnik-solingen.com\/fr\/wp-json\/wp\/v2\/product\/2376","targetHints":{"allow":["GET"]}}],"collection":[{"href":"https:\/\/waffentechnik-solingen.com\/fr\/wp-json\/wp\/v2\/product"}],"about":[{"href":"https:\/\/waffentechnik-solingen.com\/fr\/wp-json\/wp\/v2\/types\/product"}],"wp:featuredmedia":[{"embeddable":true,"href":"https:\/\/waffentechnik-solingen.com\/fr\/wp-json\/wp\/v2\/media\/1689"}],"wp:attachment":[{"href":"https:\/\/waffentechnik-solingen.com\/fr\/wp-json\/wp\/v2\/media?parent=2376"}],"wp:term":[{"taxonomy":"tax_produkte","embeddable":true,"href":"https:\/\/waffentechnik-solingen.com\/fr\/wp-json\/wp\/v2\/tax_produkte?post=2376"}],"curies":[{"name":"wp","href":"https:\/\/api.w.org\/{rel}","templated":true}]}}