{"id":2413,"date":"2023-01-26T10:14:16","date_gmt":"2023-01-26T09:14:16","guid":{"rendered":"https:\/\/waffentechnik-solingen.pixel-tal.de\/domaines-dapplication\/autorites-de-police\/"},"modified":"2023-08-01T15:45:22","modified_gmt":"2023-08-01T13:45:22","slug":"autorites-de-police","status":"publish","type":"page","link":"https:\/\/waffentechnik-solingen.com\/fr\/domaines-dapplication\/autorites-de-police\/","title":{"rendered":"Autorit\u00e9s de police"},"content":{"rendered":"        \r\n            <!-- hero -->\r\n        \r\n                    \r\n            <div id=\"hero-05f99e7901f42d61fdda1ad79d026e39\" class=\"hero\">\r\n\t\t\t\t<div class=\"hero-slider\">\t\t\t\t\n        \r\n            <!-- hero -->\r\n        \r\n                    \r\n            <div  class=\"hero-slide hero-slide-1c5b3761b4464a3cb2d01e3083880360 \">\r\n\r\n\t\t\t\t<div class=\"hero-canvas\">\r\n\t\t\t\t\t<div class=\"hero-content\">\r\n\t\t\t\t\t\t<span class=\"hero-headline headline\">\u00c9quipement pour les forces de l&rsquo;ordre<\/span>\t\t\t\t\t\t<span class=\"hero-subheadline subheadline\">S\u00e9curit\u00e9 nationale<\/span>\t\t\t\t\t\t\t\t\t\t\t<\/div>\r\n\t\t\t\t<\/div>\r\n\r\n\t\t\t\t\t\t\t\t\t<div class=\"hero-background\">\r\n\t\t\t\t\t\t<img decoding=\"async\" src=\"https:\/\/waffentechnik-solingen.com\/wp-content\/uploads\/waffentechnik_header_militaer.jpg\" \/>\r\n\t\t\t\t\t<\/div>\r\n\t\t\t\t\r\n\t\t\t<\/div>\r\n        \r\n                    \r\n            <!-- end:hero -->\r\n        \r\n            \n\r\n\t\t\t\t<\/div>\t\t\t<\/div>\r\n        \r\n                    \r\n            <!-- end:hero -->\r\n        \r\n            \n\n<section class=\"gb-container gb-container-49d8e713\"><div class=\"gb-inside-container\">\n<div class=\"gb-grid-wrapper gb-grid-wrapper-a1a8688d\">\n<div class=\"gb-grid-column gb-grid-column-bc19afb6\"><div class=\"gb-container gb-container-bc19afb6\"><div class=\"gb-inside-container\">\n\n<div class=\"wp-block-pixel-headline headlines is-subheadline-bottom has-text-align-left\"><h1 class=\"headline\" style=\"color:#000000\">\u00c9quipement pour les forces de l&rsquo;ordre<\/h1><span class=\"subheadline\" style=\"color:\">PARFAITEMENT ADAPT\u00c9 \u00c0 LA MISSION<\/span><\/div>\n\n\n\n<p>Pratique et confortable : avec nos produits bien pens\u00e9s pour les forces de l&rsquo;ordre, nous assurons la s\u00e9curit\u00e9 sur le terrain. Que ce soit pour l&rsquo;\u00e9tui pivotant pour pistolet, pour l&rsquo;\u00e9tui pivotant pour matraque ou pour le porte-magasin, seuls les meilleurs mat\u00e9riaux ont \u00e9t\u00e9 utilis\u00e9s et les produits ont ensuite \u00e9t\u00e9 test\u00e9s en continu afin de s&rsquo;assurer que les fonctionnaires peuvent compter sur eux.<\/p>\n\n<\/div><\/div><\/div>\n\n<div class=\"gb-grid-column gb-grid-column-d1baa5df\"><div class=\"gb-container gb-container-d1baa5df\"><div class=\"gb-inside-container\">\n\n<figure class=\"gb-block-image gb-block-image-adff637f\"><img loading=\"lazy\" decoding=\"async\" width=\"800\" height=\"480\" class=\"gb-image gb-image-adff637f\" src=\"https:\/\/waffentechnik-solingen.com\/wp-content\/uploads\/waffentechnik_ploizei_2.jpg\" alt=\"\" title=\"technique_des_armes_ploizei_2\" srcset=\"https:\/\/waffentechnik-solingen.com\/wp-content\/uploads\/waffentechnik_ploizei_2.jpg 800w, https:\/\/waffentechnik-solingen.com\/wp-content\/uploads\/waffentechnik_ploizei_2-300x180.jpg 300w, https:\/\/waffentechnik-solingen.com\/wp-content\/uploads\/waffentechnik_ploizei_2-768x461.jpg 768w\" sizes=\"auto, (max-width: 800px) 100vw, 800px\" \/><\/figure>\n\n<\/div><\/div><\/div>\n<\/div>\n<\/div><\/section>\n\n<section class=\"gb-container gb-container-ae72c47d section-bgc products-group\"><div class=\"gb-inside-container\">\n<div class=\"gb-container gb-container-25f209c4\"><div class=\"gb-inside-container\">\n\n<div class=\"wp-block-pixel-headline headlines is-subheadline-bottom has-text-align-left\"><h2 class=\"headline\" style=\"color:\">Moyens d&rsquo;intervention techniques<\/h2><\/div>\n\n<\/div><\/div>\n\n\n<div class=\"gb-grid-wrapper gb-grid-wrapper-e3795102 gb-query-loop-wrapper\">\n<div class=\"gb-grid-column gb-grid-column-5e3607db gb-query-loop-item post-2393 product type-product status-publish format-standard has-post-thumbnail hentry tax_produkte-technische-einsatzmittel-fr\"><div class=\"gb-container gb-container-5e3607db\"><div class=\"gb-inside-container\">\n<h2 class=\"gb-headline gb-headline-8d6e26b8 gb-headline-text\"><a href=\"https:\/\/waffentechnik-solingen.com\/fr\/produkte\/barre-detui-pivotante-pour-etui-de-pistolet\/\">Barre d&rsquo;\u00e9tui pivotante pour \u00e9tui de pistolet<\/a><\/h2>\n\n<figure class=\"gb-block-image gb-block-image-214de9ee\"><img loading=\"lazy\" decoding=\"async\" width=\"678\" height=\"591\" src=\"https:\/\/waffentechnik-solingen.com\/wp-content\/uploads\/waffentechnik_pistolenholster_product.png\" class=\"gb-image-214de9ee\" alt=\"\" srcset=\"https:\/\/waffentechnik-solingen.com\/wp-content\/uploads\/waffentechnik_pistolenholster_product.png 678w, https:\/\/waffentechnik-solingen.com\/wp-content\/uploads\/waffentechnik_pistolenholster_product-300x262.png 300w\" sizes=\"auto, (max-width: 678px) 100vw, 678px\" \/><\/figure>\n\n<div class=\"gb-headline gb-headline-68fcdfc6 gb-headline-text\">Passerelle tournante Holster pour la police en Rh\u00e9nanie-du-Nord-Westphalie. Cette conception permet de s&rsquo;asseoir sans probl\u00e8me dans des espaces restreints, comme par exemple dans une voiture de patrouille.<\/div>\n\n<div class=\"gb-button-wrapper gb-button-wrapper-8f4d4aa5\">\n<a class=\"gb-button gb-button-11a6a55b gb-button-text\" href=\"https:\/\/waffentechnik-solingen.com\/fr\/produkte\/barre-detui-pivotante-pour-etui-de-pistolet\/\">Vers le produit<\/a>\n<\/div>\n<\/div><\/div><\/div>\n\n<div class=\"gb-grid-column gb-grid-column-5e3607db gb-query-loop-item post-2382 product type-product status-publish format-standard has-post-thumbnail hentry tax_produkte-technische-einsatzmittel-fr\"><div class=\"gb-container gb-container-5e3607db\"><div class=\"gb-inside-container\">\n<h2 class=\"gb-headline gb-headline-8d6e26b8 gb-headline-text\"><a href=\"https:\/\/waffentechnik-solingen.com\/fr\/produkte\/etui-pivotant-pour-matraque\/\">\u00c9tui pivotant pour matraque<\/a><\/h2>\n\n<figure class=\"gb-block-image gb-block-image-214de9ee\"><img loading=\"lazy\" decoding=\"async\" width=\"649\" height=\"666\" src=\"https:\/\/waffentechnik-solingen.com\/wp-content\/uploads\/waffentechnik_schlagstockholster_product.png\" class=\"gb-image-214de9ee\" alt=\"\" srcset=\"https:\/\/waffentechnik-solingen.com\/wp-content\/uploads\/waffentechnik_schlagstockholster_product.png 649w, https:\/\/waffentechnik-solingen.com\/wp-content\/uploads\/waffentechnik_schlagstockholster_product-292x300.png 292w\" sizes=\"auto, (max-width: 649px) 100vw, 649px\" \/><\/figure>\n\n<div class=\"gb-headline gb-headline-68fcdfc6 gb-headline-text\">\u00c9tui pivotant pour matraque. Cette conception permet de s&rsquo;asseoir sans probl\u00e8me dans des espaces restreints.<\/div>\n\n<div class=\"gb-button-wrapper gb-button-wrapper-8f4d4aa5\">\n<a class=\"gb-button gb-button-11a6a55b gb-button-text\" href=\"https:\/\/waffentechnik-solingen.com\/fr\/produkte\/etui-pivotant-pour-matraque\/\">Vers le produit<\/a>\n<\/div>\n<\/div><\/div><\/div>\n\n<div class=\"gb-grid-column gb-grid-column-5e3607db gb-query-loop-item post-2373 product type-product status-publish format-standard has-post-thumbnail hentry tax_produkte-technische-einsatzmittel-fr\"><div class=\"gb-container gb-container-5e3607db\"><div class=\"gb-inside-container\">\n<h2 class=\"gb-headline gb-headline-8d6e26b8 gb-headline-text\"><a href=\"https:\/\/waffentechnik-solingen.com\/fr\/produkte\/porte-magasin-pour-mp5\/\">Porte-magasin MP5 double<\/a><\/h2>\n\n<figure class=\"gb-block-image gb-block-image-214de9ee\"><img loading=\"lazy\" decoding=\"async\" width=\"483\" height=\"594\" src=\"https:\/\/waffentechnik-solingen.com\/wp-content\/uploads\/waffentechnik_magazinhalter_product.png\" class=\"gb-image-214de9ee\" alt=\"\" srcset=\"https:\/\/waffentechnik-solingen.com\/wp-content\/uploads\/waffentechnik_magazinhalter_product.png 483w, https:\/\/waffentechnik-solingen.com\/wp-content\/uploads\/waffentechnik_magazinhalter_product-244x300.png 244w\" sizes=\"auto, (max-width: 483px) 100vw, 483px\" \/><\/figure>\n\n<div class=\"gb-headline gb-headline-68fcdfc6 gb-headline-text\">Ce porte-magasin a \u00e9t\u00e9 con\u00e7u pour la police de Rh\u00e9nanie-du-Nord-Westphalie. Actuellement, celui-ci est disponible pour les magazines pour MP5. Une adaptation \u00e0 d&rsquo;autres magazines est possible.<\/div>\n\n<div class=\"gb-button-wrapper gb-button-wrapper-8f4d4aa5\">\n<a class=\"gb-button gb-button-11a6a55b gb-button-text\" href=\"https:\/\/waffentechnik-solingen.com\/fr\/produkte\/porte-magasin-pour-mp5\/\">Vers le produit<\/a>\n<\/div>\n<\/div><\/div><\/div>\n<\/div>\n\n<\/div><\/section>","protected":false},"excerpt":{"rendered":"","protected":false},"author":1,"featured_media":0,"parent":2334,"menu_order":1,"comment_status":"closed","ping_status":"closed","template":"","meta":{"_acf_changed":false,"inline_featured_image":false,"footnotes":""},"class_list":["post-2413","page","type-page","status-publish"],"acf":[],"yoast_head":"<!-- This site is optimized with the Yoast SEO plugin v27.5 - https:\/\/yoast.com\/product\/yoast-seo-wordpress\/ -->\n<title>\u00c9quipement pour la police, les forces sp\u00e9ciales et la s\u00e9curit\u00e9 nationale<\/title>\n<meta name=\"description\" content=\"Optimal pour les urgences &amp; les sauvetages \u25ba Adapt\u00e9 \u00e0 toutes les situations : Lame \u00e0 crochet \u2713 Brise-vitre \u2713 Coupe-ceinture \u2713 \u2794 \u00c0 d\u00e9couvrir d\u00e8s maintenant !\" \/>\n<meta name=\"robots\" content=\"index, follow, max-snippet:-1, max-image-preview:large, max-video-preview:-1\" \/>\n<link rel=\"canonical\" href=\"https:\/\/waffentechnik-solingen.com\/fr\/domaines-dapplication\/autorites-de-police\/\" \/>\n<meta property=\"og:locale\" content=\"fr_FR\" \/>\n<meta property=\"og:type\" content=\"article\" \/>\n<meta property=\"og:title\" content=\"\u00c9quipement pour la police, les forces sp\u00e9ciales et la s\u00e9curit\u00e9 nationale\" \/>\n<meta property=\"og:description\" content=\"Optimal pour les urgences &amp; les sauvetages \u25ba Adapt\u00e9 \u00e0 toutes les situations : Lame \u00e0 crochet \u2713 Brise-vitre \u2713 Coupe-ceinture \u2713 \u2794 \u00c0 d\u00e9couvrir d\u00e8s maintenant !\" \/>\n<meta property=\"og:url\" content=\"https:\/\/waffentechnik-solingen.com\/fr\/domaines-dapplication\/autorites-de-police\/\" \/>\n<meta property=\"og:site_name\" content=\"Waffentechnik - Borkott &amp; Eickhorn\" \/>\n<meta property=\"article:modified_time\" content=\"2023-08-01T13:45:22+00:00\" \/>\n<meta property=\"og:image\" content=\"https:\/\/waffentechnik-solingen.com\/wp-content\/uploads\/waffentechnik_ploizei_2.jpg\" \/>\n<meta name=\"twitter:card\" content=\"summary_large_image\" \/>\n<meta name=\"twitter:label1\" content=\"Dur\u00e9e de lecture estim\u00e9e\" \/>\n\t<meta name=\"twitter:data1\" content=\"1 minute\" \/>\n<script type=\"application\/ld+json\" class=\"yoast-schema-graph\">{\"@context\":\"https:\\\/\\\/schema.org\",\"@graph\":[{\"@type\":\"WebPage\",\"@id\":\"https:\\\/\\\/waffentechnik-solingen.com\\\/fr\\\/domaines-dapplication\\\/autorites-de-police\\\/\",\"url\":\"https:\\\/\\\/waffentechnik-solingen.com\\\/fr\\\/domaines-dapplication\\\/autorites-de-police\\\/\",\"name\":\"\u00c9quipement pour la police, les forces sp\u00e9ciales et la s\u00e9curit\u00e9 nationale\",\"isPartOf\":{\"@id\":\"https:\\\/\\\/waffentechnik-solingen.com\\\/fr\\\/#website\"},\"primaryImageOfPage\":{\"@id\":\"https:\\\/\\\/waffentechnik-solingen.com\\\/fr\\\/domaines-dapplication\\\/autorites-de-police\\\/#primaryimage\"},\"image\":{\"@id\":\"https:\\\/\\\/waffentechnik-solingen.com\\\/fr\\\/domaines-dapplication\\\/autorites-de-police\\\/#primaryimage\"},\"thumbnailUrl\":\"https:\\\/\\\/waffentechnik-solingen.com\\\/wp-content\\\/uploads\\\/waffentechnik_ploizei_2.jpg\",\"datePublished\":\"2023-01-26T09:14:16+00:00\",\"dateModified\":\"2023-08-01T13:45:22+00:00\",\"description\":\"Optimal pour les urgences & les sauvetages \u25ba Adapt\u00e9 \u00e0 toutes les situations : Lame \u00e0 crochet \u2713 Brise-vitre \u2713 Coupe-ceinture \u2713 \u2794 \u00c0 d\u00e9couvrir d\u00e8s maintenant !\",\"breadcrumb\":{\"@id\":\"https:\\\/\\\/waffentechnik-solingen.com\\\/fr\\\/domaines-dapplication\\\/autorites-de-police\\\/#breadcrumb\"},\"inLanguage\":\"fr-FR\",\"potentialAction\":[{\"@type\":\"ReadAction\",\"target\":[\"https:\\\/\\\/waffentechnik-solingen.com\\\/fr\\\/domaines-dapplication\\\/autorites-de-police\\\/\"]}]},{\"@type\":\"ImageObject\",\"inLanguage\":\"fr-FR\",\"@id\":\"https:\\\/\\\/waffentechnik-solingen.com\\\/fr\\\/domaines-dapplication\\\/autorites-de-police\\\/#primaryimage\",\"url\":\"https:\\\/\\\/waffentechnik-solingen.com\\\/wp-content\\\/uploads\\\/waffentechnik_ploizei_2.jpg\",\"contentUrl\":\"https:\\\/\\\/waffentechnik-solingen.com\\\/wp-content\\\/uploads\\\/waffentechnik_ploizei_2.jpg\"},{\"@type\":\"BreadcrumbList\",\"@id\":\"https:\\\/\\\/waffentechnik-solingen.com\\\/fr\\\/domaines-dapplication\\\/autorites-de-police\\\/#breadcrumb\",\"itemListElement\":[{\"@type\":\"ListItem\",\"position\":1,\"name\":\"Startseite\",\"item\":\"https:\\\/\\\/waffentechnik-solingen.com\\\/fr\\\/\"},{\"@type\":\"ListItem\",\"position\":2,\"name\":\"Domaines d&#8217;application\",\"item\":\"https:\\\/\\\/waffentechnik-solingen.com\\\/fr\\\/domaines-dapplication\\\/\"},{\"@type\":\"ListItem\",\"position\":3,\"name\":\"Autorit\u00e9s de police\"}]},{\"@type\":\"WebSite\",\"@id\":\"https:\\\/\\\/waffentechnik-solingen.com\\\/fr\\\/#website\",\"url\":\"https:\\\/\\\/waffentechnik-solingen.com\\\/fr\\\/\",\"name\":\"Waffentechnik - Borkott &amp; Eickhorn\",\"description\":\"\",\"publisher\":{\"@id\":\"https:\\\/\\\/waffentechnik-solingen.com\\\/fr\\\/#organization\"},\"potentialAction\":[{\"@type\":\"SearchAction\",\"target\":{\"@type\":\"EntryPoint\",\"urlTemplate\":\"https:\\\/\\\/waffentechnik-solingen.com\\\/fr\\\/?s={search_term_string}\"},\"query-input\":{\"@type\":\"PropertyValueSpecification\",\"valueRequired\":true,\"valueName\":\"search_term_string\"}}],\"inLanguage\":\"fr-FR\"},{\"@type\":\"Organization\",\"@id\":\"https:\\\/\\\/waffentechnik-solingen.com\\\/fr\\\/#organization\",\"name\":\"Waffentechnik - Borkott &amp; Eickhorn\",\"url\":\"https:\\\/\\\/waffentechnik-solingen.com\\\/fr\\\/\",\"logo\":{\"@type\":\"ImageObject\",\"inLanguage\":\"fr-FR\",\"@id\":\"https:\\\/\\\/waffentechnik-solingen.com\\\/fr\\\/#\\\/schema\\\/logo\\\/image\\\/\",\"url\":\"https:\\\/\\\/waffentechnik-solingen.com\\\/wp-content\\\/uploads\\\/waffentechnik_logo.svg\",\"contentUrl\":\"https:\\\/\\\/waffentechnik-solingen.com\\\/wp-content\\\/uploads\\\/waffentechnik_logo.svg\",\"caption\":\"Waffentechnik - Borkott &amp; Eickhorn\"},\"image\":{\"@id\":\"https:\\\/\\\/waffentechnik-solingen.com\\\/fr\\\/#\\\/schema\\\/logo\\\/image\\\/\"}}]}<\/script>\n<!-- \/ Yoast SEO plugin. -->","yoast_head_json":{"title":"\u00c9quipement pour la police, les forces sp\u00e9ciales et la s\u00e9curit\u00e9 nationale","description":"Optimal pour les urgences & les sauvetages \u25ba Adapt\u00e9 \u00e0 toutes les situations : Lame \u00e0 crochet \u2713 Brise-vitre \u2713 Coupe-ceinture \u2713 \u2794 \u00c0 d\u00e9couvrir d\u00e8s maintenant !","robots":{"index":"index","follow":"follow","max-snippet":"max-snippet:-1","max-image-preview":"max-image-preview:large","max-video-preview":"max-video-preview:-1"},"canonical":"https:\/\/waffentechnik-solingen.com\/fr\/domaines-dapplication\/autorites-de-police\/","og_locale":"fr_FR","og_type":"article","og_title":"\u00c9quipement pour la police, les forces sp\u00e9ciales et la s\u00e9curit\u00e9 nationale","og_description":"Optimal pour les urgences & les sauvetages \u25ba Adapt\u00e9 \u00e0 toutes les situations : Lame \u00e0 crochet \u2713 Brise-vitre \u2713 Coupe-ceinture \u2713 \u2794 \u00c0 d\u00e9couvrir d\u00e8s maintenant !","og_url":"https:\/\/waffentechnik-solingen.com\/fr\/domaines-dapplication\/autorites-de-police\/","og_site_name":"Waffentechnik - Borkott &amp; Eickhorn","article_modified_time":"2023-08-01T13:45:22+00:00","og_image":[{"url":"https:\/\/waffentechnik-solingen.com\/wp-content\/uploads\/waffentechnik_ploizei_2.jpg","type":"","width":"","height":""}],"twitter_card":"summary_large_image","twitter_misc":{"Dur\u00e9e de lecture estim\u00e9e":"1 minute"},"schema":{"@context":"https:\/\/schema.org","@graph":[{"@type":"WebPage","@id":"https:\/\/waffentechnik-solingen.com\/fr\/domaines-dapplication\/autorites-de-police\/","url":"https:\/\/waffentechnik-solingen.com\/fr\/domaines-dapplication\/autorites-de-police\/","name":"\u00c9quipement pour la police, les forces sp\u00e9ciales et la s\u00e9curit\u00e9 nationale","isPartOf":{"@id":"https:\/\/waffentechnik-solingen.com\/fr\/#website"},"primaryImageOfPage":{"@id":"https:\/\/waffentechnik-solingen.com\/fr\/domaines-dapplication\/autorites-de-police\/#primaryimage"},"image":{"@id":"https:\/\/waffentechnik-solingen.com\/fr\/domaines-dapplication\/autorites-de-police\/#primaryimage"},"thumbnailUrl":"https:\/\/waffentechnik-solingen.com\/wp-content\/uploads\/waffentechnik_ploizei_2.jpg","datePublished":"2023-01-26T09:14:16+00:00","dateModified":"2023-08-01T13:45:22+00:00","description":"Optimal pour les urgences & les sauvetages \u25ba Adapt\u00e9 \u00e0 toutes les situations : Lame \u00e0 crochet \u2713 Brise-vitre \u2713 Coupe-ceinture \u2713 \u2794 \u00c0 d\u00e9couvrir d\u00e8s maintenant !","breadcrumb":{"@id":"https:\/\/waffentechnik-solingen.com\/fr\/domaines-dapplication\/autorites-de-police\/#breadcrumb"},"inLanguage":"fr-FR","potentialAction":[{"@type":"ReadAction","target":["https:\/\/waffentechnik-solingen.com\/fr\/domaines-dapplication\/autorites-de-police\/"]}]},{"@type":"ImageObject","inLanguage":"fr-FR","@id":"https:\/\/waffentechnik-solingen.com\/fr\/domaines-dapplication\/autorites-de-police\/#primaryimage","url":"https:\/\/waffentechnik-solingen.com\/wp-content\/uploads\/waffentechnik_ploizei_2.jpg","contentUrl":"https:\/\/waffentechnik-solingen.com\/wp-content\/uploads\/waffentechnik_ploizei_2.jpg"},{"@type":"BreadcrumbList","@id":"https:\/\/waffentechnik-solingen.com\/fr\/domaines-dapplication\/autorites-de-police\/#breadcrumb","itemListElement":[{"@type":"ListItem","position":1,"name":"Startseite","item":"https:\/\/waffentechnik-solingen.com\/fr\/"},{"@type":"ListItem","position":2,"name":"Domaines d&#8217;application","item":"https:\/\/waffentechnik-solingen.com\/fr\/domaines-dapplication\/"},{"@type":"ListItem","position":3,"name":"Autorit\u00e9s de police"}]},{"@type":"WebSite","@id":"https:\/\/waffentechnik-solingen.com\/fr\/#website","url":"https:\/\/waffentechnik-solingen.com\/fr\/","name":"Waffentechnik - Borkott &amp; Eickhorn","description":"","publisher":{"@id":"https:\/\/waffentechnik-solingen.com\/fr\/#organization"},"potentialAction":[{"@type":"SearchAction","target":{"@type":"EntryPoint","urlTemplate":"https:\/\/waffentechnik-solingen.com\/fr\/?s={search_term_string}"},"query-input":{"@type":"PropertyValueSpecification","valueRequired":true,"valueName":"search_term_string"}}],"inLanguage":"fr-FR"},{"@type":"Organization","@id":"https:\/\/waffentechnik-solingen.com\/fr\/#organization","name":"Waffentechnik - Borkott &amp; Eickhorn","url":"https:\/\/waffentechnik-solingen.com\/fr\/","logo":{"@type":"ImageObject","inLanguage":"fr-FR","@id":"https:\/\/waffentechnik-solingen.com\/fr\/#\/schema\/logo\/image\/","url":"https:\/\/waffentechnik-solingen.com\/wp-content\/uploads\/waffentechnik_logo.svg","contentUrl":"https:\/\/waffentechnik-solingen.com\/wp-content\/uploads\/waffentechnik_logo.svg","caption":"Waffentechnik - Borkott &amp; Eickhorn"},"image":{"@id":"https:\/\/waffentechnik-solingen.com\/fr\/#\/schema\/logo\/image\/"}}]}},"_links":{"self":[{"href":"https:\/\/waffentechnik-solingen.com\/fr\/wp-json\/wp\/v2\/pages\/2413","targetHints":{"allow":["GET"]}}],"collection":[{"href":"https:\/\/waffentechnik-solingen.com\/fr\/wp-json\/wp\/v2\/pages"}],"about":[{"href":"https:\/\/waffentechnik-solingen.com\/fr\/wp-json\/wp\/v2\/types\/page"}],"author":[{"embeddable":true,"href":"https:\/\/waffentechnik-solingen.com\/fr\/wp-json\/wp\/v2\/users\/1"}],"replies":[{"embeddable":true,"href":"https:\/\/waffentechnik-solingen.com\/fr\/wp-json\/wp\/v2\/comments?post=2413"}],"version-history":[{"count":2,"href":"https:\/\/waffentechnik-solingen.com\/fr\/wp-json\/wp\/v2\/pages\/2413\/revisions"}],"predecessor-version":[{"id":2635,"href":"https:\/\/waffentechnik-solingen.com\/fr\/wp-json\/wp\/v2\/pages\/2413\/revisions\/2635"}],"up":[{"embeddable":true,"href":"https:\/\/waffentechnik-solingen.com\/fr\/wp-json\/wp\/v2\/pages\/2334"}],"wp:attachment":[{"href":"https:\/\/waffentechnik-solingen.com\/fr\/wp-json\/wp\/v2\/media?parent=2413"}],"curies":[{"name":"wp","href":"https:\/\/api.w.org\/{rel}","templated":true}]}}