{"id":2358,"date":"2023-01-13T15:31:14","date_gmt":"2023-01-13T14:31:14","guid":{"rendered":"https:\/\/waffentechnik-solingen.pixel-tal.de\/couteau-de-combat\/"},"modified":"2025-06-30T09:49:39","modified_gmt":"2025-06-30T07:49:39","slug":"couteau-de-combat","status":"publish","type":"page","link":"https:\/\/waffentechnik-solingen.com\/fr\/couteau-de-combat\/","title":{"rendered":"Couteaux de combat"},"content":{"rendered":"        \r\n            <!-- hero -->\r\n        \r\n                    \r\n            <div id=\"hero-0cb0e054d7a74fe55829547ba7cc7327\" class=\"hero\">\r\n\t\t\t\t<div class=\"hero-slider\">\t\t\t\t\n        \r\n            <!-- hero -->\r\n        \r\n                    \r\n            <div  class=\"hero-slide hero-slide-e84c0ef60739287eb9009dfa34a92343 \">\r\n\r\n\t\t\t\t<div class=\"hero-canvas\">\r\n\t\t\t\t\t<div class=\"hero-content\">\r\n\t\t\t\t\t\t<span class=\"hero-headline headline\">COUTEAUX DE COMBAT<\/span>\t\t\t\t\t\t<span class=\"hero-subheadline subheadline\">Flexibilit\u00e9 maximale<\/span>\t\t\t\t\t\t\t\t\t\t\t<\/div>\r\n\t\t\t\t<\/div>\r\n\r\n\t\t\t\t\t\t\t\t\t<div class=\"hero-background\">\r\n\t\t\t\t\t\t<img decoding=\"async\" src=\"https:\/\/waffentechnik-solingen.com\/wp-content\/uploads\/waffentechnik_header_kampfmesser.jpg\" \/>\r\n\t\t\t\t\t<\/div>\r\n\t\t\t\t\r\n\t\t\t<\/div>\r\n        \r\n                    \r\n            <!-- end:hero -->\r\n        \r\n            \n\r\n\t\t\t\t<\/div>\t\t\t<\/div>\r\n        \r\n                    \r\n            <!-- end:hero -->\r\n        \r\n            \n\n<section class=\"gb-container gb-container-966d483a section-bgi-right\"><div class=\"gb-inside-container\">\n<div class=\"gb-grid-wrapper gb-grid-wrapper-e2468845\">\n<div class=\"gb-grid-column gb-grid-column-424972ae\"><div class=\"gb-container gb-container-424972ae\"><div class=\"gb-inside-container\">\n\n<div class=\"wp-block-pixel-headline headlines is-subheadline-bottom has-text-align-left\"><h1 class=\"headline\" style=\"color:#1f1f1f\">Couteaux de combat militaires<\/h1><span class=\"subheadline\" style=\"color:\">pour les forces militaires<\/span><\/div>\n\n\n\n<p>Qu&rsquo;il s&rsquo;agisse d&rsquo;une arme ou d&rsquo;un outil utilis\u00e9 dans la pratique, on peut toujours compter sur nos couteaux de combat solides et hautement fonctionnels.<\/p>\n\n\n\n<ul class=\"wp-block-list list-plus\">\n<li>KM2K-TANTO<\/li>\n\n\n\n<li>KM2K-DAGGER<\/li>\n\n\n\n<li>BUDDY 1<\/li>\n\n\n\n<li>BUDDY 2<\/li>\n<\/ul>\n\n<\/div><\/div><\/div>\n\n<div class=\"gb-grid-column gb-grid-column-8d3445af\"><div class=\"gb-container gb-container-8d3445af tablet-only\"><div class=\"gb-inside-container\">\n\n<figure class=\"gb-block-image gb-block-image-d30c56e1\"><img loading=\"lazy\" decoding=\"async\" width=\"1318\" height=\"1059\" class=\"gb-image gb-image-d30c56e1\" src=\"https:\/\/waffentechnik-solingen.com\/wp-content\/uploads\/waffentechnik_background_kampfmesser.png\" alt=\"\" title=\"technique_des_armes_background_couteaux_de_combat\" srcset=\"https:\/\/waffentechnik-solingen.com\/wp-content\/uploads\/waffentechnik_background_kampfmesser.png 1318w, https:\/\/waffentechnik-solingen.com\/wp-content\/uploads\/waffentechnik_background_kampfmesser-300x241.png 300w, https:\/\/waffentechnik-solingen.com\/wp-content\/uploads\/waffentechnik_background_kampfmesser-1024x823.png 1024w, https:\/\/waffentechnik-solingen.com\/wp-content\/uploads\/waffentechnik_background_kampfmesser-768x617.png 768w\" sizes=\"auto, (max-width: 1318px) 100vw, 1318px\" \/><\/figure>\n\n<\/div><\/div><\/div>\n<\/div>\n<\/div><\/section>\n\n<section class=\"gb-container gb-container-7470ad00 section-bgc products-group image-element\"><div class=\"gb-inside-container\">\n<div class=\"gb-container gb-container-0af83f3b\"><div class=\"gb-inside-container\">\n\n<div class=\"wp-block-pixel-headline headlines is-subheadline-bottom has-text-align-left\"><h2 class=\"headline\" style=\"color:\">NOTRE S\u00c9LECTION<\/h2><span class=\"subheadline\" style=\"color:\">PROBL\u00c8ME DE CAMPAGNE<\/span><\/div>\n\n<\/div><\/div>\n\n<div class=\"gb-container gb-container-66bb54f0\"><div class=\"gb-inside-container\">\n\n<div class=\"gb-grid-wrapper gb-grid-wrapper-7f3a49f5 gb-query-loop-wrapper\">\n<div class=\"gb-grid-column gb-grid-column-dcf02ec6 gb-query-loop-item post-3038 product type-product status-publish format-standard has-post-thumbnail hentry tax_produkte-kampfmesser-fr\"><div class=\"gb-container gb-container-dcf02ec6\"><div class=\"gb-inside-container\">\n<h2 class=\"gb-headline gb-headline-a882d6fa gb-headline-text\"><a href=\"https:\/\/waffentechnik-solingen.com\/fr\/produkte\/couteau-de-combat-marinir\/\">Couteau de combat Marinir<\/a><\/h2>\n\n<figure class=\"gb-block-image gb-block-image-c1c04e30\"><img loading=\"lazy\" decoding=\"async\" width=\"1680\" height=\"401\" src=\"https:\/\/waffentechnik-solingen.com\/wp-content\/uploads\/250623_marinir_freigestellt.png\" class=\"gb-image-c1c04e30\" alt=\"\" srcset=\"https:\/\/waffentechnik-solingen.com\/wp-content\/uploads\/250623_marinir_freigestellt.png 1680w, https:\/\/waffentechnik-solingen.com\/wp-content\/uploads\/250623_marinir_freigestellt-300x72.png 300w, https:\/\/waffentechnik-solingen.com\/wp-content\/uploads\/250623_marinir_freigestellt-1024x244.png 1024w, https:\/\/waffentechnik-solingen.com\/wp-content\/uploads\/250623_marinir_freigestellt-768x183.png 768w, https:\/\/waffentechnik-solingen.com\/wp-content\/uploads\/250623_marinir_freigestellt-1536x367.png 1536w\" sizes=\"auto, (max-width: 1680px) 100vw, 1680px\" \/><\/figure>\n\n<div class=\"gb-headline gb-headline-3224648b gb-headline-text\">Longueur du couteau env. 300 mm, longueur de la lame env. 175 mm, poids total env. 430 g, avec lame de haute qualit\u00e9, tranchant ondul\u00e9, brise-vitre et bien plus encore.<\/div>\n\n<div class=\"gb-button-wrapper gb-button-wrapper-26740a16\">\n<a class=\"gb-button gb-button-82ed7ba2 gb-button-text\" href=\"https:\/\/waffentechnik-solingen.com\/fr\/produkte\/couteau-de-combat-marinir\/\">Vers le produit<\/a>\n<\/div>\n<\/div><\/div><\/div>\n\n<div class=\"gb-grid-column gb-grid-column-dcf02ec6 gb-query-loop-item post-2368 product type-product status-publish format-standard has-post-thumbnail hentry tax_produkte-kampfmesser-fr\"><div class=\"gb-container gb-container-dcf02ec6\"><div class=\"gb-inside-container\">\n<h2 class=\"gb-headline gb-headline-a882d6fa gb-headline-text\"><a href=\"https:\/\/waffentechnik-solingen.com\/fr\/produkte\/km2k-tanto-couteau-de-combat\/\">KM2K-TANTO Couteau de combat<\/a><\/h2>\n\n<figure class=\"gb-block-image gb-block-image-c1c04e30\"><img loading=\"lazy\" decoding=\"async\" width=\"691\" height=\"202\" src=\"https:\/\/waffentechnik-solingen.com\/wp-content\/uploads\/waffentechnik_kmk2-tanto_product.png\" class=\"gb-image-c1c04e30\" alt=\"\" srcset=\"https:\/\/waffentechnik-solingen.com\/wp-content\/uploads\/waffentechnik_kmk2-tanto_product.png 691w, https:\/\/waffentechnik-solingen.com\/wp-content\/uploads\/waffentechnik_kmk2-tanto_product-300x88.png 300w\" sizes=\"auto, (max-width: 691px) 100vw, 691px\" \/><\/figure>\n\n<div class=\"gb-headline gb-headline-3224648b gb-headline-text\">Le couteau de combat de la Bundeswehr Infanterie ! Longueur du couteau env. 303 mm, longueur de la lame env. 172 mm, poids total env. 500 g, avec lame tanto et casse-disque.<\/div>\n\n<div class=\"gb-button-wrapper gb-button-wrapper-26740a16\">\n<a class=\"gb-button gb-button-82ed7ba2 gb-button-text\" href=\"https:\/\/waffentechnik-solingen.com\/fr\/produkte\/km2k-tanto-couteau-de-combat\/\">Vers le produit<\/a>\n<\/div>\n<\/div><\/div><\/div>\n\n<div class=\"gb-grid-column gb-grid-column-dcf02ec6 gb-query-loop-item post-2390 product type-product status-publish format-standard has-post-thumbnail hentry tax_produkte-kampfmesser-fr\"><div class=\"gb-container gb-container-dcf02ec6\"><div class=\"gb-inside-container\">\n<h2 class=\"gb-headline gb-headline-a882d6fa gb-headline-text\"><a href=\"https:\/\/waffentechnik-solingen.com\/fr\/produkte\/km2k-dagger-couteau-de-combat\/\">KM2K-DAGGER Couteau de combat<\/a><\/h2>\n\n<figure class=\"gb-block-image gb-block-image-c1c04e30\"><img loading=\"lazy\" decoding=\"async\" width=\"707\" height=\"206\" src=\"https:\/\/waffentechnik-solingen.com\/wp-content\/uploads\/waffentechnik_kmk2-dagger_product.png\" class=\"gb-image-c1c04e30\" alt=\"\" srcset=\"https:\/\/waffentechnik-solingen.com\/wp-content\/uploads\/waffentechnik_kmk2-dagger_product.png 707w, https:\/\/waffentechnik-solingen.com\/wp-content\/uploads\/waffentechnik_kmk2-dagger_product-300x87.png 300w\" sizes=\"auto, (max-width: 707px) 100vw, 707px\" \/><\/figure>\n\n<div class=\"gb-headline gb-headline-3224648b gb-headline-text\">Longueur du couteau env. 303 mm, longueur de la lame env. 172 mm, poids total env. 480 g, avec lame de poignard solide, \u0153illet pour la ficelle de capture, 1\/2 tranchant ondul\u00e9 et bien plus encore.<\/div>\n\n<div class=\"gb-button-wrapper gb-button-wrapper-26740a16\">\n<a class=\"gb-button gb-button-82ed7ba2 gb-button-text\" href=\"https:\/\/waffentechnik-solingen.com\/fr\/produkte\/km2k-dagger-couteau-de-combat\/\">Vers le produit<\/a>\n<\/div>\n<\/div><\/div><\/div>\n\n<div class=\"gb-grid-column gb-grid-column-dcf02ec6 gb-query-loop-item post-2377 product type-product status-publish format-standard has-post-thumbnail hentry tax_produkte-kampfmesser-fr\"><div class=\"gb-container gb-container-dcf02ec6\"><div class=\"gb-inside-container\">\n<h2 class=\"gb-headline gb-headline-a882d6fa gb-headline-text\"><a href=\"https:\/\/waffentechnik-solingen.com\/fr\/produkte\/buddy-1-couteau-de-combat\/\">BUDDY 1 Couteau de combat<\/a><\/h2>\n\n<figure class=\"gb-block-image gb-block-image-c1c04e30\"><img loading=\"lazy\" decoding=\"async\" width=\"855\" height=\"208\" src=\"https:\/\/waffentechnik-solingen.com\/wp-content\/uploads\/waffentechnik_buddy1_product.png\" class=\"gb-image-c1c04e30\" alt=\"\" srcset=\"https:\/\/waffentechnik-solingen.com\/wp-content\/uploads\/waffentechnik_buddy1_product.png 855w, https:\/\/waffentechnik-solingen.com\/wp-content\/uploads\/waffentechnik_buddy1_product-300x73.png 300w, https:\/\/waffentechnik-solingen.com\/wp-content\/uploads\/waffentechnik_buddy1_product-768x187.png 768w\" sizes=\"auto, (max-width: 855px) 100vw, 855px\" \/><\/figure>\n\n<div class=\"gb-headline gb-headline-3224648b gb-headline-text\">Longueur du couteau env. 230 mm, longueur de la lame env. 100 mm, poids total env. 290 g, avec lame en acier de haute qualit\u00e9, manche ergonomique, en deux couleurs et bien plus encore.<\/div>\n\n<div class=\"gb-button-wrapper gb-button-wrapper-26740a16\">\n<a class=\"gb-button gb-button-82ed7ba2 gb-button-text\" href=\"https:\/\/waffentechnik-solingen.com\/fr\/produkte\/buddy-1-couteau-de-combat\/\">Vers le produit<\/a>\n<\/div>\n<\/div><\/div><\/div>\n\n<div class=\"gb-grid-column gb-grid-column-dcf02ec6 gb-query-loop-item post-2392 product type-product status-publish format-standard has-post-thumbnail hentry tax_produkte-kampfmesser-fr\"><div class=\"gb-container gb-container-dcf02ec6\"><div class=\"gb-inside-container\">\n<h2 class=\"gb-headline gb-headline-a882d6fa gb-headline-text\"><a href=\"https:\/\/waffentechnik-solingen.com\/fr\/produkte\/buddy-2-couteau-de-combat\/\">BUDDY 2 Couteau de combat<\/a><\/h2>\n\n<figure class=\"gb-block-image gb-block-image-c1c04e30\"><img loading=\"lazy\" decoding=\"async\" width=\"752\" height=\"159\" src=\"https:\/\/waffentechnik-solingen.com\/wp-content\/uploads\/waffentechnik_buddy2_product.png\" class=\"gb-image-c1c04e30\" alt=\"\" srcset=\"https:\/\/waffentechnik-solingen.com\/wp-content\/uploads\/waffentechnik_buddy2_product.png 752w, https:\/\/waffentechnik-solingen.com\/wp-content\/uploads\/waffentechnik_buddy2_product-300x63.png 300w\" sizes=\"auto, (max-width: 752px) 100vw, 752px\" \/><\/figure>\n\n<div class=\"gb-headline gb-headline-3224648b gb-headline-text\">Longueur du couteau env. 230 mm, longueur de la lame env. 172 mm, poids total env. 246 g, avec une lame en acier tr\u00e8s robuste, un manche ergonomique et bien plus encore.<\/div>\n\n<div class=\"gb-button-wrapper gb-button-wrapper-26740a16\">\n<a class=\"gb-button gb-button-82ed7ba2 gb-button-text\" href=\"https:\/\/waffentechnik-solingen.com\/fr\/produkte\/buddy-2-couteau-de-combat\/\">Vers le produit<\/a>\n<\/div>\n<\/div><\/div><\/div>\n\n<div class=\"gb-grid-column gb-grid-column-dcf02ec6 gb-query-loop-item post-3035 product type-product status-publish format-standard has-post-thumbnail hentry tax_produkte-kampfmesser-fr tax_produkte-musterbilder-fr\"><div class=\"gb-container gb-container-dcf02ec6\"><div class=\"gb-inside-container\">\n<h2 class=\"gb-headline gb-headline-a882d6fa gb-headline-text\"><a href=\"https:\/\/waffentechnik-solingen.com\/fr\/produkte\/k-image\/\">Musterbild Kampfmesser<\/a><\/h2>\n\n<figure class=\"gb-block-image gb-block-image-c1c04e30\"><img loading=\"lazy\" decoding=\"async\" width=\"520\" height=\"520\" src=\"https:\/\/waffentechnik-solingen.com\/wp-content\/uploads\/kampfmesser_bild_uebersicht.jpg\" class=\"gb-image-c1c04e30\" alt=\"\" srcset=\"https:\/\/waffentechnik-solingen.com\/wp-content\/uploads\/kampfmesser_bild_uebersicht.jpg 520w, https:\/\/waffentechnik-solingen.com\/wp-content\/uploads\/kampfmesser_bild_uebersicht-300x300.jpg 300w, https:\/\/waffentechnik-solingen.com\/wp-content\/uploads\/kampfmesser_bild_uebersicht-150x150.jpg 150w\" sizes=\"auto, (max-width: 520px) 100vw, 520px\" \/><\/figure>\n\n\n\n<div class=\"gb-button-wrapper gb-button-wrapper-26740a16\">\n<a class=\"gb-button gb-button-82ed7ba2 gb-button-text\" href=\"https:\/\/waffentechnik-solingen.com\/fr\/produkte\/k-image\/\">Vers le produit<\/a>\n<\/div>\n<\/div><\/div><\/div>\n<\/div>\n\n<\/div><\/div>\n<\/div><\/section>\n\n<section class=\"gb-container gb-container-49d8e713\"><div class=\"gb-inside-container\">\n<div class=\"gb-grid-wrapper gb-grid-wrapper-a1a8688d\">\n<div class=\"gb-grid-column gb-grid-column-28936e76\"><div class=\"gb-container gb-container-28936e76\"><div class=\"gb-inside-container\">\n\n<p>Les produits pr\u00e9sent\u00e9s ne sont qu&rsquo;une partie de notre gamme de produits. Nous serions heureux de personnaliser le produit et de l&rsquo;adapter \u00e0 vos besoins. Veuillez nous contacter pour un projet.<\/p>\n\n\n\n<p>Nous sommes \u00e9galement heureux de d\u00e9velopper avec vous des produits enti\u00e8rement nouveaux. Cela est \u00e9galement possible pour les petites quantit\u00e9s, \u00e0 partir de 100 pi\u00e8ces, et s&rsquo;applique aussi bien \u00e0 notre offre d&rsquo;armes blanches qu&rsquo;aux produits sp\u00e9cifiques \u00e0 l&rsquo;utilisation dans le domaine de la police et de l&rsquo;arm\u00e9e.<\/p>\n\n<\/div><\/div><\/div>\n\n<div class=\"gb-grid-column gb-grid-column-9814e9da\"><div class=\"gb-container gb-container-9814e9da\"><div class=\"gb-inside-container\">\n\n<p>Vous trouverez par exemple sur notre site web la barrette Holster pivotante, le porte-magasin MP5, la ba\u00efonnette B3K-BW ou le couteau de combat Marinirs.<\/p>\n\n<\/div><\/div><\/div>\n<\/div>\n<\/div><\/section>\n\n<section class=\"gb-container gb-container-6c7c7363 section-bgi-full\"><div class=\"gb-inside-container\">\n<div class=\"gb-container gb-container-434aaf0c box-info\"><div class=\"gb-inside-container\">\n<div class=\"gb-grid-wrapper gb-grid-wrapper-5f18eee5\">\n<div class=\"gb-grid-column gb-grid-column-712c82b9\"><div class=\"gb-container gb-container-712c82b9\"><div class=\"gb-inside-container\">\n\n<div class=\"wp-block-pixel-headline headlines is-subheadline-bottom has-text-align-left\"><h2 class=\"headline is-h2\" style=\"color:\">une performance maximale<br>gr\u00e2ce au meilleur travail artisanal<\/h2><span class=\"subheadline\" style=\"color:\">Nous promettons<\/span><\/div>\n\n<\/div><\/div><\/div>\n\n<div class=\"gb-grid-column gb-grid-column-71619819\"><div class=\"gb-container gb-container-71619819\"><div class=\"gb-inside-container\">\n<div class=\"gb-button-wrapper gb-button-wrapper-c579ff36\">\n\n<a class=\"gb-button gb-button-05a6324f gb-button-text\" href=\"https:\/\/waffentechnik-solingen.com\/fr\/a-propos-de-nous\/\">En savoir plus<\/a>\n\n<\/div>\n<\/div><\/div><\/div>\n<\/div>\n<\/div><\/div>\n<\/div><\/section>","protected":false},"excerpt":{"rendered":"","protected":false},"author":1,"featured_media":0,"parent":0,"menu_order":3,"comment_status":"closed","ping_status":"closed","template":"","meta":{"_acf_changed":false,"inline_featured_image":false,"footnotes":""},"class_list":["post-2358","page","type-page","status-publish"],"acf":[],"yoast_head":"<!-- This site is optimized with the Yoast SEO plugin v27.3 - https:\/\/yoast.com\/product\/yoast-seo-wordpress\/ -->\n<title>Fabricant de couteaux de combat militaires pour les op\u00e9rations tactiques et de terrain<\/title>\n<meta name=\"description\" content=\"Couteaux de combat robustes pour les militaires et les forces arm\u00e9es \u25ba Conviennent pour : Bundeswehr \u2713 OTAN \u2713 Marine \u2713 Milices \u2713 \u2794 En savoir plus maintenant !\" \/>\n<meta name=\"robots\" content=\"index, follow, max-snippet:-1, max-image-preview:large, max-video-preview:-1\" \/>\n<link rel=\"canonical\" href=\"https:\/\/waffentechnik-solingen.com\/fr\/couteau-de-combat\/\" \/>\n<meta property=\"og:locale\" content=\"fr_FR\" \/>\n<meta property=\"og:type\" content=\"article\" \/>\n<meta property=\"og:title\" content=\"Fabricant de couteaux de combat militaires pour les op\u00e9rations tactiques et de terrain\" \/>\n<meta property=\"og:description\" content=\"Couteaux de combat robustes pour les militaires et les forces arm\u00e9es \u25ba Conviennent pour : Bundeswehr \u2713 OTAN \u2713 Marine \u2713 Milices \u2713 \u2794 En savoir plus maintenant !\" \/>\n<meta property=\"og:url\" content=\"https:\/\/waffentechnik-solingen.com\/fr\/couteau-de-combat\/\" \/>\n<meta property=\"og:site_name\" content=\"Waffentechnik - Borkott &amp; Eickhorn\" \/>\n<meta property=\"article:modified_time\" content=\"2025-06-30T07:49:39+00:00\" \/>\n<meta property=\"og:image\" content=\"https:\/\/waffentechnik-solingen.com\/wp-content\/uploads\/waffentechnik_background_kampfmesser.png\" \/>\n<meta name=\"twitter:card\" content=\"summary_large_image\" \/>\n<meta name=\"twitter:label1\" content=\"Dur\u00e9e de lecture estim\u00e9e\" \/>\n\t<meta name=\"twitter:data1\" content=\"1 minute\" \/>\n<script type=\"application\/ld+json\" class=\"yoast-schema-graph\">{\"@context\":\"https:\\\/\\\/schema.org\",\"@graph\":[{\"@type\":\"WebPage\",\"@id\":\"https:\\\/\\\/waffentechnik-solingen.com\\\/fr\\\/couteau-de-combat\\\/\",\"url\":\"https:\\\/\\\/waffentechnik-solingen.com\\\/fr\\\/couteau-de-combat\\\/\",\"name\":\"Fabricant de couteaux de combat militaires pour les op\u00e9rations tactiques et de terrain\",\"isPartOf\":{\"@id\":\"https:\\\/\\\/waffentechnik-solingen.com\\\/fr\\\/#website\"},\"primaryImageOfPage\":{\"@id\":\"https:\\\/\\\/waffentechnik-solingen.com\\\/fr\\\/couteau-de-combat\\\/#primaryimage\"},\"image\":{\"@id\":\"https:\\\/\\\/waffentechnik-solingen.com\\\/fr\\\/couteau-de-combat\\\/#primaryimage\"},\"thumbnailUrl\":\"https:\\\/\\\/waffentechnik-solingen.com\\\/wp-content\\\/uploads\\\/waffentechnik_background_kampfmesser.png\",\"datePublished\":\"2023-01-13T14:31:14+00:00\",\"dateModified\":\"2025-06-30T07:49:39+00:00\",\"description\":\"Couteaux de combat robustes pour les militaires et les forces arm\u00e9es \u25ba Conviennent pour : Bundeswehr \u2713 OTAN \u2713 Marine \u2713 Milices \u2713 \u2794 En savoir plus maintenant !\",\"breadcrumb\":{\"@id\":\"https:\\\/\\\/waffentechnik-solingen.com\\\/fr\\\/couteau-de-combat\\\/#breadcrumb\"},\"inLanguage\":\"fr-FR\",\"potentialAction\":[{\"@type\":\"ReadAction\",\"target\":[\"https:\\\/\\\/waffentechnik-solingen.com\\\/fr\\\/couteau-de-combat\\\/\"]}]},{\"@type\":\"ImageObject\",\"inLanguage\":\"fr-FR\",\"@id\":\"https:\\\/\\\/waffentechnik-solingen.com\\\/fr\\\/couteau-de-combat\\\/#primaryimage\",\"url\":\"https:\\\/\\\/waffentechnik-solingen.com\\\/wp-content\\\/uploads\\\/waffentechnik_background_kampfmesser.png\",\"contentUrl\":\"https:\\\/\\\/waffentechnik-solingen.com\\\/wp-content\\\/uploads\\\/waffentechnik_background_kampfmesser.png\"},{\"@type\":\"BreadcrumbList\",\"@id\":\"https:\\\/\\\/waffentechnik-solingen.com\\\/fr\\\/couteau-de-combat\\\/#breadcrumb\",\"itemListElement\":[{\"@type\":\"ListItem\",\"position\":1,\"name\":\"Startseite\",\"item\":\"https:\\\/\\\/waffentechnik-solingen.com\\\/fr\\\/\"},{\"@type\":\"ListItem\",\"position\":2,\"name\":\"Couteaux de combat\"}]},{\"@type\":\"WebSite\",\"@id\":\"https:\\\/\\\/waffentechnik-solingen.com\\\/fr\\\/#website\",\"url\":\"https:\\\/\\\/waffentechnik-solingen.com\\\/fr\\\/\",\"name\":\"Waffentechnik - Borkott &amp; Eickhorn\",\"description\":\"\",\"publisher\":{\"@id\":\"https:\\\/\\\/waffentechnik-solingen.com\\\/fr\\\/#organization\"},\"potentialAction\":[{\"@type\":\"SearchAction\",\"target\":{\"@type\":\"EntryPoint\",\"urlTemplate\":\"https:\\\/\\\/waffentechnik-solingen.com\\\/fr\\\/?s={search_term_string}\"},\"query-input\":{\"@type\":\"PropertyValueSpecification\",\"valueRequired\":true,\"valueName\":\"search_term_string\"}}],\"inLanguage\":\"fr-FR\"},{\"@type\":\"Organization\",\"@id\":\"https:\\\/\\\/waffentechnik-solingen.com\\\/fr\\\/#organization\",\"name\":\"Waffentechnik - Borkott &amp; Eickhorn\",\"url\":\"https:\\\/\\\/waffentechnik-solingen.com\\\/fr\\\/\",\"logo\":{\"@type\":\"ImageObject\",\"inLanguage\":\"fr-FR\",\"@id\":\"https:\\\/\\\/waffentechnik-solingen.com\\\/fr\\\/#\\\/schema\\\/logo\\\/image\\\/\",\"url\":\"https:\\\/\\\/waffentechnik-solingen.com\\\/wp-content\\\/uploads\\\/waffentechnik_logo.svg\",\"contentUrl\":\"https:\\\/\\\/waffentechnik-solingen.com\\\/wp-content\\\/uploads\\\/waffentechnik_logo.svg\",\"caption\":\"Waffentechnik - Borkott &amp; Eickhorn\"},\"image\":{\"@id\":\"https:\\\/\\\/waffentechnik-solingen.com\\\/fr\\\/#\\\/schema\\\/logo\\\/image\\\/\"}}]}<\/script>\n<!-- \/ Yoast SEO plugin. -->","yoast_head_json":{"title":"Fabricant de couteaux de combat militaires pour les op\u00e9rations tactiques et de terrain","description":"Couteaux de combat robustes pour les militaires et les forces arm\u00e9es \u25ba Conviennent pour : Bundeswehr \u2713 OTAN \u2713 Marine \u2713 Milices \u2713 \u2794 En savoir plus maintenant !","robots":{"index":"index","follow":"follow","max-snippet":"max-snippet:-1","max-image-preview":"max-image-preview:large","max-video-preview":"max-video-preview:-1"},"canonical":"https:\/\/waffentechnik-solingen.com\/fr\/couteau-de-combat\/","og_locale":"fr_FR","og_type":"article","og_title":"Fabricant de couteaux de combat militaires pour les op\u00e9rations tactiques et de terrain","og_description":"Couteaux de combat robustes pour les militaires et les forces arm\u00e9es \u25ba Conviennent pour : Bundeswehr \u2713 OTAN \u2713 Marine \u2713 Milices \u2713 \u2794 En savoir plus maintenant !","og_url":"https:\/\/waffentechnik-solingen.com\/fr\/couteau-de-combat\/","og_site_name":"Waffentechnik - Borkott &amp; Eickhorn","article_modified_time":"2025-06-30T07:49:39+00:00","og_image":[{"url":"https:\/\/waffentechnik-solingen.com\/wp-content\/uploads\/waffentechnik_background_kampfmesser.png","type":"","width":"","height":""}],"twitter_card":"summary_large_image","twitter_misc":{"Dur\u00e9e de lecture estim\u00e9e":"1 minute"},"schema":{"@context":"https:\/\/schema.org","@graph":[{"@type":"WebPage","@id":"https:\/\/waffentechnik-solingen.com\/fr\/couteau-de-combat\/","url":"https:\/\/waffentechnik-solingen.com\/fr\/couteau-de-combat\/","name":"Fabricant de couteaux de combat militaires pour les op\u00e9rations tactiques et de terrain","isPartOf":{"@id":"https:\/\/waffentechnik-solingen.com\/fr\/#website"},"primaryImageOfPage":{"@id":"https:\/\/waffentechnik-solingen.com\/fr\/couteau-de-combat\/#primaryimage"},"image":{"@id":"https:\/\/waffentechnik-solingen.com\/fr\/couteau-de-combat\/#primaryimage"},"thumbnailUrl":"https:\/\/waffentechnik-solingen.com\/wp-content\/uploads\/waffentechnik_background_kampfmesser.png","datePublished":"2023-01-13T14:31:14+00:00","dateModified":"2025-06-30T07:49:39+00:00","description":"Couteaux de combat robustes pour les militaires et les forces arm\u00e9es \u25ba Conviennent pour : Bundeswehr \u2713 OTAN \u2713 Marine \u2713 Milices \u2713 \u2794 En savoir plus maintenant !","breadcrumb":{"@id":"https:\/\/waffentechnik-solingen.com\/fr\/couteau-de-combat\/#breadcrumb"},"inLanguage":"fr-FR","potentialAction":[{"@type":"ReadAction","target":["https:\/\/waffentechnik-solingen.com\/fr\/couteau-de-combat\/"]}]},{"@type":"ImageObject","inLanguage":"fr-FR","@id":"https:\/\/waffentechnik-solingen.com\/fr\/couteau-de-combat\/#primaryimage","url":"https:\/\/waffentechnik-solingen.com\/wp-content\/uploads\/waffentechnik_background_kampfmesser.png","contentUrl":"https:\/\/waffentechnik-solingen.com\/wp-content\/uploads\/waffentechnik_background_kampfmesser.png"},{"@type":"BreadcrumbList","@id":"https:\/\/waffentechnik-solingen.com\/fr\/couteau-de-combat\/#breadcrumb","itemListElement":[{"@type":"ListItem","position":1,"name":"Startseite","item":"https:\/\/waffentechnik-solingen.com\/fr\/"},{"@type":"ListItem","position":2,"name":"Couteaux de combat"}]},{"@type":"WebSite","@id":"https:\/\/waffentechnik-solingen.com\/fr\/#website","url":"https:\/\/waffentechnik-solingen.com\/fr\/","name":"Waffentechnik - Borkott &amp; Eickhorn","description":"","publisher":{"@id":"https:\/\/waffentechnik-solingen.com\/fr\/#organization"},"potentialAction":[{"@type":"SearchAction","target":{"@type":"EntryPoint","urlTemplate":"https:\/\/waffentechnik-solingen.com\/fr\/?s={search_term_string}"},"query-input":{"@type":"PropertyValueSpecification","valueRequired":true,"valueName":"search_term_string"}}],"inLanguage":"fr-FR"},{"@type":"Organization","@id":"https:\/\/waffentechnik-solingen.com\/fr\/#organization","name":"Waffentechnik - Borkott &amp; Eickhorn","url":"https:\/\/waffentechnik-solingen.com\/fr\/","logo":{"@type":"ImageObject","inLanguage":"fr-FR","@id":"https:\/\/waffentechnik-solingen.com\/fr\/#\/schema\/logo\/image\/","url":"https:\/\/waffentechnik-solingen.com\/wp-content\/uploads\/waffentechnik_logo.svg","contentUrl":"https:\/\/waffentechnik-solingen.com\/wp-content\/uploads\/waffentechnik_logo.svg","caption":"Waffentechnik - Borkott &amp; Eickhorn"},"image":{"@id":"https:\/\/waffentechnik-solingen.com\/fr\/#\/schema\/logo\/image\/"}}]}},"_links":{"self":[{"href":"https:\/\/waffentechnik-solingen.com\/fr\/wp-json\/wp\/v2\/pages\/2358","targetHints":{"allow":["GET"]}}],"collection":[{"href":"https:\/\/waffentechnik-solingen.com\/fr\/wp-json\/wp\/v2\/pages"}],"about":[{"href":"https:\/\/waffentechnik-solingen.com\/fr\/wp-json\/wp\/v2\/types\/page"}],"author":[{"embeddable":true,"href":"https:\/\/waffentechnik-solingen.com\/fr\/wp-json\/wp\/v2\/users\/1"}],"replies":[{"embeddable":true,"href":"https:\/\/waffentechnik-solingen.com\/fr\/wp-json\/wp\/v2\/comments?post=2358"}],"version-history":[{"count":7,"href":"https:\/\/waffentechnik-solingen.com\/fr\/wp-json\/wp\/v2\/pages\/2358\/revisions"}],"predecessor-version":[{"id":3120,"href":"https:\/\/waffentechnik-solingen.com\/fr\/wp-json\/wp\/v2\/pages\/2358\/revisions\/3120"}],"wp:attachment":[{"href":"https:\/\/waffentechnik-solingen.com\/fr\/wp-json\/wp\/v2\/media?parent=2358"}],"curies":[{"name":"wp","href":"https:\/\/api.w.org\/{rel}","templated":true}]}}