{"id":2342,"date":"2023-01-13T15:31:59","date_gmt":"2023-01-13T14:31:59","guid":{"rendered":"https:\/\/waffentechnik-solingen.pixel-tal.de\/moyens-dintervention-techniques\/"},"modified":"2025-04-22T11:32:58","modified_gmt":"2025-04-22T09:32:58","slug":"moyens-dintervention-techniques","status":"publish","type":"page","link":"https:\/\/waffentechnik-solingen.com\/fr\/moyens-dintervention-techniques\/","title":{"rendered":"Moyens d&rsquo;intervention techniques"},"content":{"rendered":"        \r\n            <!-- hero -->\r\n        \r\n                    \r\n            <div id=\"hero-5a3943faf92e68be72b5b0a8866a3a8c\" class=\"hero\">\r\n\t\t\t\t<div class=\"hero-slider\">\t\t\t\t\n        \r\n            <!-- hero -->\r\n        \r\n                    \r\n            <div  class=\"hero-slide hero-slide-dcef8f82cd91fb5010699070602cf6e9 \">\r\n\r\n\t\t\t\t<div class=\"hero-canvas\">\r\n\t\t\t\t\t<div class=\"hero-content\">\r\n\t\t\t\t\t\t<span class=\"hero-headline headline\">Moyens d&rsquo;intervention techniques<\/span>\t\t\t\t\t\t<span class=\"hero-subheadline subheadline\">S\u00e9curit\u00e9 maximale<\/span>\t\t\t\t\t\t\t\t\t\t\t<\/div>\r\n\t\t\t\t<\/div>\r\n\r\n\t\t\t\t\t\t\t\t\t<div class=\"hero-background\">\r\n\t\t\t\t\t\t<img decoding=\"async\" src=\"https:\/\/waffentechnik-solingen.com\/wp-content\/uploads\/waffentechnik_magazinhalter_header.jpg\" \/>\r\n\t\t\t\t\t<\/div>\r\n\t\t\t\t\r\n\t\t\t<\/div>\r\n        \r\n                    \r\n            <!-- end:hero -->\r\n        \r\n            \n\r\n\t\t\t\t<\/div>\t\t\t<\/div>\r\n        \r\n                    \r\n            <!-- end:hero -->\r\n        \r\n            \n\n<section class=\"gb-container gb-container-966d483a\"><div class=\"gb-inside-container\">\n<div class=\"gb-grid-wrapper gb-grid-wrapper-e2468845\">\n<div class=\"gb-grid-column gb-grid-column-424972ae\"><div class=\"gb-container gb-container-424972ae\"><div class=\"gb-inside-container\">\n\n<div class=\"wp-block-pixel-headline headlines is-subheadline-bottom has-text-align-left\"><h1 class=\"headline\" style=\"color:#000000\">Moyens d&rsquo;intervention techniques<\/h1><span class=\"subheadline\" style=\"color:\">LE PLUS GRAND CONFORT<\/span><\/div>\n\n\n\n<p>Pratiques, confortables et absolument fiables gr\u00e2ce \u00e0 une construction robuste : Avec nos moyens d&rsquo;intervention techniques, nous soutenons les polici\u00e8res et les policiers dans leur travail quotidien.<\/p>\n\n\n\n<ul class=\"wp-block-list list-plus\">\n<li>barrette d&rsquo;\u00e9tui pivotante pour \u00e9tui de pistolet<\/li>\n\n\n\n<li>\u00e9tui pivotant pour matraque<\/li>\n\n\n\n<li>Porte-magasin pour MP5<\/li>\n\n\n\n<li>d&rsquo;autres produits sont en cours de d\u00e9veloppement ou peuvent \u00eatre d\u00e9velopp\u00e9s \u00e0 la demande du client<\/li>\n<\/ul>\n\n<\/div><\/div><\/div>\n\n<div class=\"gb-grid-column gb-grid-column-8d3445af\"><div class=\"gb-container gb-container-8d3445af\"><div class=\"gb-inside-container\">\n\n<figure class=\"wp-block-image size-full\"><img loading=\"lazy\" decoding=\"async\" width=\"812\" height=\"349\" src=\"https:\/\/waffentechnik-solingen.com\/wp-content\/uploads\/waffentechnik_background_rettungsmesser.jpg\" alt=\"\" class=\"wp-image-1443\" srcset=\"https:\/\/waffentechnik-solingen.com\/wp-content\/uploads\/waffentechnik_background_rettungsmesser.jpg 812w, https:\/\/waffentechnik-solingen.com\/wp-content\/uploads\/waffentechnik_background_rettungsmesser-300x129.jpg 300w, https:\/\/waffentechnik-solingen.com\/wp-content\/uploads\/waffentechnik_background_rettungsmesser-768x330.jpg 768w\" sizes=\"auto, (max-width: 812px) 100vw, 812px\" \/><\/figure>\n\n<\/div><\/div><\/div>\n<\/div>\n<\/div><\/section>\n\n<section class=\"gb-container gb-container-7470ad00 section-bgc products-group\"><div class=\"gb-inside-container\">\n<div class=\"gb-container gb-container-0af83f3b\"><div class=\"gb-inside-container\">\n\n<div class=\"wp-block-pixel-headline headlines is-subheadline-bottom has-text-align-left\"><h2 class=\"headline\" style=\"color:\">NOTRE S\u00c9LECTION<\/h2><span class=\"subheadline\" style=\"color:\">Test\u00e9 sur le terrain<\/span><\/div>\n\n<\/div><\/div>\n\n\n<div class=\"gb-grid-wrapper gb-grid-wrapper-7f3a49f5 gb-query-loop-wrapper\">\n<div class=\"gb-grid-column gb-grid-column-dcf02ec6 gb-query-loop-item post-2393 product type-product status-publish format-standard has-post-thumbnail hentry tax_produkte-technische-einsatzmittel-fr\"><div class=\"gb-container gb-container-dcf02ec6\"><div class=\"gb-inside-container\">\n<h2 class=\"gb-headline gb-headline-a882d6fa gb-headline-text\"><a href=\"https:\/\/waffentechnik-solingen.com\/fr\/produkte\/barre-detui-pivotante-pour-etui-de-pistolet\/\">Barre d&rsquo;\u00e9tui pivotante pour \u00e9tui de pistolet<\/a><\/h2>\n\n<figure class=\"gb-block-image gb-block-image-c1c04e30\"><img loading=\"lazy\" decoding=\"async\" width=\"678\" height=\"591\" src=\"https:\/\/waffentechnik-solingen.com\/wp-content\/uploads\/waffentechnik_pistolenholster_product.png\" class=\"gb-image-c1c04e30\" alt=\"\" srcset=\"https:\/\/waffentechnik-solingen.com\/wp-content\/uploads\/waffentechnik_pistolenholster_product.png 678w, https:\/\/waffentechnik-solingen.com\/wp-content\/uploads\/waffentechnik_pistolenholster_product-300x262.png 300w\" sizes=\"auto, (max-width: 678px) 100vw, 678px\" \/><\/figure>\n\n<div class=\"gb-headline gb-headline-3224648b gb-headline-text\">Passerelle tournante Holster pour la police en Rh\u00e9nanie-du-Nord-Westphalie. Cette conception permet de s&rsquo;asseoir sans probl\u00e8me dans des espaces restreints, comme par exemple dans une voiture de patrouille.<\/div>\n\n<div class=\"gb-button-wrapper gb-button-wrapper-26740a16\">\n<a class=\"gb-button gb-button-82ed7ba2 gb-button-text\" href=\"https:\/\/waffentechnik-solingen.com\/fr\/produkte\/barre-detui-pivotante-pour-etui-de-pistolet\/\">Vers le produit<\/a>\n<\/div>\n<\/div><\/div><\/div>\n\n<div class=\"gb-grid-column gb-grid-column-dcf02ec6 gb-query-loop-item post-2382 product type-product status-publish format-standard has-post-thumbnail hentry tax_produkte-technische-einsatzmittel-fr\"><div class=\"gb-container gb-container-dcf02ec6\"><div class=\"gb-inside-container\">\n<h2 class=\"gb-headline gb-headline-a882d6fa gb-headline-text\"><a href=\"https:\/\/waffentechnik-solingen.com\/fr\/produkte\/etui-pivotant-pour-matraque\/\">\u00c9tui pivotant pour matraque<\/a><\/h2>\n\n<figure class=\"gb-block-image gb-block-image-c1c04e30\"><img loading=\"lazy\" decoding=\"async\" width=\"649\" height=\"666\" src=\"https:\/\/waffentechnik-solingen.com\/wp-content\/uploads\/waffentechnik_schlagstockholster_product.png\" class=\"gb-image-c1c04e30\" alt=\"\" srcset=\"https:\/\/waffentechnik-solingen.com\/wp-content\/uploads\/waffentechnik_schlagstockholster_product.png 649w, https:\/\/waffentechnik-solingen.com\/wp-content\/uploads\/waffentechnik_schlagstockholster_product-292x300.png 292w\" sizes=\"auto, (max-width: 649px) 100vw, 649px\" \/><\/figure>\n\n<div class=\"gb-headline gb-headline-3224648b gb-headline-text\">\u00c9tui pivotant pour matraque. Cette conception permet de s&rsquo;asseoir sans probl\u00e8me dans des espaces restreints.<\/div>\n\n<div class=\"gb-button-wrapper gb-button-wrapper-26740a16\">\n<a class=\"gb-button gb-button-82ed7ba2 gb-button-text\" href=\"https:\/\/waffentechnik-solingen.com\/fr\/produkte\/etui-pivotant-pour-matraque\/\">Vers le produit<\/a>\n<\/div>\n<\/div><\/div><\/div>\n\n<div class=\"gb-grid-column gb-grid-column-dcf02ec6 gb-query-loop-item post-2373 product type-product status-publish format-standard has-post-thumbnail hentry tax_produkte-technische-einsatzmittel-fr\"><div class=\"gb-container gb-container-dcf02ec6\"><div class=\"gb-inside-container\">\n<h2 class=\"gb-headline gb-headline-a882d6fa gb-headline-text\"><a href=\"https:\/\/waffentechnik-solingen.com\/fr\/produkte\/porte-magasin-pour-mp5\/\">Porte-magasin MP5 double<\/a><\/h2>\n\n<figure class=\"gb-block-image gb-block-image-c1c04e30\"><img loading=\"lazy\" decoding=\"async\" width=\"483\" height=\"594\" src=\"https:\/\/waffentechnik-solingen.com\/wp-content\/uploads\/waffentechnik_magazinhalter_product.png\" class=\"gb-image-c1c04e30\" alt=\"\" srcset=\"https:\/\/waffentechnik-solingen.com\/wp-content\/uploads\/waffentechnik_magazinhalter_product.png 483w, https:\/\/waffentechnik-solingen.com\/wp-content\/uploads\/waffentechnik_magazinhalter_product-244x300.png 244w\" sizes=\"auto, (max-width: 483px) 100vw, 483px\" \/><\/figure>\n\n<div class=\"gb-headline gb-headline-3224648b gb-headline-text\">Ce porte-magasin a \u00e9t\u00e9 con\u00e7u pour la police de Rh\u00e9nanie-du-Nord-Westphalie. Actuellement, celui-ci est disponible pour les magazines pour MP5. Une adaptation \u00e0 d&rsquo;autres magazines est possible.<\/div>\n\n<div class=\"gb-button-wrapper gb-button-wrapper-26740a16\">\n<a class=\"gb-button gb-button-82ed7ba2 gb-button-text\" href=\"https:\/\/waffentechnik-solingen.com\/fr\/produkte\/porte-magasin-pour-mp5\/\">Vers le produit<\/a>\n<\/div>\n<\/div><\/div><\/div>\n<\/div>\n\n<\/div><\/section>\n\n<section class=\"gb-container gb-container-49d8e713\"><div class=\"gb-inside-container\">\n<div class=\"gb-grid-wrapper gb-grid-wrapper-a1a8688d\">\n<div class=\"gb-grid-column gb-grid-column-28936e76\"><div class=\"gb-container gb-container-28936e76\"><div class=\"gb-inside-container\">\n\n<p>Les produits pr\u00e9sent\u00e9s ne sont qu&rsquo;une partie de notre gamme de produits. Nous serions heureux de personnaliser le produit et de l&rsquo;adapter \u00e0 vos besoins. Veuillez nous contacter pour un projet.<\/p>\n\n\n\n<p>Nous sommes \u00e9galement heureux de d\u00e9velopper avec vous des produits enti\u00e8rement nouveaux. Cela est \u00e9galement possible pour les petites quantit\u00e9s, \u00e0 partir de 100 pi\u00e8ces, et s&rsquo;applique aussi bien \u00e0 notre offre d&rsquo;armes blanches qu&rsquo;aux produits sp\u00e9cifiques \u00e0 l&rsquo;utilisation dans le domaine de la police et de l&rsquo;arm\u00e9e.<\/p>\n\n<\/div><\/div><\/div>\n\n<div class=\"gb-grid-column gb-grid-column-9814e9da\"><div class=\"gb-container gb-container-9814e9da\"><div class=\"gb-inside-container\">\n\n<p>Vous trouverez par exemple sur notre site web la barrette Holster pivotante, le porte-magasin MP5, la ba\u00efonnette B3K-BW ou le couteau de combat Marinirs.<\/p>\n\n<\/div><\/div><\/div>\n<\/div>\n<\/div><\/section>\n\n<section class=\"gb-container gb-container-6c7c7363 section-bgi-full\"><div class=\"gb-inside-container\">\n<div class=\"gb-container gb-container-434aaf0c box-info\"><div class=\"gb-inside-container\">\n<div class=\"gb-grid-wrapper gb-grid-wrapper-5f18eee5\">\n<div class=\"gb-grid-column gb-grid-column-712c82b9\"><div class=\"gb-container gb-container-712c82b9\"><div class=\"gb-inside-container\">\n\n<div class=\"wp-block-pixel-headline headlines is-subheadline-bottom has-text-align-left\"><h2 class=\"headline is-h2\" style=\"color:\">une performance maximale<br>gr\u00e2ce au meilleur travail artisanal<\/h2><span class=\"subheadline\" style=\"color:\">Nous promettons<\/span><\/div>\n\n<\/div><\/div><\/div>\n\n<div class=\"gb-grid-column gb-grid-column-71619819\"><div class=\"gb-container gb-container-71619819\"><div class=\"gb-inside-container\">\n<div class=\"gb-button-wrapper gb-button-wrapper-c579ff36\">\n\n<a class=\"gb-button gb-button-05a6324f gb-button-text\" href=\"https:\/\/waffentechnik-solingen.com\/fr\/a-propos-de-nous\/\">En savoir plus<\/a>\n\n<\/div>\n<\/div><\/div><\/div>\n<\/div>\n<\/div><\/div>\n<\/div><\/section>","protected":false},"excerpt":{"rendered":"","protected":false},"author":1,"featured_media":0,"parent":0,"menu_order":5,"comment_status":"closed","ping_status":"closed","template":"","meta":{"_acf_changed":false,"inline_featured_image":false,"footnotes":""},"class_list":["post-2342","page","type-page","status-publish"],"acf":[],"yoast_head":"<!-- This site is optimized with the Yoast SEO plugin v27.5 - https:\/\/yoast.com\/product\/yoast-seo-wordpress\/ -->\n<title>Des moyens techniques d&#039;intervention confortables pour une s\u00e9curit\u00e9 maximale<\/title>\n<meta name=\"description\" content=\"Moyens techniques d&#039;intervention pour l&#039;arm\u00e9e &amp; la police \u25ba Confort maximal \u2713 S\u00e9curit\u00e9 maximale \u2713 Robuste &amp; absolument fiable \u2713 \u2794 En savoir plus maintenant !\" \/>\n<meta name=\"robots\" content=\"index, follow, max-snippet:-1, max-image-preview:large, max-video-preview:-1\" \/>\n<link rel=\"canonical\" href=\"https:\/\/waffentechnik-solingen.com\/fr\/moyens-dintervention-techniques\/\" \/>\n<meta property=\"og:locale\" content=\"fr_FR\" \/>\n<meta property=\"og:type\" content=\"article\" \/>\n<meta property=\"og:title\" content=\"Des moyens techniques d&#039;intervention confortables pour une s\u00e9curit\u00e9 maximale\" \/>\n<meta property=\"og:description\" content=\"Moyens techniques d&#039;intervention pour l&#039;arm\u00e9e &amp; la police \u25ba Confort maximal \u2713 S\u00e9curit\u00e9 maximale \u2713 Robuste &amp; absolument fiable \u2713 \u2794 En savoir plus maintenant !\" \/>\n<meta property=\"og:url\" content=\"https:\/\/waffentechnik-solingen.com\/fr\/moyens-dintervention-techniques\/\" \/>\n<meta property=\"og:site_name\" content=\"Waffentechnik - Borkott &amp; Eickhorn\" \/>\n<meta property=\"article:modified_time\" content=\"2025-04-22T09:32:58+00:00\" \/>\n<meta property=\"og:image\" content=\"https:\/\/waffentechnik-solingen.com\/wp-content\/uploads\/waffentechnik_background_rettungsmesser.jpg\" \/>\n<meta name=\"twitter:card\" content=\"summary_large_image\" \/>\n<meta name=\"twitter:label1\" content=\"Dur\u00e9e de lecture estim\u00e9e\" \/>\n\t<meta name=\"twitter:data1\" content=\"2 minutes\" \/>\n<script type=\"application\/ld+json\" class=\"yoast-schema-graph\">{\"@context\":\"https:\\\/\\\/schema.org\",\"@graph\":[{\"@type\":\"WebPage\",\"@id\":\"https:\\\/\\\/waffentechnik-solingen.com\\\/fr\\\/moyens-dintervention-techniques\\\/\",\"url\":\"https:\\\/\\\/waffentechnik-solingen.com\\\/fr\\\/moyens-dintervention-techniques\\\/\",\"name\":\"Des moyens techniques d'intervention confortables pour une s\u00e9curit\u00e9 maximale\",\"isPartOf\":{\"@id\":\"https:\\\/\\\/waffentechnik-solingen.com\\\/fr\\\/#website\"},\"primaryImageOfPage\":{\"@id\":\"https:\\\/\\\/waffentechnik-solingen.com\\\/fr\\\/moyens-dintervention-techniques\\\/#primaryimage\"},\"image\":{\"@id\":\"https:\\\/\\\/waffentechnik-solingen.com\\\/fr\\\/moyens-dintervention-techniques\\\/#primaryimage\"},\"thumbnailUrl\":\"https:\\\/\\\/waffentechnik-solingen.com\\\/wp-content\\\/uploads\\\/waffentechnik_background_rettungsmesser.jpg\",\"datePublished\":\"2023-01-13T14:31:59+00:00\",\"dateModified\":\"2025-04-22T09:32:58+00:00\",\"description\":\"Moyens techniques d'intervention pour l'arm\u00e9e & la police \u25ba Confort maximal \u2713 S\u00e9curit\u00e9 maximale \u2713 Robuste & absolument fiable \u2713 \u2794 En savoir plus maintenant !\",\"breadcrumb\":{\"@id\":\"https:\\\/\\\/waffentechnik-solingen.com\\\/fr\\\/moyens-dintervention-techniques\\\/#breadcrumb\"},\"inLanguage\":\"fr-FR\",\"potentialAction\":[{\"@type\":\"ReadAction\",\"target\":[\"https:\\\/\\\/waffentechnik-solingen.com\\\/fr\\\/moyens-dintervention-techniques\\\/\"]}]},{\"@type\":\"ImageObject\",\"inLanguage\":\"fr-FR\",\"@id\":\"https:\\\/\\\/waffentechnik-solingen.com\\\/fr\\\/moyens-dintervention-techniques\\\/#primaryimage\",\"url\":\"https:\\\/\\\/waffentechnik-solingen.com\\\/wp-content\\\/uploads\\\/waffentechnik_background_rettungsmesser.jpg\",\"contentUrl\":\"https:\\\/\\\/waffentechnik-solingen.com\\\/wp-content\\\/uploads\\\/waffentechnik_background_rettungsmesser.jpg\"},{\"@type\":\"BreadcrumbList\",\"@id\":\"https:\\\/\\\/waffentechnik-solingen.com\\\/fr\\\/moyens-dintervention-techniques\\\/#breadcrumb\",\"itemListElement\":[{\"@type\":\"ListItem\",\"position\":1,\"name\":\"Startseite\",\"item\":\"https:\\\/\\\/waffentechnik-solingen.com\\\/fr\\\/\"},{\"@type\":\"ListItem\",\"position\":2,\"name\":\"Moyens d&#8217;intervention techniques\"}]},{\"@type\":\"WebSite\",\"@id\":\"https:\\\/\\\/waffentechnik-solingen.com\\\/fr\\\/#website\",\"url\":\"https:\\\/\\\/waffentechnik-solingen.com\\\/fr\\\/\",\"name\":\"Waffentechnik - Borkott &amp; Eickhorn\",\"description\":\"\",\"publisher\":{\"@id\":\"https:\\\/\\\/waffentechnik-solingen.com\\\/fr\\\/#organization\"},\"potentialAction\":[{\"@type\":\"SearchAction\",\"target\":{\"@type\":\"EntryPoint\",\"urlTemplate\":\"https:\\\/\\\/waffentechnik-solingen.com\\\/fr\\\/?s={search_term_string}\"},\"query-input\":{\"@type\":\"PropertyValueSpecification\",\"valueRequired\":true,\"valueName\":\"search_term_string\"}}],\"inLanguage\":\"fr-FR\"},{\"@type\":\"Organization\",\"@id\":\"https:\\\/\\\/waffentechnik-solingen.com\\\/fr\\\/#organization\",\"name\":\"Waffentechnik - Borkott &amp; Eickhorn\",\"url\":\"https:\\\/\\\/waffentechnik-solingen.com\\\/fr\\\/\",\"logo\":{\"@type\":\"ImageObject\",\"inLanguage\":\"fr-FR\",\"@id\":\"https:\\\/\\\/waffentechnik-solingen.com\\\/fr\\\/#\\\/schema\\\/logo\\\/image\\\/\",\"url\":\"https:\\\/\\\/waffentechnik-solingen.com\\\/wp-content\\\/uploads\\\/waffentechnik_logo.svg\",\"contentUrl\":\"https:\\\/\\\/waffentechnik-solingen.com\\\/wp-content\\\/uploads\\\/waffentechnik_logo.svg\",\"caption\":\"Waffentechnik - Borkott &amp; Eickhorn\"},\"image\":{\"@id\":\"https:\\\/\\\/waffentechnik-solingen.com\\\/fr\\\/#\\\/schema\\\/logo\\\/image\\\/\"}}]}<\/script>\n<!-- \/ Yoast SEO plugin. -->","yoast_head_json":{"title":"Des moyens techniques d'intervention confortables pour une s\u00e9curit\u00e9 maximale","description":"Moyens techniques d'intervention pour l'arm\u00e9e & la police \u25ba Confort maximal \u2713 S\u00e9curit\u00e9 maximale \u2713 Robuste & absolument fiable \u2713 \u2794 En savoir plus maintenant !","robots":{"index":"index","follow":"follow","max-snippet":"max-snippet:-1","max-image-preview":"max-image-preview:large","max-video-preview":"max-video-preview:-1"},"canonical":"https:\/\/waffentechnik-solingen.com\/fr\/moyens-dintervention-techniques\/","og_locale":"fr_FR","og_type":"article","og_title":"Des moyens techniques d'intervention confortables pour une s\u00e9curit\u00e9 maximale","og_description":"Moyens techniques d'intervention pour l'arm\u00e9e & la police \u25ba Confort maximal \u2713 S\u00e9curit\u00e9 maximale \u2713 Robuste & absolument fiable \u2713 \u2794 En savoir plus maintenant !","og_url":"https:\/\/waffentechnik-solingen.com\/fr\/moyens-dintervention-techniques\/","og_site_name":"Waffentechnik - Borkott &amp; Eickhorn","article_modified_time":"2025-04-22T09:32:58+00:00","og_image":[{"url":"https:\/\/waffentechnik-solingen.com\/wp-content\/uploads\/waffentechnik_background_rettungsmesser.jpg","type":"","width":"","height":""}],"twitter_card":"summary_large_image","twitter_misc":{"Dur\u00e9e de lecture estim\u00e9e":"2 minutes"},"schema":{"@context":"https:\/\/schema.org","@graph":[{"@type":"WebPage","@id":"https:\/\/waffentechnik-solingen.com\/fr\/moyens-dintervention-techniques\/","url":"https:\/\/waffentechnik-solingen.com\/fr\/moyens-dintervention-techniques\/","name":"Des moyens techniques d'intervention confortables pour une s\u00e9curit\u00e9 maximale","isPartOf":{"@id":"https:\/\/waffentechnik-solingen.com\/fr\/#website"},"primaryImageOfPage":{"@id":"https:\/\/waffentechnik-solingen.com\/fr\/moyens-dintervention-techniques\/#primaryimage"},"image":{"@id":"https:\/\/waffentechnik-solingen.com\/fr\/moyens-dintervention-techniques\/#primaryimage"},"thumbnailUrl":"https:\/\/waffentechnik-solingen.com\/wp-content\/uploads\/waffentechnik_background_rettungsmesser.jpg","datePublished":"2023-01-13T14:31:59+00:00","dateModified":"2025-04-22T09:32:58+00:00","description":"Moyens techniques d'intervention pour l'arm\u00e9e & la police \u25ba Confort maximal \u2713 S\u00e9curit\u00e9 maximale \u2713 Robuste & absolument fiable \u2713 \u2794 En savoir plus maintenant !","breadcrumb":{"@id":"https:\/\/waffentechnik-solingen.com\/fr\/moyens-dintervention-techniques\/#breadcrumb"},"inLanguage":"fr-FR","potentialAction":[{"@type":"ReadAction","target":["https:\/\/waffentechnik-solingen.com\/fr\/moyens-dintervention-techniques\/"]}]},{"@type":"ImageObject","inLanguage":"fr-FR","@id":"https:\/\/waffentechnik-solingen.com\/fr\/moyens-dintervention-techniques\/#primaryimage","url":"https:\/\/waffentechnik-solingen.com\/wp-content\/uploads\/waffentechnik_background_rettungsmesser.jpg","contentUrl":"https:\/\/waffentechnik-solingen.com\/wp-content\/uploads\/waffentechnik_background_rettungsmesser.jpg"},{"@type":"BreadcrumbList","@id":"https:\/\/waffentechnik-solingen.com\/fr\/moyens-dintervention-techniques\/#breadcrumb","itemListElement":[{"@type":"ListItem","position":1,"name":"Startseite","item":"https:\/\/waffentechnik-solingen.com\/fr\/"},{"@type":"ListItem","position":2,"name":"Moyens d&#8217;intervention techniques"}]},{"@type":"WebSite","@id":"https:\/\/waffentechnik-solingen.com\/fr\/#website","url":"https:\/\/waffentechnik-solingen.com\/fr\/","name":"Waffentechnik - Borkott &amp; Eickhorn","description":"","publisher":{"@id":"https:\/\/waffentechnik-solingen.com\/fr\/#organization"},"potentialAction":[{"@type":"SearchAction","target":{"@type":"EntryPoint","urlTemplate":"https:\/\/waffentechnik-solingen.com\/fr\/?s={search_term_string}"},"query-input":{"@type":"PropertyValueSpecification","valueRequired":true,"valueName":"search_term_string"}}],"inLanguage":"fr-FR"},{"@type":"Organization","@id":"https:\/\/waffentechnik-solingen.com\/fr\/#organization","name":"Waffentechnik - Borkott &amp; Eickhorn","url":"https:\/\/waffentechnik-solingen.com\/fr\/","logo":{"@type":"ImageObject","inLanguage":"fr-FR","@id":"https:\/\/waffentechnik-solingen.com\/fr\/#\/schema\/logo\/image\/","url":"https:\/\/waffentechnik-solingen.com\/wp-content\/uploads\/waffentechnik_logo.svg","contentUrl":"https:\/\/waffentechnik-solingen.com\/wp-content\/uploads\/waffentechnik_logo.svg","caption":"Waffentechnik - Borkott &amp; Eickhorn"},"image":{"@id":"https:\/\/waffentechnik-solingen.com\/fr\/#\/schema\/logo\/image\/"}}]}},"_links":{"self":[{"href":"https:\/\/waffentechnik-solingen.com\/fr\/wp-json\/wp\/v2\/pages\/2342","targetHints":{"allow":["GET"]}}],"collection":[{"href":"https:\/\/waffentechnik-solingen.com\/fr\/wp-json\/wp\/v2\/pages"}],"about":[{"href":"https:\/\/waffentechnik-solingen.com\/fr\/wp-json\/wp\/v2\/types\/page"}],"author":[{"embeddable":true,"href":"https:\/\/waffentechnik-solingen.com\/fr\/wp-json\/wp\/v2\/users\/1"}],"replies":[{"embeddable":true,"href":"https:\/\/waffentechnik-solingen.com\/fr\/wp-json\/wp\/v2\/comments?post=2342"}],"version-history":[{"count":3,"href":"https:\/\/waffentechnik-solingen.com\/fr\/wp-json\/wp\/v2\/pages\/2342\/revisions"}],"predecessor-version":[{"id":2872,"href":"https:\/\/waffentechnik-solingen.com\/fr\/wp-json\/wp\/v2\/pages\/2342\/revisions\/2872"}],"wp:attachment":[{"href":"https:\/\/waffentechnik-solingen.com\/fr\/wp-json\/wp\/v2\/media?parent=2342"}],"curies":[{"name":"wp","href":"https:\/\/api.w.org\/{rel}","templated":true}]}}