{"id":2334,"date":"2023-01-13T15:32:32","date_gmt":"2023-01-13T14:32:32","guid":{"rendered":"https:\/\/waffentechnik-solingen.pixel-tal.de\/domaines-dapplication\/"},"modified":"2023-08-01T15:44:00","modified_gmt":"2023-08-01T13:44:00","slug":"domaines-dapplication","status":"publish","type":"page","link":"https:\/\/waffentechnik-solingen.com\/fr\/domaines-dapplication\/","title":{"rendered":"Domaines d&rsquo;application"},"content":{"rendered":"        \r\n            <!-- hero -->\r\n        \r\n                    \r\n            <div id=\"hero-e1f33a4c7a675c714314eae8ca94f832\" class=\"hero\">\r\n\t\t\t\t<div class=\"hero-slider\">\t\t\t\t\n        \r\n            <!-- hero -->\r\n        \r\n                    \r\n            <div  class=\"hero-slide hero-slide-0bccf4a7496ad8caa6f6bb761026ba58 \">\r\n\r\n\t\t\t\t<div class=\"hero-canvas\">\r\n\t\t\t\t\t<div class=\"hero-content\">\r\n\t\t\t\t\t\t<span class=\"hero-headline headline\">Domaines d&rsquo;application<\/span>\t\t\t\t\t\t<span class=\"hero-subheadline subheadline\">S\u00fbr dans toutes les situations<\/span>\t\t\t\t\t\t\t\t\t\t\t<\/div>\r\n\t\t\t\t<\/div>\r\n\r\n\t\t\t\t\t\t\t\t\t<div class=\"hero-background\">\r\n\t\t\t\t\t\t<img decoding=\"async\" src=\"https:\/\/waffentechnik-solingen.com\/wp-content\/uploads\/waffentechnik_header_anwendungsbereiche.jpg\" \/>\r\n\t\t\t\t\t<\/div>\r\n\t\t\t\t\r\n\t\t\t<\/div>\r\n        \r\n                    \r\n            <!-- end:hero -->\r\n        \r\n            \n\r\n\t\t\t\t<\/div>\t\t\t<\/div>\r\n        \r\n                    \r\n            <!-- end:hero -->\r\n        \r\n            \n\n<section class=\"gb-container gb-container-49d8e713\"><div class=\"gb-inside-container\">\n<div class=\"gb-grid-wrapper gb-grid-wrapper-a1a8688d\">\n<div class=\"gb-grid-column gb-grid-column-bc19afb6\"><div class=\"gb-container gb-container-bc19afb6\"><div class=\"gb-inside-container\">\n\n<div class=\"wp-block-pixel-headline headlines is-subheadline-bottom has-text-align-left\"><h1 class=\"headline\" style=\"color:#000000\">Domaines d&rsquo;application<\/h1><span class=\"subheadline\" style=\"color:\">PARFAITEMENT ADAPT\u00c9 \u00c0 LA MISSION<\/span><\/div>\n\n\n\n<p>Waffentechnik Solingen d\u00e9veloppe, con\u00e7oit et fabrique principalement des produits pour deux domaines d&rsquo;application : pour le march\u00e9 militaire professionnel et pour le march\u00e9 de la police.<\/p>\n\n\n\n<p>Nous accordons une attention particuli\u00e8re &#8211; quelle que soit l&rsquo;arme ou l&rsquo;outil technique &#8211; \u00e0 ne nous contenter que de la meilleure qualit\u00e9. Car nous le savons bien : celui qui utilise nos ba\u00efonnettes, nos couteaux de combat, nos couteaux de sauvetage, nos \u00e9tuis ou nos porte-magasins doit pouvoir se fier enti\u00e8rement \u00e0 la qualit\u00e9, \u00e0 la robustesse et \u00e0 la fiabilit\u00e9 des produits. Nos clients peuvent s&rsquo;y fier.<\/p>\n\n<\/div><\/div><\/div>\n\n<div class=\"gb-grid-column gb-grid-column-d1baa5df\"><div class=\"gb-container gb-container-d1baa5df\"><div class=\"gb-inside-container\">\n\n<figure class=\"gb-block-image gb-block-image-adff637f\"><img loading=\"lazy\" decoding=\"async\" width=\"800\" height=\"480\" class=\"gb-image gb-image-adff637f\" src=\"https:\/\/waffentechnik-solingen.com\/wp-content\/uploads\/waffentechnik_anwendungsbereiche.jpg\" alt=\"\" title=\"armement_applications\" srcset=\"https:\/\/waffentechnik-solingen.com\/wp-content\/uploads\/waffentechnik_anwendungsbereiche.jpg 800w, https:\/\/waffentechnik-solingen.com\/wp-content\/uploads\/waffentechnik_anwendungsbereiche-300x180.jpg 300w, https:\/\/waffentechnik-solingen.com\/wp-content\/uploads\/waffentechnik_anwendungsbereiche-768x461.jpg 768w\" sizes=\"auto, (max-width: 800px) 100vw, 800px\" \/><\/figure>\n\n<\/div><\/div><\/div>\n<\/div>\n<\/div><\/section>\n\n<section class=\"gb-container gb-container-21dda134 section-bgc\"><div class=\"gb-inside-container\">\n<div class=\"gb-grid-wrapper gb-grid-wrapper-5fb3ac90\">\n<div class=\"gb-grid-column gb-grid-column-c20bcd1a\"><div class=\"gb-container gb-container-c20bcd1a\"><div class=\"gb-inside-container\">\n \r\n\t\t\t<div class=\"card card-simple card  is-style-bg-image\">\r\n\t\t\t\t<div class=\"card-media\"><img loading=\"lazy\" decoding=\"async\" width=\"800\" height=\"480\" src=\"https:\/\/waffentechnik-solingen.com\/wp-content\/uploads\/waffentechnik_militaer_1.jpg\" class=\"attachment-content size-content\" alt=\"\" srcset=\"https:\/\/waffentechnik-solingen.com\/wp-content\/uploads\/waffentechnik_militaer_1.jpg 800w, https:\/\/waffentechnik-solingen.com\/wp-content\/uploads\/waffentechnik_militaer_1-300x180.jpg 300w, https:\/\/waffentechnik-solingen.com\/wp-content\/uploads\/waffentechnik_militaer_1-768x461.jpg 768w\" sizes=\"auto, (max-width: 800px) 100vw, 800px\" \/><\/div>\t\t\t\t<div class=\"card-content\">\r\n\t\t\t\t\t<div class=\"card-inner\">\r\n\t\t\t\t\t\t<span class=\"card-headline headline is-h3\">\u00c9quipement pour l&rsquo;arm\u00e9e<\/span><span class=\"card-subheadline\">En Suisse et \u00e0 l&rsquo;\u00e9tranger<\/span>\t\t\t\t\t<\/div>\r\n\r\n\t\t\t\t\t<div class=\"card-action\"><div class=\"wp-block-button \"><a class=\"wp-block-button__link wp-element-button\" href=\"\/fr\/domaines-dapplication\/militaire\/\" target=\"\">En savoir plus<\/a><\/div><\/div>\t\t\t\t<\/div>\r\n\t\t\t<\/div>\r\n\t\t\n<\/div><\/div><\/div>\n\n<div class=\"gb-grid-column gb-grid-column-eacfbfb9\"><div class=\"gb-container gb-container-eacfbfb9\"><div class=\"gb-inside-container\">\n \r\n\t\t\t<div class=\"card card-simple card  is-style-bg-image\">\r\n\t\t\t\t<div class=\"card-media\"><img loading=\"lazy\" decoding=\"async\" width=\"800\" height=\"480\" src=\"https:\/\/waffentechnik-solingen.com\/wp-content\/uploads\/waffentechnik_ploizei_1.jpg\" class=\"attachment-content size-content\" alt=\"\" srcset=\"https:\/\/waffentechnik-solingen.com\/wp-content\/uploads\/waffentechnik_ploizei_1.jpg 800w, https:\/\/waffentechnik-solingen.com\/wp-content\/uploads\/waffentechnik_ploizei_1-300x180.jpg 300w, https:\/\/waffentechnik-solingen.com\/wp-content\/uploads\/waffentechnik_ploizei_1-768x461.jpg 768w\" sizes=\"auto, (max-width: 800px) 100vw, 800px\" \/><\/div>\t\t\t\t<div class=\"card-content\">\r\n\t\t\t\t\t<div class=\"card-inner\">\r\n\t\t\t\t\t\t<span class=\"card-headline headline is-h3\">\u00c9quipement pour la police<\/span><span class=\"card-subheadline\">S\u00e9curit\u00e9 nationale<\/span>\t\t\t\t\t<\/div>\r\n\r\n\t\t\t\t\t<div class=\"card-action\"><div class=\"wp-block-button \"><a class=\"wp-block-button__link wp-element-button\" href=\"\/fr\/domaines-dapplication\/autorites-de-police\/\" target=\"\">En savoir plus<\/a><\/div><\/div>\t\t\t\t<\/div>\r\n\t\t\t<\/div>\r\n\t\t\n<\/div><\/div><\/div>\n<\/div>\n<\/div><\/section>","protected":false},"excerpt":{"rendered":"","protected":false},"author":1,"featured_media":0,"parent":0,"menu_order":6,"comment_status":"closed","ping_status":"closed","template":"","meta":{"_acf_changed":false,"inline_featured_image":false,"footnotes":""},"class_list":["post-2334","page","type-page","status-publish"],"acf":[],"yoast_head":"<!-- This site is optimized with the Yoast SEO plugin v27.5 - https:\/\/yoast.com\/product\/yoast-seo-wordpress\/ -->\n<title>Armes et outils de haute qualit\u00e9 \u00e0 des fins op\u00e9rationnelles<\/title>\n<meta name=\"description\" content=\"\u00c9quipement militaire optimal pour tous les usages \u25ba En Suisse &amp; \u00e0 l&#039;\u00e9tranger \u2713 Infanterie \u2713 Engagements sur le terrain \u2713 Missions de sauvetage \u2713 \u2794 \u00c0 d\u00e9couvrir maintenant !\" \/>\n<meta name=\"robots\" content=\"index, follow, max-snippet:-1, max-image-preview:large, max-video-preview:-1\" \/>\n<link rel=\"canonical\" href=\"https:\/\/waffentechnik-solingen.com\/fr\/domaines-dapplication\/\" \/>\n<meta property=\"og:locale\" content=\"fr_FR\" \/>\n<meta property=\"og:type\" content=\"article\" \/>\n<meta property=\"og:title\" content=\"Armes et outils de haute qualit\u00e9 \u00e0 des fins op\u00e9rationnelles\" \/>\n<meta property=\"og:description\" content=\"\u00c9quipement militaire optimal pour tous les usages \u25ba En Suisse &amp; \u00e0 l&#039;\u00e9tranger \u2713 Infanterie \u2713 Engagements sur le terrain \u2713 Missions de sauvetage \u2713 \u2794 \u00c0 d\u00e9couvrir maintenant !\" \/>\n<meta property=\"og:url\" content=\"https:\/\/waffentechnik-solingen.com\/fr\/domaines-dapplication\/\" \/>\n<meta property=\"og:site_name\" content=\"Waffentechnik - Borkott &amp; Eickhorn\" \/>\n<meta property=\"article:modified_time\" content=\"2023-08-01T13:44:00+00:00\" \/>\n<meta property=\"og:image\" content=\"https:\/\/waffentechnik-solingen.com\/wp-content\/uploads\/waffentechnik_anwendungsbereiche.jpg\" \/>\n<meta name=\"twitter:card\" content=\"summary_large_image\" \/>\n<meta name=\"twitter:label1\" content=\"Dur\u00e9e de lecture estim\u00e9e\" \/>\n\t<meta name=\"twitter:data1\" content=\"1 minute\" \/>\n<script type=\"application\/ld+json\" class=\"yoast-schema-graph\">{\"@context\":\"https:\\\/\\\/schema.org\",\"@graph\":[{\"@type\":\"WebPage\",\"@id\":\"https:\\\/\\\/waffentechnik-solingen.com\\\/fr\\\/domaines-dapplication\\\/\",\"url\":\"https:\\\/\\\/waffentechnik-solingen.com\\\/fr\\\/domaines-dapplication\\\/\",\"name\":\"Armes et outils de haute qualit\u00e9 \u00e0 des fins op\u00e9rationnelles\",\"isPartOf\":{\"@id\":\"https:\\\/\\\/waffentechnik-solingen.com\\\/fr\\\/#website\"},\"primaryImageOfPage\":{\"@id\":\"https:\\\/\\\/waffentechnik-solingen.com\\\/fr\\\/domaines-dapplication\\\/#primaryimage\"},\"image\":{\"@id\":\"https:\\\/\\\/waffentechnik-solingen.com\\\/fr\\\/domaines-dapplication\\\/#primaryimage\"},\"thumbnailUrl\":\"https:\\\/\\\/waffentechnik-solingen.com\\\/wp-content\\\/uploads\\\/waffentechnik_anwendungsbereiche.jpg\",\"datePublished\":\"2023-01-13T14:32:32+00:00\",\"dateModified\":\"2023-08-01T13:44:00+00:00\",\"description\":\"\u00c9quipement militaire optimal pour tous les usages \u25ba En Suisse & \u00e0 l'\u00e9tranger \u2713 Infanterie \u2713 Engagements sur le terrain \u2713 Missions de sauvetage \u2713 \u2794 \u00c0 d\u00e9couvrir maintenant !\",\"breadcrumb\":{\"@id\":\"https:\\\/\\\/waffentechnik-solingen.com\\\/fr\\\/domaines-dapplication\\\/#breadcrumb\"},\"inLanguage\":\"fr-FR\",\"potentialAction\":[{\"@type\":\"ReadAction\",\"target\":[\"https:\\\/\\\/waffentechnik-solingen.com\\\/fr\\\/domaines-dapplication\\\/\"]}]},{\"@type\":\"ImageObject\",\"inLanguage\":\"fr-FR\",\"@id\":\"https:\\\/\\\/waffentechnik-solingen.com\\\/fr\\\/domaines-dapplication\\\/#primaryimage\",\"url\":\"https:\\\/\\\/waffentechnik-solingen.com\\\/wp-content\\\/uploads\\\/waffentechnik_anwendungsbereiche.jpg\",\"contentUrl\":\"https:\\\/\\\/waffentechnik-solingen.com\\\/wp-content\\\/uploads\\\/waffentechnik_anwendungsbereiche.jpg\"},{\"@type\":\"BreadcrumbList\",\"@id\":\"https:\\\/\\\/waffentechnik-solingen.com\\\/fr\\\/domaines-dapplication\\\/#breadcrumb\",\"itemListElement\":[{\"@type\":\"ListItem\",\"position\":1,\"name\":\"Startseite\",\"item\":\"https:\\\/\\\/waffentechnik-solingen.com\\\/fr\\\/\"},{\"@type\":\"ListItem\",\"position\":2,\"name\":\"Domaines d&#8217;application\"}]},{\"@type\":\"WebSite\",\"@id\":\"https:\\\/\\\/waffentechnik-solingen.com\\\/fr\\\/#website\",\"url\":\"https:\\\/\\\/waffentechnik-solingen.com\\\/fr\\\/\",\"name\":\"Waffentechnik - Borkott &amp; Eickhorn\",\"description\":\"\",\"publisher\":{\"@id\":\"https:\\\/\\\/waffentechnik-solingen.com\\\/fr\\\/#organization\"},\"potentialAction\":[{\"@type\":\"SearchAction\",\"target\":{\"@type\":\"EntryPoint\",\"urlTemplate\":\"https:\\\/\\\/waffentechnik-solingen.com\\\/fr\\\/?s={search_term_string}\"},\"query-input\":{\"@type\":\"PropertyValueSpecification\",\"valueRequired\":true,\"valueName\":\"search_term_string\"}}],\"inLanguage\":\"fr-FR\"},{\"@type\":\"Organization\",\"@id\":\"https:\\\/\\\/waffentechnik-solingen.com\\\/fr\\\/#organization\",\"name\":\"Waffentechnik - Borkott &amp; Eickhorn\",\"url\":\"https:\\\/\\\/waffentechnik-solingen.com\\\/fr\\\/\",\"logo\":{\"@type\":\"ImageObject\",\"inLanguage\":\"fr-FR\",\"@id\":\"https:\\\/\\\/waffentechnik-solingen.com\\\/fr\\\/#\\\/schema\\\/logo\\\/image\\\/\",\"url\":\"https:\\\/\\\/waffentechnik-solingen.com\\\/wp-content\\\/uploads\\\/waffentechnik_logo.svg\",\"contentUrl\":\"https:\\\/\\\/waffentechnik-solingen.com\\\/wp-content\\\/uploads\\\/waffentechnik_logo.svg\",\"caption\":\"Waffentechnik - Borkott &amp; Eickhorn\"},\"image\":{\"@id\":\"https:\\\/\\\/waffentechnik-solingen.com\\\/fr\\\/#\\\/schema\\\/logo\\\/image\\\/\"}}]}<\/script>\n<!-- \/ Yoast SEO plugin. -->","yoast_head_json":{"title":"Armes et outils de haute qualit\u00e9 \u00e0 des fins op\u00e9rationnelles","description":"\u00c9quipement militaire optimal pour tous les usages \u25ba En Suisse & \u00e0 l'\u00e9tranger \u2713 Infanterie \u2713 Engagements sur le terrain \u2713 Missions de sauvetage \u2713 \u2794 \u00c0 d\u00e9couvrir maintenant !","robots":{"index":"index","follow":"follow","max-snippet":"max-snippet:-1","max-image-preview":"max-image-preview:large","max-video-preview":"max-video-preview:-1"},"canonical":"https:\/\/waffentechnik-solingen.com\/fr\/domaines-dapplication\/","og_locale":"fr_FR","og_type":"article","og_title":"Armes et outils de haute qualit\u00e9 \u00e0 des fins op\u00e9rationnelles","og_description":"\u00c9quipement militaire optimal pour tous les usages \u25ba En Suisse & \u00e0 l'\u00e9tranger \u2713 Infanterie \u2713 Engagements sur le terrain \u2713 Missions de sauvetage \u2713 \u2794 \u00c0 d\u00e9couvrir maintenant !","og_url":"https:\/\/waffentechnik-solingen.com\/fr\/domaines-dapplication\/","og_site_name":"Waffentechnik - Borkott &amp; Eickhorn","article_modified_time":"2023-08-01T13:44:00+00:00","og_image":[{"url":"https:\/\/waffentechnik-solingen.com\/wp-content\/uploads\/waffentechnik_anwendungsbereiche.jpg","type":"","width":"","height":""}],"twitter_card":"summary_large_image","twitter_misc":{"Dur\u00e9e de lecture estim\u00e9e":"1 minute"},"schema":{"@context":"https:\/\/schema.org","@graph":[{"@type":"WebPage","@id":"https:\/\/waffentechnik-solingen.com\/fr\/domaines-dapplication\/","url":"https:\/\/waffentechnik-solingen.com\/fr\/domaines-dapplication\/","name":"Armes et outils de haute qualit\u00e9 \u00e0 des fins op\u00e9rationnelles","isPartOf":{"@id":"https:\/\/waffentechnik-solingen.com\/fr\/#website"},"primaryImageOfPage":{"@id":"https:\/\/waffentechnik-solingen.com\/fr\/domaines-dapplication\/#primaryimage"},"image":{"@id":"https:\/\/waffentechnik-solingen.com\/fr\/domaines-dapplication\/#primaryimage"},"thumbnailUrl":"https:\/\/waffentechnik-solingen.com\/wp-content\/uploads\/waffentechnik_anwendungsbereiche.jpg","datePublished":"2023-01-13T14:32:32+00:00","dateModified":"2023-08-01T13:44:00+00:00","description":"\u00c9quipement militaire optimal pour tous les usages \u25ba En Suisse & \u00e0 l'\u00e9tranger \u2713 Infanterie \u2713 Engagements sur le terrain \u2713 Missions de sauvetage \u2713 \u2794 \u00c0 d\u00e9couvrir maintenant !","breadcrumb":{"@id":"https:\/\/waffentechnik-solingen.com\/fr\/domaines-dapplication\/#breadcrumb"},"inLanguage":"fr-FR","potentialAction":[{"@type":"ReadAction","target":["https:\/\/waffentechnik-solingen.com\/fr\/domaines-dapplication\/"]}]},{"@type":"ImageObject","inLanguage":"fr-FR","@id":"https:\/\/waffentechnik-solingen.com\/fr\/domaines-dapplication\/#primaryimage","url":"https:\/\/waffentechnik-solingen.com\/wp-content\/uploads\/waffentechnik_anwendungsbereiche.jpg","contentUrl":"https:\/\/waffentechnik-solingen.com\/wp-content\/uploads\/waffentechnik_anwendungsbereiche.jpg"},{"@type":"BreadcrumbList","@id":"https:\/\/waffentechnik-solingen.com\/fr\/domaines-dapplication\/#breadcrumb","itemListElement":[{"@type":"ListItem","position":1,"name":"Startseite","item":"https:\/\/waffentechnik-solingen.com\/fr\/"},{"@type":"ListItem","position":2,"name":"Domaines d&#8217;application"}]},{"@type":"WebSite","@id":"https:\/\/waffentechnik-solingen.com\/fr\/#website","url":"https:\/\/waffentechnik-solingen.com\/fr\/","name":"Waffentechnik - Borkott &amp; Eickhorn","description":"","publisher":{"@id":"https:\/\/waffentechnik-solingen.com\/fr\/#organization"},"potentialAction":[{"@type":"SearchAction","target":{"@type":"EntryPoint","urlTemplate":"https:\/\/waffentechnik-solingen.com\/fr\/?s={search_term_string}"},"query-input":{"@type":"PropertyValueSpecification","valueRequired":true,"valueName":"search_term_string"}}],"inLanguage":"fr-FR"},{"@type":"Organization","@id":"https:\/\/waffentechnik-solingen.com\/fr\/#organization","name":"Waffentechnik - Borkott &amp; Eickhorn","url":"https:\/\/waffentechnik-solingen.com\/fr\/","logo":{"@type":"ImageObject","inLanguage":"fr-FR","@id":"https:\/\/waffentechnik-solingen.com\/fr\/#\/schema\/logo\/image\/","url":"https:\/\/waffentechnik-solingen.com\/wp-content\/uploads\/waffentechnik_logo.svg","contentUrl":"https:\/\/waffentechnik-solingen.com\/wp-content\/uploads\/waffentechnik_logo.svg","caption":"Waffentechnik - Borkott &amp; Eickhorn"},"image":{"@id":"https:\/\/waffentechnik-solingen.com\/fr\/#\/schema\/logo\/image\/"}}]}},"_links":{"self":[{"href":"https:\/\/waffentechnik-solingen.com\/fr\/wp-json\/wp\/v2\/pages\/2334","targetHints":{"allow":["GET"]}}],"collection":[{"href":"https:\/\/waffentechnik-solingen.com\/fr\/wp-json\/wp\/v2\/pages"}],"about":[{"href":"https:\/\/waffentechnik-solingen.com\/fr\/wp-json\/wp\/v2\/types\/page"}],"author":[{"embeddable":true,"href":"https:\/\/waffentechnik-solingen.com\/fr\/wp-json\/wp\/v2\/users\/1"}],"replies":[{"embeddable":true,"href":"https:\/\/waffentechnik-solingen.com\/fr\/wp-json\/wp\/v2\/comments?post=2334"}],"version-history":[{"count":4,"href":"https:\/\/waffentechnik-solingen.com\/fr\/wp-json\/wp\/v2\/pages\/2334\/revisions"}],"predecessor-version":[{"id":2633,"href":"https:\/\/waffentechnik-solingen.com\/fr\/wp-json\/wp\/v2\/pages\/2334\/revisions\/2633"}],"wp:attachment":[{"href":"https:\/\/waffentechnik-solingen.com\/fr\/wp-json\/wp\/v2\/media?parent=2334"}],"curies":[{"name":"wp","href":"https:\/\/api.w.org\/{rel}","templated":true}]}}