{"id":2326,"date":"2023-01-13T15:33:13","date_gmt":"2023-01-13T14:33:13","guid":{"rendered":"https:\/\/waffentechnik-solingen.pixel-tal.de\/actualites\/"},"modified":"2023-08-01T15:42:57","modified_gmt":"2023-08-01T13:42:57","slug":"actualites","status":"publish","type":"page","link":"https:\/\/waffentechnik-solingen.com\/fr\/actualites\/","title":{"rendered":"Actualit\u00e9s"},"content":{"rendered":"        \r\n            <!-- hero -->\r\n        \r\n                    \r\n            <div id=\"hero-8ac1d5f678b548ad56307f97002b405b\" class=\"hero\">\r\n\t\t\t\t<div class=\"hero-slider\">\t\t\t\t\n        \r\n            <!-- hero -->\r\n        \r\n                    \r\n            <div  class=\"hero-slide hero-slide-51582d144e833e8d91cc241c7b1a746b \">\r\n\r\n\t\t\t\t<div class=\"hero-canvas\">\r\n\t\t\t\t\t<div class=\"hero-content\">\r\n\t\t\t\t\t\t<span class=\"hero-headline headline\">Actualit\u00e9s<\/span>\t\t\t\t\t\t<span class=\"hero-subheadline subheadline\">s\u00fbr en toute situation<\/span>\t\t\t\t\t\t\t\t\t\t\t<\/div>\r\n\t\t\t\t<\/div>\r\n\r\n\t\t\t\t\t\t\t\t\t<div class=\"hero-background\">\r\n\t\t\t\t\t\t<img decoding=\"async\" src=\"https:\/\/waffentechnik-solingen.com\/wp-content\/uploads\/waffentechnik_header_aktuelles.jpg\" \/>\r\n\t\t\t\t\t<\/div>\r\n\t\t\t\t\r\n\t\t\t<\/div>\r\n        \r\n                    \r\n            <!-- end:hero -->\r\n        \r\n            \n\r\n\t\t\t\t<\/div>\t\t\t<\/div>\r\n        \r\n                    \r\n            <!-- end:hero -->\r\n        \r\n            \n\n<section class=\"gb-container gb-container-bc19afb6\"><div class=\"gb-inside-container\">\n\n<div class=\"wp-block-pixel-headline headlines is-subheadline-bottom has-text-align-left\"><h1 class=\"headline\" style=\"color:#000000\">Informations actuelles<\/h1><span class=\"subheadline\" style=\"color:\">Actualit\u00e9s et informations pour les autorit\u00e9s de s\u00e9curit\u00e9<\/span><\/div>\n\n\n\n<p>Dans le monde de la technologie des armes, il y a toujours de nouveaux d\u00e9veloppements. Pour que nous &#8211; et nos clients &#8211; soyons toujours \u00e0 la pointe de l&rsquo;actualit\u00e9, nous gardons les yeux et les oreilles ouverts et vous informons \u00e0 intervalles r\u00e9guliers des nouveaut\u00e9s passionnantes.<\/p>\n\n\n\n<p>Alors, si vous voulez savoir ce qui attend la technologie des armes \u00e0 l&rsquo;avenir, il vous suffit de consulter r\u00e9guli\u00e8rement ce site. Nous vous tiendrons au courant.<\/p>\n\n<\/div><\/section>\n\n<section class=\"gb-container gb-container-c62077c4 section-bgc news-group\"><div class=\"gb-inside-container\">\n<div class=\"gb-grid-wrapper gb-grid-wrapper-6f9d6891\">\n<div class=\"gb-grid-column gb-grid-column-cab40e70\"><div class=\"gb-container gb-container-cab40e70\"><div class=\"gb-inside-container\">\n\n<div class=\"gb-grid-wrapper gb-grid-wrapper-d2422e22 raster-ql gb-query-loop-wrapper\">\n<div class=\"gb-grid-column gb-grid-column-30baa502 gb-query-loop-item post-2686 post type-post status-publish format-standard has-post-thumbnail hentry category-actuel\"><div class=\"gb-container gb-container-30baa502 post-bgc-white\"><div class=\"gb-inside-container\">\n<figure class=\"gb-block-image gb-block-image-f054c0a8\"><img loading=\"lazy\" decoding=\"async\" width=\"1200\" height=\"627\" src=\"https:\/\/waffentechnik-solingen.com\/wp-content\/uploads\/enforce_tac_2026.jpg\" class=\"gb-image-f054c0a8\" alt=\"\" srcset=\"https:\/\/waffentechnik-solingen.com\/wp-content\/uploads\/enforce_tac_2026.jpg 1200w, https:\/\/waffentechnik-solingen.com\/wp-content\/uploads\/enforce_tac_2026-300x157.jpg 300w, https:\/\/waffentechnik-solingen.com\/wp-content\/uploads\/enforce_tac_2026-1024x535.jpg 1024w, https:\/\/waffentechnik-solingen.com\/wp-content\/uploads\/enforce_tac_2026-768x401.jpg 768w\" sizes=\"auto, (max-width: 1200px) 100vw, 1200px\" \/><\/figure>\n\n<h2 class=\"gb-headline gb-headline-e307371c gb-headline-text\"><a href=\"https:\/\/waffentechnik-solingen.com\/fr\/actuel\/salon-enforcetac-2025\/\">Salon Enforce Tac 2025<\/a><\/h2>\n\n<div class=\"gb-headline gb-headline-bb0b35a3 gb-headline-text\">Waffentechnik Solingen sera pr\u00e9sent au salon Enforce Tac entre le 24.02.2025 et le 26.02.2025 \u00e0 Nuremberg. N&rsquo;h\u00e9sitez pas \u00e0 nous rendre visite au stand 311 dans le hall 7A.<\/div>\n\n<div class=\"gb-button-wrapper gb-button-wrapper-36bb24b9\">\n<a class=\"gb-button gb-button-b191647e gb-button-text\" href=\"https:\/\/waffentechnik-solingen.com\/fr\/actuel\/salon-enforcetac-2025\/\">Lire la suite<\/a>\n<\/div>\n<\/div><\/div><\/div>\n\n<div class=\"gb-grid-column gb-grid-column-30baa502 gb-query-loop-item post-2296 post type-post status-publish format-standard has-post-thumbnail hentry category-actuel\"><div class=\"gb-container gb-container-30baa502 post-bgc-white\"><div class=\"gb-inside-container\">\n<figure class=\"gb-block-image gb-block-image-f054c0a8\"><img loading=\"lazy\" decoding=\"async\" width=\"560\" height=\"290\" src=\"https:\/\/waffentechnik-solingen.com\/wp-content\/uploads\/news_1MOA-GmbH.jpg\" class=\"gb-image-f054c0a8\" alt=\"\" srcset=\"https:\/\/waffentechnik-solingen.com\/wp-content\/uploads\/news_1MOA-GmbH.jpg 560w, https:\/\/waffentechnik-solingen.com\/wp-content\/uploads\/news_1MOA-GmbH-300x155.jpg 300w\" sizes=\"auto, (max-width: 560px) 100vw, 560px\" \/><\/figure>\n\n<h2 class=\"gb-headline gb-headline-e307371c gb-headline-text\"><a href=\"https:\/\/waffentechnik-solingen.com\/fr\/actuel\/1moa-gmbh\/\">1MOA GmbH<\/a><\/h2>\n\n<div class=\"gb-headline gb-headline-bb0b35a3 gb-headline-text\">La soci\u00e9t\u00e9 1MOA GmbH devient notre distributeur exclusif pour l&rsquo;Allemagne. Les clients finaux, les d\u00e9taillants et les grossistes sont pri\u00e9s de s&rsquo;adresser \u00e0 nous s&rsquo;ils sont int\u00e9ress\u00e9s par nos produits : 1MOA GmbHAm R\u00fchrl\u00f6ffel 15 (en allemand)07646 Stadtroda Contact : Michael GastT\u00e9l. : 0175-4647284Courrier \u00e9lectronique : michael.gast@moderne-schiesslehre.de<\/div>\n\n<div class=\"gb-button-wrapper gb-button-wrapper-36bb24b9\">\n<a class=\"gb-button gb-button-b191647e gb-button-text\" href=\"https:\/\/waffentechnik-solingen.com\/fr\/actuel\/1moa-gmbh\/\">Lire la suite<\/a>\n<\/div>\n<\/div><\/div><\/div>\n<\/div>\n\n<\/div><\/div><\/div>\n<\/div>\n<\/div><\/section>","protected":false},"excerpt":{"rendered":"<p>Dans le monde de la technologie des armes, il y a toujours de nouveaux d\u00e9veloppements. Pour que nous &#8211; et nos clients &#8211; soyons toujours \u00e0 la pointe de l&rsquo;actualit\u00e9, nous gardons les yeux et les oreilles ouverts et vous informons \u00e0 intervalles r\u00e9guliers des nouveaut\u00e9s passionnantes. Alors, si vous voulez savoir ce qui attend &#8230; <a title=\"Actualit\u00e9s\" class=\"read-more\" href=\"https:\/\/waffentechnik-solingen.com\/fr\/actualites\/\" aria-label=\"En savoir plus sur Actualit\u00e9s\">Weiterlesen &#8230;<\/a><\/p>\n","protected":false},"author":1,"featured_media":0,"parent":0,"menu_order":7,"comment_status":"closed","ping_status":"closed","template":"","meta":{"_acf_changed":false,"inline_featured_image":false,"footnotes":""},"class_list":["post-2326","page","type-page","status-publish"],"acf":[],"yoast_head":"<!-- This site is optimized with the Yoast SEO plugin v27.5 - https:\/\/yoast.com\/product\/yoast-seo-wordpress\/ -->\n<title>Nouvelles les plus r\u00e9centes et les plus passionnantes dans le domaine des technologies de l&#039;armement<\/title>\n<meta name=\"description\" content=\"News &amp; infos pour les autorit\u00e9s de s\u00e9curit\u00e9 \u25ba Actualit\u00e9s de la technologie des armes. D\u00e9couvrez ici les derniers d\u00e9veloppements \u2794 Informez-vous maintenant !\" \/>\n<meta name=\"robots\" content=\"index, follow, max-snippet:-1, max-image-preview:large, max-video-preview:-1\" \/>\n<link rel=\"canonical\" href=\"https:\/\/waffentechnik-solingen.com\/fr\/actualites\/\" \/>\n<meta property=\"og:locale\" content=\"fr_FR\" \/>\n<meta property=\"og:type\" content=\"article\" \/>\n<meta property=\"og:title\" content=\"Nouvelles les plus r\u00e9centes et les plus passionnantes dans le domaine des technologies de l&#039;armement\" \/>\n<meta property=\"og:description\" content=\"News &amp; infos pour les autorit\u00e9s de s\u00e9curit\u00e9 \u25ba Actualit\u00e9s de la technologie des armes. D\u00e9couvrez ici les derniers d\u00e9veloppements \u2794 Informez-vous maintenant !\" \/>\n<meta property=\"og:url\" content=\"https:\/\/waffentechnik-solingen.com\/fr\/actualites\/\" \/>\n<meta property=\"og:site_name\" content=\"Waffentechnik - Borkott &amp; Eickhorn\" \/>\n<meta property=\"article:modified_time\" content=\"2023-08-01T13:42:57+00:00\" \/>\n<meta name=\"twitter:card\" content=\"summary_large_image\" \/>\n<meta name=\"twitter:label1\" content=\"Dur\u00e9e de lecture estim\u00e9e\" \/>\n\t<meta name=\"twitter:data1\" content=\"1 minute\" \/>\n<script type=\"application\/ld+json\" class=\"yoast-schema-graph\">{\"@context\":\"https:\\\/\\\/schema.org\",\"@graph\":[{\"@type\":\"WebPage\",\"@id\":\"https:\\\/\\\/waffentechnik-solingen.com\\\/fr\\\/actualites\\\/\",\"url\":\"https:\\\/\\\/waffentechnik-solingen.com\\\/fr\\\/actualites\\\/\",\"name\":\"Nouvelles les plus r\u00e9centes et les plus passionnantes dans le domaine des technologies de l'armement\",\"isPartOf\":{\"@id\":\"https:\\\/\\\/waffentechnik-solingen.com\\\/fr\\\/#website\"},\"datePublished\":\"2023-01-13T14:33:13+00:00\",\"dateModified\":\"2023-08-01T13:42:57+00:00\",\"description\":\"News & infos pour les autorit\u00e9s de s\u00e9curit\u00e9 \u25ba Actualit\u00e9s de la technologie des armes. D\u00e9couvrez ici les derniers d\u00e9veloppements \u2794 Informez-vous maintenant !\",\"breadcrumb\":{\"@id\":\"https:\\\/\\\/waffentechnik-solingen.com\\\/fr\\\/actualites\\\/#breadcrumb\"},\"inLanguage\":\"fr-FR\",\"potentialAction\":[{\"@type\":\"ReadAction\",\"target\":[\"https:\\\/\\\/waffentechnik-solingen.com\\\/fr\\\/actualites\\\/\"]}]},{\"@type\":\"BreadcrumbList\",\"@id\":\"https:\\\/\\\/waffentechnik-solingen.com\\\/fr\\\/actualites\\\/#breadcrumb\",\"itemListElement\":[{\"@type\":\"ListItem\",\"position\":1,\"name\":\"Startseite\",\"item\":\"https:\\\/\\\/waffentechnik-solingen.com\\\/fr\\\/\"},{\"@type\":\"ListItem\",\"position\":2,\"name\":\"Actualit\u00e9s\"}]},{\"@type\":\"WebSite\",\"@id\":\"https:\\\/\\\/waffentechnik-solingen.com\\\/fr\\\/#website\",\"url\":\"https:\\\/\\\/waffentechnik-solingen.com\\\/fr\\\/\",\"name\":\"Waffentechnik - Borkott &amp; Eickhorn\",\"description\":\"\",\"publisher\":{\"@id\":\"https:\\\/\\\/waffentechnik-solingen.com\\\/fr\\\/#organization\"},\"potentialAction\":[{\"@type\":\"SearchAction\",\"target\":{\"@type\":\"EntryPoint\",\"urlTemplate\":\"https:\\\/\\\/waffentechnik-solingen.com\\\/fr\\\/?s={search_term_string}\"},\"query-input\":{\"@type\":\"PropertyValueSpecification\",\"valueRequired\":true,\"valueName\":\"search_term_string\"}}],\"inLanguage\":\"fr-FR\"},{\"@type\":\"Organization\",\"@id\":\"https:\\\/\\\/waffentechnik-solingen.com\\\/fr\\\/#organization\",\"name\":\"Waffentechnik - Borkott &amp; Eickhorn\",\"url\":\"https:\\\/\\\/waffentechnik-solingen.com\\\/fr\\\/\",\"logo\":{\"@type\":\"ImageObject\",\"inLanguage\":\"fr-FR\",\"@id\":\"https:\\\/\\\/waffentechnik-solingen.com\\\/fr\\\/#\\\/schema\\\/logo\\\/image\\\/\",\"url\":\"https:\\\/\\\/waffentechnik-solingen.com\\\/wp-content\\\/uploads\\\/waffentechnik_logo.svg\",\"contentUrl\":\"https:\\\/\\\/waffentechnik-solingen.com\\\/wp-content\\\/uploads\\\/waffentechnik_logo.svg\",\"caption\":\"Waffentechnik - Borkott &amp; Eickhorn\"},\"image\":{\"@id\":\"https:\\\/\\\/waffentechnik-solingen.com\\\/fr\\\/#\\\/schema\\\/logo\\\/image\\\/\"}}]}<\/script>\n<!-- \/ Yoast SEO plugin. -->","yoast_head_json":{"title":"Nouvelles les plus r\u00e9centes et les plus passionnantes dans le domaine des technologies de l'armement","description":"News & infos pour les autorit\u00e9s de s\u00e9curit\u00e9 \u25ba Actualit\u00e9s de la technologie des armes. D\u00e9couvrez ici les derniers d\u00e9veloppements \u2794 Informez-vous maintenant !","robots":{"index":"index","follow":"follow","max-snippet":"max-snippet:-1","max-image-preview":"max-image-preview:large","max-video-preview":"max-video-preview:-1"},"canonical":"https:\/\/waffentechnik-solingen.com\/fr\/actualites\/","og_locale":"fr_FR","og_type":"article","og_title":"Nouvelles les plus r\u00e9centes et les plus passionnantes dans le domaine des technologies de l'armement","og_description":"News & infos pour les autorit\u00e9s de s\u00e9curit\u00e9 \u25ba Actualit\u00e9s de la technologie des armes. D\u00e9couvrez ici les derniers d\u00e9veloppements \u2794 Informez-vous maintenant !","og_url":"https:\/\/waffentechnik-solingen.com\/fr\/actualites\/","og_site_name":"Waffentechnik - Borkott &amp; Eickhorn","article_modified_time":"2023-08-01T13:42:57+00:00","twitter_card":"summary_large_image","twitter_misc":{"Dur\u00e9e de lecture estim\u00e9e":"1 minute"},"schema":{"@context":"https:\/\/schema.org","@graph":[{"@type":"WebPage","@id":"https:\/\/waffentechnik-solingen.com\/fr\/actualites\/","url":"https:\/\/waffentechnik-solingen.com\/fr\/actualites\/","name":"Nouvelles les plus r\u00e9centes et les plus passionnantes dans le domaine des technologies de l'armement","isPartOf":{"@id":"https:\/\/waffentechnik-solingen.com\/fr\/#website"},"datePublished":"2023-01-13T14:33:13+00:00","dateModified":"2023-08-01T13:42:57+00:00","description":"News & infos pour les autorit\u00e9s de s\u00e9curit\u00e9 \u25ba Actualit\u00e9s de la technologie des armes. D\u00e9couvrez ici les derniers d\u00e9veloppements \u2794 Informez-vous maintenant !","breadcrumb":{"@id":"https:\/\/waffentechnik-solingen.com\/fr\/actualites\/#breadcrumb"},"inLanguage":"fr-FR","potentialAction":[{"@type":"ReadAction","target":["https:\/\/waffentechnik-solingen.com\/fr\/actualites\/"]}]},{"@type":"BreadcrumbList","@id":"https:\/\/waffentechnik-solingen.com\/fr\/actualites\/#breadcrumb","itemListElement":[{"@type":"ListItem","position":1,"name":"Startseite","item":"https:\/\/waffentechnik-solingen.com\/fr\/"},{"@type":"ListItem","position":2,"name":"Actualit\u00e9s"}]},{"@type":"WebSite","@id":"https:\/\/waffentechnik-solingen.com\/fr\/#website","url":"https:\/\/waffentechnik-solingen.com\/fr\/","name":"Waffentechnik - Borkott &amp; Eickhorn","description":"","publisher":{"@id":"https:\/\/waffentechnik-solingen.com\/fr\/#organization"},"potentialAction":[{"@type":"SearchAction","target":{"@type":"EntryPoint","urlTemplate":"https:\/\/waffentechnik-solingen.com\/fr\/?s={search_term_string}"},"query-input":{"@type":"PropertyValueSpecification","valueRequired":true,"valueName":"search_term_string"}}],"inLanguage":"fr-FR"},{"@type":"Organization","@id":"https:\/\/waffentechnik-solingen.com\/fr\/#organization","name":"Waffentechnik - Borkott &amp; Eickhorn","url":"https:\/\/waffentechnik-solingen.com\/fr\/","logo":{"@type":"ImageObject","inLanguage":"fr-FR","@id":"https:\/\/waffentechnik-solingen.com\/fr\/#\/schema\/logo\/image\/","url":"https:\/\/waffentechnik-solingen.com\/wp-content\/uploads\/waffentechnik_logo.svg","contentUrl":"https:\/\/waffentechnik-solingen.com\/wp-content\/uploads\/waffentechnik_logo.svg","caption":"Waffentechnik - Borkott &amp; Eickhorn"},"image":{"@id":"https:\/\/waffentechnik-solingen.com\/fr\/#\/schema\/logo\/image\/"}}]}},"_links":{"self":[{"href":"https:\/\/waffentechnik-solingen.com\/fr\/wp-json\/wp\/v2\/pages\/2326","targetHints":{"allow":["GET"]}}],"collection":[{"href":"https:\/\/waffentechnik-solingen.com\/fr\/wp-json\/wp\/v2\/pages"}],"about":[{"href":"https:\/\/waffentechnik-solingen.com\/fr\/wp-json\/wp\/v2\/types\/page"}],"author":[{"embeddable":true,"href":"https:\/\/waffentechnik-solingen.com\/fr\/wp-json\/wp\/v2\/users\/1"}],"replies":[{"embeddable":true,"href":"https:\/\/waffentechnik-solingen.com\/fr\/wp-json\/wp\/v2\/comments?post=2326"}],"version-history":[{"count":2,"href":"https:\/\/waffentechnik-solingen.com\/fr\/wp-json\/wp\/v2\/pages\/2326\/revisions"}],"predecessor-version":[{"id":2631,"href":"https:\/\/waffentechnik-solingen.com\/fr\/wp-json\/wp\/v2\/pages\/2326\/revisions\/2631"}],"wp:attachment":[{"href":"https:\/\/waffentechnik-solingen.com\/fr\/wp-json\/wp\/v2\/media?parent=2326"}],"curies":[{"name":"wp","href":"https:\/\/api.w.org\/{rel}","templated":true}]}}