{"id":2415,"date":"2023-01-26T10:14:16","date_gmt":"2023-01-26T09:14:16","guid":{"rendered":"https:\/\/waffentechnik-solingen.pixel-tal.de\/ambitos-de-aplicacion\/autoridades-policiales\/"},"modified":"2023-08-01T16:03:54","modified_gmt":"2023-08-01T14:03:54","slug":"autoridades-policiales","status":"publish","type":"page","link":"https:\/\/waffentechnik-solingen.com\/es\/ambitos-de-aplicacion\/autoridades-policiales\/","title":{"rendered":"Autoridades policiales"},"content":{"rendered":"        \r\n            <!-- hero -->\r\n        \r\n                    \r\n            <div id=\"hero-5be9f4c7424fa9d8e31557e71d6ad713\" class=\"hero\">\r\n\t\t\t\t<div class=\"hero-slider\">\t\t\t\t\n        \r\n            <!-- hero -->\r\n        \r\n                    \r\n            <div  class=\"hero-slide hero-slide-ff33dfc1ecbd05c1dd2b9b8377362fdd \">\r\n\r\n\t\t\t\t<div class=\"hero-canvas\">\r\n\t\t\t\t\t<div class=\"hero-content\">\r\n\t\t\t\t\t\t<span class=\"hero-headline headline\">Equipamiento para las autoridades policiales<\/span>\t\t\t\t\t\t<span class=\"hero-subheadline subheadline\">Seguridad nacional<\/span>\t\t\t\t\t\t\t\t\t\t\t<\/div>\r\n\t\t\t\t<\/div>\r\n\r\n\t\t\t\t\t\t\t\t\t<div class=\"hero-background\">\r\n\t\t\t\t\t\t<img decoding=\"async\" src=\"https:\/\/waffentechnik-solingen.com\/wp-content\/uploads\/waffentechnik_header_militaer.jpg\" \/>\r\n\t\t\t\t\t<\/div>\r\n\t\t\t\t\r\n\t\t\t<\/div>\r\n        \r\n                    \r\n            <!-- end:hero -->\r\n        \r\n            \n\r\n\t\t\t\t<\/div>\t\t\t<\/div>\r\n        \r\n                    \r\n            <!-- end:hero -->\r\n        \r\n            \n\n<section class=\"gb-container gb-container-49d8e713\"><div class=\"gb-inside-container\">\n<div class=\"gb-grid-wrapper gb-grid-wrapper-a1a8688d\">\n<div class=\"gb-grid-column gb-grid-column-bc19afb6\"><div class=\"gb-container gb-container-bc19afb6\"><div class=\"gb-inside-container\">\n\n<div class=\"wp-block-pixel-headline headlines is-subheadline-bottom has-text-align-left\"><h1 class=\"headline\" style=\"color:#000000\">Equipamiento para las autoridades policiales<\/h1><span class=\"subheadline\" style=\"color:\">EN PERFECTA SINTON\u00cdA CON LA MISI\u00d3N<\/span><\/div>\n\n\n\n<p>Pr\u00e1cticos y c\u00f3modos: con nuestros productos bien pensados para las autoridades policiales, garantizamos la seguridad sobre el terreno. S\u00f3lo se utilizaron los mejores materiales para la barra de la funda giratoria para pistoleras, as\u00ed como para la funda giratoria para bastones y para el portacargador, y los productos se sometieron a pruebas de carga continua para estar absolutamente seguros de que los agentes pueden confiar en ellos.<\/p>\n\n<\/div><\/div><\/div>\n\n<div class=\"gb-grid-column gb-grid-column-d1baa5df\"><div class=\"gb-container gb-container-d1baa5df\"><div class=\"gb-inside-container\">\n\n<figure class=\"gb-block-image gb-block-image-adff637f\"><img loading=\"lazy\" decoding=\"async\" width=\"800\" height=\"480\" class=\"gb-image gb-image-adff637f\" src=\"https:\/\/waffentechnik-solingen.com\/wp-content\/uploads\/waffentechnik_ploizei_2.jpg\" alt=\"\" title=\"armamento_ploizei_2\" srcset=\"https:\/\/waffentechnik-solingen.com\/wp-content\/uploads\/waffentechnik_ploizei_2.jpg 800w, https:\/\/waffentechnik-solingen.com\/wp-content\/uploads\/waffentechnik_ploizei_2-300x180.jpg 300w, https:\/\/waffentechnik-solingen.com\/wp-content\/uploads\/waffentechnik_ploizei_2-768x461.jpg 768w\" sizes=\"auto, (max-width: 800px) 100vw, 800px\" \/><\/figure>\n\n<\/div><\/div><\/div>\n<\/div>\n<\/div><\/section>\n\n<section class=\"gb-container gb-container-ae72c47d section-bgc products-group\"><div class=\"gb-inside-container\">\n<div class=\"gb-container gb-container-25f209c4\"><div class=\"gb-inside-container\">\n\n<div class=\"wp-block-pixel-headline headlines is-subheadline-bottom has-text-align-left\"><h2 class=\"headline\" style=\"color:\">Recursos t\u00e9cnicos<\/h2><\/div>\n\n<\/div><\/div>\n\n\n<div class=\"gb-grid-wrapper gb-grid-wrapper-e3795102 gb-query-loop-wrapper\">\n<div class=\"gb-grid-column gb-grid-column-5e3607db gb-query-loop-item post-2371 product type-product status-publish format-standard has-post-thumbnail hentry tax_produkte-technische-einsatzmittel-es\"><div class=\"gb-container gb-container-5e3607db\"><div class=\"gb-inside-container\">\n<h2 class=\"gb-headline gb-headline-8d6e26b8 gb-headline-text\"><a href=\"https:\/\/waffentechnik-solingen.com\/es\/produkte\/barra-giratoria-para-funda-de-pistola\/\">Barra giratoria para funda de pistola<\/a><\/h2>\n\n<figure class=\"gb-block-image gb-block-image-214de9ee\"><img loading=\"lazy\" decoding=\"async\" width=\"678\" height=\"591\" src=\"https:\/\/waffentechnik-solingen.com\/wp-content\/uploads\/waffentechnik_pistolenholster_product.png\" class=\"gb-image-214de9ee\" alt=\"\" srcset=\"https:\/\/waffentechnik-solingen.com\/wp-content\/uploads\/waffentechnik_pistolenholster_product.png 678w, https:\/\/waffentechnik-solingen.com\/wp-content\/uploads\/waffentechnik_pistolenholster_product-300x262.png 300w\" sizes=\"auto, (max-width: 678px) 100vw, 678px\" \/><\/figure>\n\n<div class=\"gb-headline gb-headline-68fcdfc6 gb-headline-text\">Holstersteg giratorio para la polic\u00eda en NRW. Este dise\u00f1o facilita su uso en espacios reducidos, como en un coche patrulla.<\/div>\n\n<div class=\"gb-button-wrapper gb-button-wrapper-8f4d4aa5\">\n<a class=\"gb-button gb-button-11a6a55b gb-button-text\" href=\"https:\/\/waffentechnik-solingen.com\/es\/produkte\/barra-giratoria-para-funda-de-pistola\/\">Acerca del producto<\/a>\n<\/div>\n<\/div><\/div><\/div>\n\n<div class=\"gb-grid-column gb-grid-column-5e3607db gb-query-loop-item post-2387 product type-product status-publish format-standard has-post-thumbnail hentry tax_produkte-technische-einsatzmittel-es\"><div class=\"gb-container gb-container-5e3607db\"><div class=\"gb-inside-container\">\n<h2 class=\"gb-headline gb-headline-8d6e26b8 gb-headline-text\"><a href=\"https:\/\/waffentechnik-solingen.com\/es\/produkte\/funda-giratoria-para-bastones\/\">Funda giratoria para bastones<\/a><\/h2>\n\n<figure class=\"gb-block-image gb-block-image-214de9ee\"><img loading=\"lazy\" decoding=\"async\" width=\"649\" height=\"666\" src=\"https:\/\/waffentechnik-solingen.com\/wp-content\/uploads\/waffentechnik_schlagstockholster_product.png\" class=\"gb-image-214de9ee\" alt=\"\" srcset=\"https:\/\/waffentechnik-solingen.com\/wp-content\/uploads\/waffentechnik_schlagstockholster_product.png 649w, https:\/\/waffentechnik-solingen.com\/wp-content\/uploads\/waffentechnik_schlagstockholster_product-292x300.png 292w\" sizes=\"auto, (max-width: 649px) 100vw, 649px\" \/><\/figure>\n\n<div class=\"gb-headline gb-headline-68fcdfc6 gb-headline-text\">Funda giratoria para bastones. Este dise\u00f1o facilita sentarse en espacios reducidos.<\/div>\n\n<div class=\"gb-button-wrapper gb-button-wrapper-8f4d4aa5\">\n<a class=\"gb-button gb-button-11a6a55b gb-button-text\" href=\"https:\/\/waffentechnik-solingen.com\/es\/produkte\/funda-giratoria-para-bastones\/\">Acerca del producto<\/a>\n<\/div>\n<\/div><\/div><\/div>\n\n<div class=\"gb-grid-column gb-grid-column-5e3607db gb-query-loop-item post-2378 product type-product status-publish format-standard has-post-thumbnail hentry tax_produkte-technische-einsatzmittel-es\"><div class=\"gb-container gb-container-5e3607db\"><div class=\"gb-inside-container\">\n<h2 class=\"gb-headline gb-headline-8d6e26b8 gb-headline-text\"><a href=\"https:\/\/waffentechnik-solingen.com\/es\/produkte\/portacargador-para-mp5\/\">Portacargador doble MP5<\/a><\/h2>\n\n<figure class=\"gb-block-image gb-block-image-214de9ee\"><img loading=\"lazy\" decoding=\"async\" width=\"483\" height=\"594\" src=\"https:\/\/waffentechnik-solingen.com\/wp-content\/uploads\/waffentechnik_magazinhalter_product.png\" class=\"gb-image-214de9ee\" alt=\"\" srcset=\"https:\/\/waffentechnik-solingen.com\/wp-content\/uploads\/waffentechnik_magazinhalter_product.png 483w, https:\/\/waffentechnik-solingen.com\/wp-content\/uploads\/waffentechnik_magazinhalter_product-244x300.png 244w\" sizes=\"auto, (max-width: 483px) 100vw, 483px\" \/><\/figure>\n\n<div class=\"gb-headline gb-headline-68fcdfc6 gb-headline-text\">Este portacargador fue desarrollado para la polic\u00eda de Renania del Norte-Westfalia. Actualmente est\u00e1 disponible para cargadores para MP5. Es posible la adaptaci\u00f3n a otras revistas.<\/div>\n\n<div class=\"gb-button-wrapper gb-button-wrapper-8f4d4aa5\">\n<a class=\"gb-button gb-button-11a6a55b gb-button-text\" href=\"https:\/\/waffentechnik-solingen.com\/es\/produkte\/portacargador-para-mp5\/\">Acerca del producto<\/a>\n<\/div>\n<\/div><\/div><\/div>\n<\/div>\n\n<\/div><\/section>","protected":false},"excerpt":{"rendered":"","protected":false},"author":1,"featured_media":0,"parent":2338,"menu_order":1,"comment_status":"closed","ping_status":"closed","template":"","meta":{"_acf_changed":false,"inline_featured_image":false,"footnotes":""},"class_list":["post-2415","page","type-page","status-publish"],"acf":[],"yoast_head":"<!-- This site is optimized with the Yoast SEO plugin v27.3 - https:\/\/yoast.com\/product\/yoast-seo-wordpress\/ -->\n<title>Equipamiento para polic\u00eda, fuerzas especiales y seguridad nacional<\/title>\n<meta name=\"description\" content=\"\u00d3ptimo para emergencias &amp; rescates \u25ba Adecuado para cada situaci\u00f3n: Hoja de gancho \u2713 Rompedor de disco \u2713 Cortador de cintur\u00f3n \u2713 \u2794 \u00a1Desc\u00fabrelo ahora!\" \/>\n<meta name=\"robots\" content=\"index, follow, max-snippet:-1, max-image-preview:large, max-video-preview:-1\" \/>\n<link rel=\"canonical\" href=\"https:\/\/waffentechnik-solingen.com\/es\/ambitos-de-aplicacion\/autoridades-policiales\/\" \/>\n<meta property=\"og:locale\" content=\"es_ES\" \/>\n<meta property=\"og:type\" content=\"article\" \/>\n<meta property=\"og:title\" content=\"Equipamiento para polic\u00eda, fuerzas especiales y seguridad nacional\" \/>\n<meta property=\"og:description\" content=\"\u00d3ptimo para emergencias &amp; rescates \u25ba Adecuado para cada situaci\u00f3n: Hoja de gancho \u2713 Rompedor de disco \u2713 Cortador de cintur\u00f3n \u2713 \u2794 \u00a1Desc\u00fabrelo ahora!\" \/>\n<meta property=\"og:url\" content=\"https:\/\/waffentechnik-solingen.com\/es\/ambitos-de-aplicacion\/autoridades-policiales\/\" \/>\n<meta property=\"og:site_name\" content=\"Waffentechnik - Borkott &amp; Eickhorn\" \/>\n<meta property=\"article:modified_time\" content=\"2023-08-01T14:03:54+00:00\" \/>\n<meta property=\"og:image\" content=\"https:\/\/waffentechnik-solingen.com\/wp-content\/uploads\/waffentechnik_ploizei_2.jpg\" \/>\n<meta name=\"twitter:card\" content=\"summary_large_image\" \/>\n<meta name=\"twitter:label1\" content=\"Tiempo de lectura\" \/>\n\t<meta name=\"twitter:data1\" content=\"1 minuto\" \/>\n<script type=\"application\/ld+json\" class=\"yoast-schema-graph\">{\"@context\":\"https:\\\/\\\/schema.org\",\"@graph\":[{\"@type\":\"WebPage\",\"@id\":\"https:\\\/\\\/waffentechnik-solingen.com\\\/es\\\/ambitos-de-aplicacion\\\/autoridades-policiales\\\/\",\"url\":\"https:\\\/\\\/waffentechnik-solingen.com\\\/es\\\/ambitos-de-aplicacion\\\/autoridades-policiales\\\/\",\"name\":\"Equipamiento para polic\u00eda, fuerzas especiales y seguridad nacional\",\"isPartOf\":{\"@id\":\"https:\\\/\\\/waffentechnik-solingen.com\\\/es\\\/#website\"},\"primaryImageOfPage\":{\"@id\":\"https:\\\/\\\/waffentechnik-solingen.com\\\/es\\\/ambitos-de-aplicacion\\\/autoridades-policiales\\\/#primaryimage\"},\"image\":{\"@id\":\"https:\\\/\\\/waffentechnik-solingen.com\\\/es\\\/ambitos-de-aplicacion\\\/autoridades-policiales\\\/#primaryimage\"},\"thumbnailUrl\":\"https:\\\/\\\/waffentechnik-solingen.com\\\/wp-content\\\/uploads\\\/waffentechnik_ploizei_2.jpg\",\"datePublished\":\"2023-01-26T09:14:16+00:00\",\"dateModified\":\"2023-08-01T14:03:54+00:00\",\"description\":\"\u00d3ptimo para emergencias & rescates \u25ba Adecuado para cada situaci\u00f3n: Hoja de gancho \u2713 Rompedor de disco \u2713 Cortador de cintur\u00f3n \u2713 \u2794 \u00a1Desc\u00fabrelo ahora!\",\"breadcrumb\":{\"@id\":\"https:\\\/\\\/waffentechnik-solingen.com\\\/es\\\/ambitos-de-aplicacion\\\/autoridades-policiales\\\/#breadcrumb\"},\"inLanguage\":\"es\",\"potentialAction\":[{\"@type\":\"ReadAction\",\"target\":[\"https:\\\/\\\/waffentechnik-solingen.com\\\/es\\\/ambitos-de-aplicacion\\\/autoridades-policiales\\\/\"]}]},{\"@type\":\"ImageObject\",\"inLanguage\":\"es\",\"@id\":\"https:\\\/\\\/waffentechnik-solingen.com\\\/es\\\/ambitos-de-aplicacion\\\/autoridades-policiales\\\/#primaryimage\",\"url\":\"https:\\\/\\\/waffentechnik-solingen.com\\\/wp-content\\\/uploads\\\/waffentechnik_ploizei_2.jpg\",\"contentUrl\":\"https:\\\/\\\/waffentechnik-solingen.com\\\/wp-content\\\/uploads\\\/waffentechnik_ploizei_2.jpg\"},{\"@type\":\"BreadcrumbList\",\"@id\":\"https:\\\/\\\/waffentechnik-solingen.com\\\/es\\\/ambitos-de-aplicacion\\\/autoridades-policiales\\\/#breadcrumb\",\"itemListElement\":[{\"@type\":\"ListItem\",\"position\":1,\"name\":\"Startseite\",\"item\":\"https:\\\/\\\/waffentechnik-solingen.com\\\/es\\\/\"},{\"@type\":\"ListItem\",\"position\":2,\"name\":\"\u00c1mbitos de aplicaci\u00f3n\",\"item\":\"https:\\\/\\\/waffentechnik-solingen.com\\\/es\\\/ambitos-de-aplicacion\\\/\"},{\"@type\":\"ListItem\",\"position\":3,\"name\":\"Autoridades policiales\"}]},{\"@type\":\"WebSite\",\"@id\":\"https:\\\/\\\/waffentechnik-solingen.com\\\/es\\\/#website\",\"url\":\"https:\\\/\\\/waffentechnik-solingen.com\\\/es\\\/\",\"name\":\"Waffentechnik - Borkott &amp; Eickhorn\",\"description\":\"\",\"publisher\":{\"@id\":\"https:\\\/\\\/waffentechnik-solingen.com\\\/es\\\/#organization\"},\"potentialAction\":[{\"@type\":\"SearchAction\",\"target\":{\"@type\":\"EntryPoint\",\"urlTemplate\":\"https:\\\/\\\/waffentechnik-solingen.com\\\/es\\\/?s={search_term_string}\"},\"query-input\":{\"@type\":\"PropertyValueSpecification\",\"valueRequired\":true,\"valueName\":\"search_term_string\"}}],\"inLanguage\":\"es\"},{\"@type\":\"Organization\",\"@id\":\"https:\\\/\\\/waffentechnik-solingen.com\\\/es\\\/#organization\",\"name\":\"Waffentechnik - Borkott &amp; Eickhorn\",\"url\":\"https:\\\/\\\/waffentechnik-solingen.com\\\/es\\\/\",\"logo\":{\"@type\":\"ImageObject\",\"inLanguage\":\"es\",\"@id\":\"https:\\\/\\\/waffentechnik-solingen.com\\\/es\\\/#\\\/schema\\\/logo\\\/image\\\/\",\"url\":\"https:\\\/\\\/waffentechnik-solingen.com\\\/wp-content\\\/uploads\\\/waffentechnik_logo.svg\",\"contentUrl\":\"https:\\\/\\\/waffentechnik-solingen.com\\\/wp-content\\\/uploads\\\/waffentechnik_logo.svg\",\"caption\":\"Waffentechnik - Borkott &amp; Eickhorn\"},\"image\":{\"@id\":\"https:\\\/\\\/waffentechnik-solingen.com\\\/es\\\/#\\\/schema\\\/logo\\\/image\\\/\"}}]}<\/script>\n<!-- \/ Yoast SEO plugin. -->","yoast_head_json":{"title":"Equipamiento para polic\u00eda, fuerzas especiales y seguridad nacional","description":"\u00d3ptimo para emergencias & rescates \u25ba Adecuado para cada situaci\u00f3n: Hoja de gancho \u2713 Rompedor de disco \u2713 Cortador de cintur\u00f3n \u2713 \u2794 \u00a1Desc\u00fabrelo ahora!","robots":{"index":"index","follow":"follow","max-snippet":"max-snippet:-1","max-image-preview":"max-image-preview:large","max-video-preview":"max-video-preview:-1"},"canonical":"https:\/\/waffentechnik-solingen.com\/es\/ambitos-de-aplicacion\/autoridades-policiales\/","og_locale":"es_ES","og_type":"article","og_title":"Equipamiento para polic\u00eda, fuerzas especiales y seguridad nacional","og_description":"\u00d3ptimo para emergencias & rescates \u25ba Adecuado para cada situaci\u00f3n: Hoja de gancho \u2713 Rompedor de disco \u2713 Cortador de cintur\u00f3n \u2713 \u2794 \u00a1Desc\u00fabrelo ahora!","og_url":"https:\/\/waffentechnik-solingen.com\/es\/ambitos-de-aplicacion\/autoridades-policiales\/","og_site_name":"Waffentechnik - Borkott &amp; Eickhorn","article_modified_time":"2023-08-01T14:03:54+00:00","og_image":[{"url":"https:\/\/waffentechnik-solingen.com\/wp-content\/uploads\/waffentechnik_ploizei_2.jpg","type":"","width":"","height":""}],"twitter_card":"summary_large_image","twitter_misc":{"Tiempo de lectura":"1 minuto"},"schema":{"@context":"https:\/\/schema.org","@graph":[{"@type":"WebPage","@id":"https:\/\/waffentechnik-solingen.com\/es\/ambitos-de-aplicacion\/autoridades-policiales\/","url":"https:\/\/waffentechnik-solingen.com\/es\/ambitos-de-aplicacion\/autoridades-policiales\/","name":"Equipamiento para polic\u00eda, fuerzas especiales y seguridad nacional","isPartOf":{"@id":"https:\/\/waffentechnik-solingen.com\/es\/#website"},"primaryImageOfPage":{"@id":"https:\/\/waffentechnik-solingen.com\/es\/ambitos-de-aplicacion\/autoridades-policiales\/#primaryimage"},"image":{"@id":"https:\/\/waffentechnik-solingen.com\/es\/ambitos-de-aplicacion\/autoridades-policiales\/#primaryimage"},"thumbnailUrl":"https:\/\/waffentechnik-solingen.com\/wp-content\/uploads\/waffentechnik_ploizei_2.jpg","datePublished":"2023-01-26T09:14:16+00:00","dateModified":"2023-08-01T14:03:54+00:00","description":"\u00d3ptimo para emergencias & rescates \u25ba Adecuado para cada situaci\u00f3n: Hoja de gancho \u2713 Rompedor de disco \u2713 Cortador de cintur\u00f3n \u2713 \u2794 \u00a1Desc\u00fabrelo ahora!","breadcrumb":{"@id":"https:\/\/waffentechnik-solingen.com\/es\/ambitos-de-aplicacion\/autoridades-policiales\/#breadcrumb"},"inLanguage":"es","potentialAction":[{"@type":"ReadAction","target":["https:\/\/waffentechnik-solingen.com\/es\/ambitos-de-aplicacion\/autoridades-policiales\/"]}]},{"@type":"ImageObject","inLanguage":"es","@id":"https:\/\/waffentechnik-solingen.com\/es\/ambitos-de-aplicacion\/autoridades-policiales\/#primaryimage","url":"https:\/\/waffentechnik-solingen.com\/wp-content\/uploads\/waffentechnik_ploizei_2.jpg","contentUrl":"https:\/\/waffentechnik-solingen.com\/wp-content\/uploads\/waffentechnik_ploizei_2.jpg"},{"@type":"BreadcrumbList","@id":"https:\/\/waffentechnik-solingen.com\/es\/ambitos-de-aplicacion\/autoridades-policiales\/#breadcrumb","itemListElement":[{"@type":"ListItem","position":1,"name":"Startseite","item":"https:\/\/waffentechnik-solingen.com\/es\/"},{"@type":"ListItem","position":2,"name":"\u00c1mbitos de aplicaci\u00f3n","item":"https:\/\/waffentechnik-solingen.com\/es\/ambitos-de-aplicacion\/"},{"@type":"ListItem","position":3,"name":"Autoridades policiales"}]},{"@type":"WebSite","@id":"https:\/\/waffentechnik-solingen.com\/es\/#website","url":"https:\/\/waffentechnik-solingen.com\/es\/","name":"Waffentechnik - Borkott &amp; Eickhorn","description":"","publisher":{"@id":"https:\/\/waffentechnik-solingen.com\/es\/#organization"},"potentialAction":[{"@type":"SearchAction","target":{"@type":"EntryPoint","urlTemplate":"https:\/\/waffentechnik-solingen.com\/es\/?s={search_term_string}"},"query-input":{"@type":"PropertyValueSpecification","valueRequired":true,"valueName":"search_term_string"}}],"inLanguage":"es"},{"@type":"Organization","@id":"https:\/\/waffentechnik-solingen.com\/es\/#organization","name":"Waffentechnik - Borkott &amp; Eickhorn","url":"https:\/\/waffentechnik-solingen.com\/es\/","logo":{"@type":"ImageObject","inLanguage":"es","@id":"https:\/\/waffentechnik-solingen.com\/es\/#\/schema\/logo\/image\/","url":"https:\/\/waffentechnik-solingen.com\/wp-content\/uploads\/waffentechnik_logo.svg","contentUrl":"https:\/\/waffentechnik-solingen.com\/wp-content\/uploads\/waffentechnik_logo.svg","caption":"Waffentechnik - Borkott &amp; Eickhorn"},"image":{"@id":"https:\/\/waffentechnik-solingen.com\/es\/#\/schema\/logo\/image\/"}}]}},"_links":{"self":[{"href":"https:\/\/waffentechnik-solingen.com\/es\/wp-json\/wp\/v2\/pages\/2415","targetHints":{"allow":["GET"]}}],"collection":[{"href":"https:\/\/waffentechnik-solingen.com\/es\/wp-json\/wp\/v2\/pages"}],"about":[{"href":"https:\/\/waffentechnik-solingen.com\/es\/wp-json\/wp\/v2\/types\/page"}],"author":[{"embeddable":true,"href":"https:\/\/waffentechnik-solingen.com\/es\/wp-json\/wp\/v2\/users\/1"}],"replies":[{"embeddable":true,"href":"https:\/\/waffentechnik-solingen.com\/es\/wp-json\/wp\/v2\/comments?post=2415"}],"version-history":[{"count":2,"href":"https:\/\/waffentechnik-solingen.com\/es\/wp-json\/wp\/v2\/pages\/2415\/revisions"}],"predecessor-version":[{"id":2647,"href":"https:\/\/waffentechnik-solingen.com\/es\/wp-json\/wp\/v2\/pages\/2415\/revisions\/2647"}],"up":[{"embeddable":true,"href":"https:\/\/waffentechnik-solingen.com\/es\/wp-json\/wp\/v2\/pages\/2338"}],"wp:attachment":[{"href":"https:\/\/waffentechnik-solingen.com\/es\/wp-json\/wp\/v2\/media?parent=2415"}],"curies":[{"name":"wp","href":"https:\/\/api.w.org\/{rel}","templated":true}]}}