{"id":2346,"date":"2023-01-13T15:31:59","date_gmt":"2023-01-13T14:31:59","guid":{"rendered":"https:\/\/waffentechnik-solingen.pixel-tal.de\/recursos-tecnicos\/"},"modified":"2025-04-22T11:34:42","modified_gmt":"2025-04-22T09:34:42","slug":"medios-tecnicos-confortables-para-la-maxima-seguridad","status":"publish","type":"page","link":"https:\/\/waffentechnik-solingen.com\/es\/medios-tecnicos-confortables-para-la-maxima-seguridad\/","title":{"rendered":"Recursos t\u00e9cnicos"},"content":{"rendered":"        \r\n            <!-- hero -->\r\n        \r\n                    \r\n            <div id=\"hero-23d1a761d8ec94440e683761576a51ff\" class=\"hero\">\r\n\t\t\t\t<div class=\"hero-slider\">\t\t\t\t\n        \r\n            <!-- hero -->\r\n        \r\n                    \r\n            <div  class=\"hero-slide hero-slide-d1b9a69c87ef08bca9f4290a7dfdf02d \">\r\n\r\n\t\t\t\t<div class=\"hero-canvas\">\r\n\t\t\t\t\t<div class=\"hero-content\">\r\n\t\t\t\t\t\t<span class=\"hero-headline headline\">Recursos t\u00e9cnicos<\/span>\t\t\t\t\t\t<span class=\"hero-subheadline subheadline\">M\u00e1xima seguridad<\/span>\t\t\t\t\t\t\t\t\t\t\t<\/div>\r\n\t\t\t\t<\/div>\r\n\r\n\t\t\t\t\t\t\t\t\t<div class=\"hero-background\">\r\n\t\t\t\t\t\t<img decoding=\"async\" src=\"https:\/\/waffentechnik-solingen.com\/wp-content\/uploads\/waffentechnik_magazinhalter_header.jpg\" \/>\r\n\t\t\t\t\t<\/div>\r\n\t\t\t\t\r\n\t\t\t<\/div>\r\n        \r\n                    \r\n            <!-- end:hero -->\r\n        \r\n            \n\r\n\t\t\t\t<\/div>\t\t\t<\/div>\r\n        \r\n                    \r\n            <!-- end:hero -->\r\n        \r\n            \n\n<section class=\"gb-container gb-container-966d483a\"><div class=\"gb-inside-container\">\n<div class=\"gb-grid-wrapper gb-grid-wrapper-e2468845\">\n<div class=\"gb-grid-column gb-grid-column-424972ae\"><div class=\"gb-container gb-container-424972ae\"><div class=\"gb-inside-container\">\n\n<div class=\"wp-block-pixel-headline headlines is-subheadline-bottom has-text-align-left\"><h1 class=\"headline\" style=\"color:#000000\">Recursos t\u00e9cnicos<\/h1><span class=\"subheadline\" style=\"color:\">M\u00c1XIMO CONFORT<\/span><\/div>\n\n\n\n<p>Pr\u00e1cticos, c\u00f3modos y absolutamente fiables gracias a un dise\u00f1o robusto: Con nuestros equipos de respuesta t\u00e9cnica, apoyamos a los agentes de polic\u00eda en su trabajo diario.<\/p>\n\n\n\n<ul class=\"wp-block-list list-plus\">\n<li>Barra giratoria para funda de pistola<\/li>\n\n\n\n<li>Funda giratoria para bastones<\/li>\n\n\n\n<li>Portacargador para MP5<\/li>\n\n\n\n<li>se est\u00e1n desarrollando otros productos o pueden desarrollarse a petici\u00f3n del cliente<\/li>\n<\/ul>\n\n<\/div><\/div><\/div>\n\n<div class=\"gb-grid-column gb-grid-column-8d3445af\"><div class=\"gb-container gb-container-8d3445af\"><div class=\"gb-inside-container\">\n\n<figure class=\"wp-block-image size-full\"><img loading=\"lazy\" decoding=\"async\" width=\"812\" height=\"349\" src=\"https:\/\/waffentechnik-solingen.com\/wp-content\/uploads\/waffentechnik_background_rettungsmesser.jpg\" alt=\"\" class=\"wp-image-1443\" srcset=\"https:\/\/waffentechnik-solingen.com\/wp-content\/uploads\/waffentechnik_background_rettungsmesser.jpg 812w, https:\/\/waffentechnik-solingen.com\/wp-content\/uploads\/waffentechnik_background_rettungsmesser-300x129.jpg 300w, https:\/\/waffentechnik-solingen.com\/wp-content\/uploads\/waffentechnik_background_rettungsmesser-768x330.jpg 768w\" sizes=\"auto, (max-width: 812px) 100vw, 812px\" \/><\/figure>\n\n<\/div><\/div><\/div>\n<\/div>\n<\/div><\/section>\n\n<section class=\"gb-container gb-container-7470ad00 section-bgc products-group\"><div class=\"gb-inside-container\">\n<div class=\"gb-container gb-container-0af83f3b\"><div class=\"gb-inside-container\">\n\n<div class=\"wp-block-pixel-headline headlines is-subheadline-bottom has-text-align-left\"><h2 class=\"headline\" style=\"color:\">NUESTRA SELECCI\u00d3N<\/h2><span class=\"subheadline\" style=\"color:\">Pruebas sobre el terreno<\/span><\/div>\n\n<\/div><\/div>\n\n\n<div class=\"gb-grid-wrapper gb-grid-wrapper-7f3a49f5 gb-query-loop-wrapper\">\n<div class=\"gb-grid-column gb-grid-column-dcf02ec6 gb-query-loop-item post-2371 product type-product status-publish format-standard has-post-thumbnail hentry tax_produkte-technische-einsatzmittel-es\"><div class=\"gb-container gb-container-dcf02ec6\"><div class=\"gb-inside-container\">\n<h2 class=\"gb-headline gb-headline-a882d6fa gb-headline-text\"><a href=\"https:\/\/waffentechnik-solingen.com\/es\/produkte\/barra-giratoria-para-funda-de-pistola\/\">Barra giratoria para funda de pistola<\/a><\/h2>\n\n<figure class=\"gb-block-image gb-block-image-c1c04e30\"><img loading=\"lazy\" decoding=\"async\" width=\"678\" height=\"591\" src=\"https:\/\/waffentechnik-solingen.com\/wp-content\/uploads\/waffentechnik_pistolenholster_product.png\" class=\"gb-image-c1c04e30\" alt=\"\" srcset=\"https:\/\/waffentechnik-solingen.com\/wp-content\/uploads\/waffentechnik_pistolenholster_product.png 678w, https:\/\/waffentechnik-solingen.com\/wp-content\/uploads\/waffentechnik_pistolenholster_product-300x262.png 300w\" sizes=\"auto, (max-width: 678px) 100vw, 678px\" \/><\/figure>\n\n<div class=\"gb-headline gb-headline-3224648b gb-headline-text\">Holstersteg giratorio para la polic\u00eda en NRW. Este dise\u00f1o facilita su uso en espacios reducidos, como en un coche patrulla.<\/div>\n\n<div class=\"gb-button-wrapper gb-button-wrapper-26740a16\">\n<a class=\"gb-button gb-button-82ed7ba2 gb-button-text\" href=\"https:\/\/waffentechnik-solingen.com\/es\/produkte\/barra-giratoria-para-funda-de-pistola\/\">Acerca del producto<\/a>\n<\/div>\n<\/div><\/div><\/div>\n\n<div class=\"gb-grid-column gb-grid-column-dcf02ec6 gb-query-loop-item post-2387 product type-product status-publish format-standard has-post-thumbnail hentry tax_produkte-technische-einsatzmittel-es\"><div class=\"gb-container gb-container-dcf02ec6\"><div class=\"gb-inside-container\">\n<h2 class=\"gb-headline gb-headline-a882d6fa gb-headline-text\"><a href=\"https:\/\/waffentechnik-solingen.com\/es\/produkte\/funda-giratoria-para-bastones\/\">Funda giratoria para bastones<\/a><\/h2>\n\n<figure class=\"gb-block-image gb-block-image-c1c04e30\"><img loading=\"lazy\" decoding=\"async\" width=\"649\" height=\"666\" src=\"https:\/\/waffentechnik-solingen.com\/wp-content\/uploads\/waffentechnik_schlagstockholster_product.png\" class=\"gb-image-c1c04e30\" alt=\"\" srcset=\"https:\/\/waffentechnik-solingen.com\/wp-content\/uploads\/waffentechnik_schlagstockholster_product.png 649w, https:\/\/waffentechnik-solingen.com\/wp-content\/uploads\/waffentechnik_schlagstockholster_product-292x300.png 292w\" sizes=\"auto, (max-width: 649px) 100vw, 649px\" \/><\/figure>\n\n<div class=\"gb-headline gb-headline-3224648b gb-headline-text\">Funda giratoria para bastones. Este dise\u00f1o facilita sentarse en espacios reducidos.<\/div>\n\n<div class=\"gb-button-wrapper gb-button-wrapper-26740a16\">\n<a class=\"gb-button gb-button-82ed7ba2 gb-button-text\" href=\"https:\/\/waffentechnik-solingen.com\/es\/produkte\/funda-giratoria-para-bastones\/\">Acerca del producto<\/a>\n<\/div>\n<\/div><\/div><\/div>\n\n<div class=\"gb-grid-column gb-grid-column-dcf02ec6 gb-query-loop-item post-2378 product type-product status-publish format-standard has-post-thumbnail hentry tax_produkte-technische-einsatzmittel-es\"><div class=\"gb-container gb-container-dcf02ec6\"><div class=\"gb-inside-container\">\n<h2 class=\"gb-headline gb-headline-a882d6fa gb-headline-text\"><a href=\"https:\/\/waffentechnik-solingen.com\/es\/produkte\/portacargador-para-mp5\/\">Portacargador doble MP5<\/a><\/h2>\n\n<figure class=\"gb-block-image gb-block-image-c1c04e30\"><img loading=\"lazy\" decoding=\"async\" width=\"483\" height=\"594\" src=\"https:\/\/waffentechnik-solingen.com\/wp-content\/uploads\/waffentechnik_magazinhalter_product.png\" class=\"gb-image-c1c04e30\" alt=\"\" srcset=\"https:\/\/waffentechnik-solingen.com\/wp-content\/uploads\/waffentechnik_magazinhalter_product.png 483w, https:\/\/waffentechnik-solingen.com\/wp-content\/uploads\/waffentechnik_magazinhalter_product-244x300.png 244w\" sizes=\"auto, (max-width: 483px) 100vw, 483px\" \/><\/figure>\n\n<div class=\"gb-headline gb-headline-3224648b gb-headline-text\">Este portacargador fue desarrollado para la polic\u00eda de Renania del Norte-Westfalia. Actualmente est\u00e1 disponible para cargadores para MP5. Es posible la adaptaci\u00f3n a otras revistas.<\/div>\n\n<div class=\"gb-button-wrapper gb-button-wrapper-26740a16\">\n<a class=\"gb-button gb-button-82ed7ba2 gb-button-text\" href=\"https:\/\/waffentechnik-solingen.com\/es\/produkte\/portacargador-para-mp5\/\">Acerca del producto<\/a>\n<\/div>\n<\/div><\/div><\/div>\n<\/div>\n\n<\/div><\/section>\n\n<section class=\"gb-container gb-container-49d8e713\"><div class=\"gb-inside-container\">\n<div class=\"gb-grid-wrapper gb-grid-wrapper-a1a8688d\">\n<div class=\"gb-grid-column gb-grid-column-28936e76\"><div class=\"gb-container gb-container-28936e76\"><div class=\"gb-inside-container\">\n\n<p>Los productos mostrados son s\u00f3lo una selecci\u00f3n de nuestra gama de productos. Estaremos encantados de personalizar el producto y adaptarlo a tus necesidades. Ponte en contacto con nosotros para concertar una cita para el proyecto.<\/p>\n\n\n\n<p>Tambi\u00e9n nos complace desarrollar contigo productos completamente nuevos. Esto tambi\u00e9n es posible para peque\u00f1as cantidades de 100 piezas o m\u00e1s y se aplica tanto a nuestra gama de armas de fogueo como a los productos para misiones espec\u00edficas del sector policial y militar. <\/p>\n\n<\/div><\/div><\/div>\n\n<div class=\"gb-grid-column gb-grid-column-9814e9da\"><div class=\"gb-container gb-container-9814e9da\"><div class=\"gb-inside-container\">\n\n<p>Algunos ejemplos en nuestro sitio web son la barra de la funda giratoria, el portacargadores MP5, la bayoneta B3K-BW y el cuchillo de combate Marinirs.<\/p>\n\n<\/div><\/div><\/div>\n<\/div>\n<\/div><\/section>\n\n<section class=\"gb-container gb-container-6c7c7363 section-bgi-full\"><div class=\"gb-inside-container\">\n<div class=\"gb-container gb-container-434aaf0c box-info\"><div class=\"gb-inside-container\">\n<div class=\"gb-grid-wrapper gb-grid-wrapper-5f18eee5\">\n<div class=\"gb-grid-column gb-grid-column-712c82b9\"><div class=\"gb-container gb-container-712c82b9\"><div class=\"gb-inside-container\">\n\n<div class=\"wp-block-pixel-headline headlines is-subheadline-bottom has-text-align-left\"><h2 class=\"headline is-h2\" style=\"color:\">m\u00e1ximo rendimiento<br>a trav\u00e9s de la mejor artesan\u00eda<\/h2><span class=\"subheadline\" style=\"color:\">Prometemos<\/span><\/div>\n\n<\/div><\/div><\/div>\n\n<div class=\"gb-grid-column gb-grid-column-71619819\"><div class=\"gb-container gb-container-71619819\"><div class=\"gb-inside-container\">\n<div class=\"gb-button-wrapper gb-button-wrapper-c579ff36\">\n\n<a class=\"gb-button gb-button-05a6324f gb-button-text\" href=\"https:\/\/waffentechnik-solingen.com\/es\/sobre-nosotros\/\">M\u00e1s informaci\u00f3n<\/a>\n\n<\/div>\n<\/div><\/div><\/div>\n<\/div>\n<\/div><\/div>\n<\/div><\/section>","protected":false},"excerpt":{"rendered":"","protected":false},"author":1,"featured_media":0,"parent":0,"menu_order":5,"comment_status":"closed","ping_status":"closed","template":"","meta":{"_acf_changed":false,"inline_featured_image":false,"footnotes":""},"class_list":["post-2346","page","type-page","status-publish"],"acf":[],"yoast_head":"<!-- This site is optimized with the Yoast SEO plugin v27.5 - https:\/\/yoast.com\/product\/yoast-seo-wordpress\/ -->\n<title>Recursos t\u00e9cnicos - Waffentechnik - Borkott &amp; Eickhorn<\/title>\n<meta name=\"description\" content=\"Equipamiento t\u00e9cnico para militares y polic\u00edas \u25ba M\u00e1ximo confort \u2713 M\u00e1xima seguridad \u2713 Robusto y absolutamente fiable \u2713 \u2794 \u00a1Desc\u00fabrelo ahora!\" \/>\n<meta name=\"robots\" content=\"index, follow, max-snippet:-1, max-image-preview:large, max-video-preview:-1\" \/>\n<link rel=\"canonical\" href=\"https:\/\/waffentechnik-solingen.com\/es\/medios-tecnicos-confortables-para-la-maxima-seguridad\/\" \/>\n<meta property=\"og:locale\" content=\"es_ES\" \/>\n<meta property=\"og:type\" content=\"article\" \/>\n<meta property=\"og:title\" content=\"Recursos t\u00e9cnicos - Waffentechnik - Borkott &amp; Eickhorn\" \/>\n<meta property=\"og:description\" content=\"Equipamiento t\u00e9cnico para militares y polic\u00edas \u25ba M\u00e1ximo confort \u2713 M\u00e1xima seguridad \u2713 Robusto y absolutamente fiable \u2713 \u2794 \u00a1Desc\u00fabrelo ahora!\" \/>\n<meta property=\"og:url\" content=\"https:\/\/waffentechnik-solingen.com\/es\/medios-tecnicos-confortables-para-la-maxima-seguridad\/\" \/>\n<meta property=\"og:site_name\" content=\"Waffentechnik - Borkott &amp; Eickhorn\" \/>\n<meta property=\"article:modified_time\" content=\"2025-04-22T09:34:42+00:00\" \/>\n<meta property=\"og:image\" content=\"https:\/\/waffentechnik-solingen.com\/wp-content\/uploads\/waffentechnik_background_rettungsmesser.jpg\" \/>\n<meta name=\"twitter:card\" content=\"summary_large_image\" \/>\n<meta name=\"twitter:label1\" content=\"Tiempo de lectura\" \/>\n\t<meta name=\"twitter:data1\" content=\"2 minutos\" \/>\n<script type=\"application\/ld+json\" class=\"yoast-schema-graph\">{\"@context\":\"https:\\\/\\\/schema.org\",\"@graph\":[{\"@type\":\"WebPage\",\"@id\":\"https:\\\/\\\/waffentechnik-solingen.com\\\/es\\\/medios-tecnicos-confortables-para-la-maxima-seguridad\\\/\",\"url\":\"https:\\\/\\\/waffentechnik-solingen.com\\\/es\\\/medios-tecnicos-confortables-para-la-maxima-seguridad\\\/\",\"name\":\"Recursos t\u00e9cnicos - Waffentechnik - Borkott &amp; Eickhorn\",\"isPartOf\":{\"@id\":\"https:\\\/\\\/waffentechnik-solingen.com\\\/es\\\/#website\"},\"primaryImageOfPage\":{\"@id\":\"https:\\\/\\\/waffentechnik-solingen.com\\\/es\\\/medios-tecnicos-confortables-para-la-maxima-seguridad\\\/#primaryimage\"},\"image\":{\"@id\":\"https:\\\/\\\/waffentechnik-solingen.com\\\/es\\\/medios-tecnicos-confortables-para-la-maxima-seguridad\\\/#primaryimage\"},\"thumbnailUrl\":\"https:\\\/\\\/waffentechnik-solingen.com\\\/wp-content\\\/uploads\\\/waffentechnik_background_rettungsmesser.jpg\",\"datePublished\":\"2023-01-13T14:31:59+00:00\",\"dateModified\":\"2025-04-22T09:34:42+00:00\",\"description\":\"Equipamiento t\u00e9cnico para militares y polic\u00edas \u25ba M\u00e1ximo confort \u2713 M\u00e1xima seguridad \u2713 Robusto y absolutamente fiable \u2713 \u2794 \u00a1Desc\u00fabrelo ahora!\",\"breadcrumb\":{\"@id\":\"https:\\\/\\\/waffentechnik-solingen.com\\\/es\\\/medios-tecnicos-confortables-para-la-maxima-seguridad\\\/#breadcrumb\"},\"inLanguage\":\"es\",\"potentialAction\":[{\"@type\":\"ReadAction\",\"target\":[\"https:\\\/\\\/waffentechnik-solingen.com\\\/es\\\/medios-tecnicos-confortables-para-la-maxima-seguridad\\\/\"]}]},{\"@type\":\"ImageObject\",\"inLanguage\":\"es\",\"@id\":\"https:\\\/\\\/waffentechnik-solingen.com\\\/es\\\/medios-tecnicos-confortables-para-la-maxima-seguridad\\\/#primaryimage\",\"url\":\"https:\\\/\\\/waffentechnik-solingen.com\\\/wp-content\\\/uploads\\\/waffentechnik_background_rettungsmesser.jpg\",\"contentUrl\":\"https:\\\/\\\/waffentechnik-solingen.com\\\/wp-content\\\/uploads\\\/waffentechnik_background_rettungsmesser.jpg\"},{\"@type\":\"BreadcrumbList\",\"@id\":\"https:\\\/\\\/waffentechnik-solingen.com\\\/es\\\/medios-tecnicos-confortables-para-la-maxima-seguridad\\\/#breadcrumb\",\"itemListElement\":[{\"@type\":\"ListItem\",\"position\":1,\"name\":\"Startseite\",\"item\":\"https:\\\/\\\/waffentechnik-solingen.com\\\/es\\\/\"},{\"@type\":\"ListItem\",\"position\":2,\"name\":\"Recursos t\u00e9cnicos\"}]},{\"@type\":\"WebSite\",\"@id\":\"https:\\\/\\\/waffentechnik-solingen.com\\\/es\\\/#website\",\"url\":\"https:\\\/\\\/waffentechnik-solingen.com\\\/es\\\/\",\"name\":\"Waffentechnik - Borkott &amp; Eickhorn\",\"description\":\"\",\"publisher\":{\"@id\":\"https:\\\/\\\/waffentechnik-solingen.com\\\/es\\\/#organization\"},\"potentialAction\":[{\"@type\":\"SearchAction\",\"target\":{\"@type\":\"EntryPoint\",\"urlTemplate\":\"https:\\\/\\\/waffentechnik-solingen.com\\\/es\\\/?s={search_term_string}\"},\"query-input\":{\"@type\":\"PropertyValueSpecification\",\"valueRequired\":true,\"valueName\":\"search_term_string\"}}],\"inLanguage\":\"es\"},{\"@type\":\"Organization\",\"@id\":\"https:\\\/\\\/waffentechnik-solingen.com\\\/es\\\/#organization\",\"name\":\"Waffentechnik - Borkott &amp; Eickhorn\",\"url\":\"https:\\\/\\\/waffentechnik-solingen.com\\\/es\\\/\",\"logo\":{\"@type\":\"ImageObject\",\"inLanguage\":\"es\",\"@id\":\"https:\\\/\\\/waffentechnik-solingen.com\\\/es\\\/#\\\/schema\\\/logo\\\/image\\\/\",\"url\":\"https:\\\/\\\/waffentechnik-solingen.com\\\/wp-content\\\/uploads\\\/waffentechnik_logo.svg\",\"contentUrl\":\"https:\\\/\\\/waffentechnik-solingen.com\\\/wp-content\\\/uploads\\\/waffentechnik_logo.svg\",\"caption\":\"Waffentechnik - Borkott &amp; Eickhorn\"},\"image\":{\"@id\":\"https:\\\/\\\/waffentechnik-solingen.com\\\/es\\\/#\\\/schema\\\/logo\\\/image\\\/\"}}]}<\/script>\n<!-- \/ Yoast SEO plugin. -->","yoast_head_json":{"title":"Recursos t\u00e9cnicos - Waffentechnik - Borkott &amp; Eickhorn","description":"Equipamiento t\u00e9cnico para militares y polic\u00edas \u25ba M\u00e1ximo confort \u2713 M\u00e1xima seguridad \u2713 Robusto y absolutamente fiable \u2713 \u2794 \u00a1Desc\u00fabrelo ahora!","robots":{"index":"index","follow":"follow","max-snippet":"max-snippet:-1","max-image-preview":"max-image-preview:large","max-video-preview":"max-video-preview:-1"},"canonical":"https:\/\/waffentechnik-solingen.com\/es\/medios-tecnicos-confortables-para-la-maxima-seguridad\/","og_locale":"es_ES","og_type":"article","og_title":"Recursos t\u00e9cnicos - Waffentechnik - Borkott &amp; Eickhorn","og_description":"Equipamiento t\u00e9cnico para militares y polic\u00edas \u25ba M\u00e1ximo confort \u2713 M\u00e1xima seguridad \u2713 Robusto y absolutamente fiable \u2713 \u2794 \u00a1Desc\u00fabrelo ahora!","og_url":"https:\/\/waffentechnik-solingen.com\/es\/medios-tecnicos-confortables-para-la-maxima-seguridad\/","og_site_name":"Waffentechnik - Borkott &amp; Eickhorn","article_modified_time":"2025-04-22T09:34:42+00:00","og_image":[{"url":"https:\/\/waffentechnik-solingen.com\/wp-content\/uploads\/waffentechnik_background_rettungsmesser.jpg","type":"","width":"","height":""}],"twitter_card":"summary_large_image","twitter_misc":{"Tiempo de lectura":"2 minutos"},"schema":{"@context":"https:\/\/schema.org","@graph":[{"@type":"WebPage","@id":"https:\/\/waffentechnik-solingen.com\/es\/medios-tecnicos-confortables-para-la-maxima-seguridad\/","url":"https:\/\/waffentechnik-solingen.com\/es\/medios-tecnicos-confortables-para-la-maxima-seguridad\/","name":"Recursos t\u00e9cnicos - Waffentechnik - Borkott &amp; Eickhorn","isPartOf":{"@id":"https:\/\/waffentechnik-solingen.com\/es\/#website"},"primaryImageOfPage":{"@id":"https:\/\/waffentechnik-solingen.com\/es\/medios-tecnicos-confortables-para-la-maxima-seguridad\/#primaryimage"},"image":{"@id":"https:\/\/waffentechnik-solingen.com\/es\/medios-tecnicos-confortables-para-la-maxima-seguridad\/#primaryimage"},"thumbnailUrl":"https:\/\/waffentechnik-solingen.com\/wp-content\/uploads\/waffentechnik_background_rettungsmesser.jpg","datePublished":"2023-01-13T14:31:59+00:00","dateModified":"2025-04-22T09:34:42+00:00","description":"Equipamiento t\u00e9cnico para militares y polic\u00edas \u25ba M\u00e1ximo confort \u2713 M\u00e1xima seguridad \u2713 Robusto y absolutamente fiable \u2713 \u2794 \u00a1Desc\u00fabrelo ahora!","breadcrumb":{"@id":"https:\/\/waffentechnik-solingen.com\/es\/medios-tecnicos-confortables-para-la-maxima-seguridad\/#breadcrumb"},"inLanguage":"es","potentialAction":[{"@type":"ReadAction","target":["https:\/\/waffentechnik-solingen.com\/es\/medios-tecnicos-confortables-para-la-maxima-seguridad\/"]}]},{"@type":"ImageObject","inLanguage":"es","@id":"https:\/\/waffentechnik-solingen.com\/es\/medios-tecnicos-confortables-para-la-maxima-seguridad\/#primaryimage","url":"https:\/\/waffentechnik-solingen.com\/wp-content\/uploads\/waffentechnik_background_rettungsmesser.jpg","contentUrl":"https:\/\/waffentechnik-solingen.com\/wp-content\/uploads\/waffentechnik_background_rettungsmesser.jpg"},{"@type":"BreadcrumbList","@id":"https:\/\/waffentechnik-solingen.com\/es\/medios-tecnicos-confortables-para-la-maxima-seguridad\/#breadcrumb","itemListElement":[{"@type":"ListItem","position":1,"name":"Startseite","item":"https:\/\/waffentechnik-solingen.com\/es\/"},{"@type":"ListItem","position":2,"name":"Recursos t\u00e9cnicos"}]},{"@type":"WebSite","@id":"https:\/\/waffentechnik-solingen.com\/es\/#website","url":"https:\/\/waffentechnik-solingen.com\/es\/","name":"Waffentechnik - Borkott &amp; Eickhorn","description":"","publisher":{"@id":"https:\/\/waffentechnik-solingen.com\/es\/#organization"},"potentialAction":[{"@type":"SearchAction","target":{"@type":"EntryPoint","urlTemplate":"https:\/\/waffentechnik-solingen.com\/es\/?s={search_term_string}"},"query-input":{"@type":"PropertyValueSpecification","valueRequired":true,"valueName":"search_term_string"}}],"inLanguage":"es"},{"@type":"Organization","@id":"https:\/\/waffentechnik-solingen.com\/es\/#organization","name":"Waffentechnik - Borkott &amp; Eickhorn","url":"https:\/\/waffentechnik-solingen.com\/es\/","logo":{"@type":"ImageObject","inLanguage":"es","@id":"https:\/\/waffentechnik-solingen.com\/es\/#\/schema\/logo\/image\/","url":"https:\/\/waffentechnik-solingen.com\/wp-content\/uploads\/waffentechnik_logo.svg","contentUrl":"https:\/\/waffentechnik-solingen.com\/wp-content\/uploads\/waffentechnik_logo.svg","caption":"Waffentechnik - Borkott &amp; Eickhorn"},"image":{"@id":"https:\/\/waffentechnik-solingen.com\/es\/#\/schema\/logo\/image\/"}}]}},"_links":{"self":[{"href":"https:\/\/waffentechnik-solingen.com\/es\/wp-json\/wp\/v2\/pages\/2346","targetHints":{"allow":["GET"]}}],"collection":[{"href":"https:\/\/waffentechnik-solingen.com\/es\/wp-json\/wp\/v2\/pages"}],"about":[{"href":"https:\/\/waffentechnik-solingen.com\/es\/wp-json\/wp\/v2\/types\/page"}],"author":[{"embeddable":true,"href":"https:\/\/waffentechnik-solingen.com\/es\/wp-json\/wp\/v2\/users\/1"}],"replies":[{"embeddable":true,"href":"https:\/\/waffentechnik-solingen.com\/es\/wp-json\/wp\/v2\/comments?post=2346"}],"version-history":[{"count":3,"href":"https:\/\/waffentechnik-solingen.com\/es\/wp-json\/wp\/v2\/pages\/2346\/revisions"}],"predecessor-version":[{"id":2875,"href":"https:\/\/waffentechnik-solingen.com\/es\/wp-json\/wp\/v2\/pages\/2346\/revisions\/2875"}],"wp:attachment":[{"href":"https:\/\/waffentechnik-solingen.com\/es\/wp-json\/wp\/v2\/media?parent=2346"}],"curies":[{"name":"wp","href":"https:\/\/api.w.org\/{rel}","templated":true}]}}