{"id":2343,"date":"2023-01-13T15:31:14","date_gmt":"2023-01-13T14:31:14","guid":{"rendered":"https:\/\/waffentechnik-solingen.pixel-tal.de\/cuchillo-de-combate\/"},"modified":"2025-06-30T09:49:14","modified_gmt":"2025-06-30T07:49:14","slug":"cuchillo-de-combate","status":"publish","type":"page","link":"https:\/\/waffentechnik-solingen.com\/es\/cuchillo-de-combate\/","title":{"rendered":"Cuchillos de combate"},"content":{"rendered":"        \r\n            <!-- hero -->\r\n        \r\n                    \r\n            <div id=\"hero-b29a398365679e1afed43e69e12420ea\" class=\"hero\">\r\n\t\t\t\t<div class=\"hero-slider\">\t\t\t\t\n        \r\n            <!-- hero -->\r\n        \r\n                    \r\n            <div  class=\"hero-slide hero-slide-5aa9d39707481bff20fe430d43653027 \">\r\n\r\n\t\t\t\t<div class=\"hero-canvas\">\r\n\t\t\t\t\t<div class=\"hero-content\">\r\n\t\t\t\t\t\t<span class=\"hero-headline headline\">CUCHILLOS DE COMBATE<\/span>\t\t\t\t\t\t<span class=\"hero-subheadline subheadline\">M\u00e1xima flexibilidad<\/span>\t\t\t\t\t\t\t\t\t\t\t<\/div>\r\n\t\t\t\t<\/div>\r\n\r\n\t\t\t\t\t\t\t\t\t<div class=\"hero-background\">\r\n\t\t\t\t\t\t<img decoding=\"async\" src=\"https:\/\/waffentechnik-solingen.com\/wp-content\/uploads\/waffentechnik_header_kampfmesser.jpg\" \/>\r\n\t\t\t\t\t<\/div>\r\n\t\t\t\t\r\n\t\t\t<\/div>\r\n        \r\n                    \r\n            <!-- end:hero -->\r\n        \r\n            \n\r\n\t\t\t\t<\/div>\t\t\t<\/div>\r\n        \r\n                    \r\n            <!-- end:hero -->\r\n        \r\n            \n\n<section class=\"gb-container gb-container-966d483a section-bgi-right\"><div class=\"gb-inside-container\">\n<div class=\"gb-grid-wrapper gb-grid-wrapper-e2468845\">\n<div class=\"gb-grid-column gb-grid-column-424972ae\"><div class=\"gb-container gb-container-424972ae\"><div class=\"gb-inside-container\">\n\n<div class=\"wp-block-pixel-headline headlines is-subheadline-bottom has-text-align-left\"><h1 class=\"headline\" style=\"color:#1f1f1f\">Cuchillos militares de combate<\/h1><span class=\"subheadline\" style=\"color:\">para las fuerzas militares<\/span><\/div>\n\n\n\n<p>Ya sea como arma o como herramienta de uso pr\u00e1ctico, siempre podr\u00e1 confiar en nuestros cuchillos de combate s\u00f3lidos y altamente funcionales.<\/p>\n\n\n\n<ul class=\"wp-block-list list-plus\">\n<li>KM2K-TANTO<\/li>\n\n\n\n<li>KM2K-DAGGER<\/li>\n\n\n\n<li>BUDDY 1<\/li>\n\n\n\n<li>BUDDY 2<\/li>\n<\/ul>\n\n<\/div><\/div><\/div>\n\n<div class=\"gb-grid-column gb-grid-column-8d3445af\"><div class=\"gb-container gb-container-8d3445af tablet-only\"><div class=\"gb-inside-container\">\n\n<figure class=\"gb-block-image gb-block-image-d30c56e1\"><img loading=\"lazy\" decoding=\"async\" width=\"1318\" height=\"1059\" class=\"gb-image gb-image-d30c56e1\" src=\"https:\/\/waffentechnik-solingen.com\/wp-content\/uploads\/waffentechnik_background_kampfmesser.png\" alt=\"\" title=\"armamento_fondo_combate_cuchillos\" srcset=\"https:\/\/waffentechnik-solingen.com\/wp-content\/uploads\/waffentechnik_background_kampfmesser.png 1318w, https:\/\/waffentechnik-solingen.com\/wp-content\/uploads\/waffentechnik_background_kampfmesser-300x241.png 300w, https:\/\/waffentechnik-solingen.com\/wp-content\/uploads\/waffentechnik_background_kampfmesser-1024x823.png 1024w, https:\/\/waffentechnik-solingen.com\/wp-content\/uploads\/waffentechnik_background_kampfmesser-768x617.png 768w\" sizes=\"auto, (max-width: 1318px) 100vw, 1318px\" \/><\/figure>\n\n<\/div><\/div><\/div>\n<\/div>\n<\/div><\/section>\n\n<section class=\"gb-container gb-container-7470ad00 section-bgc products-group image-element\"><div class=\"gb-inside-container\">\n<div class=\"gb-container gb-container-0af83f3b\"><div class=\"gb-inside-container\">\n\n<div class=\"wp-block-pixel-headline headlines is-subheadline-bottom has-text-align-left\"><h2 class=\"headline\" style=\"color:\">NUESTRA SELECCI\u00d3N<\/h2><span class=\"subheadline\" style=\"color:\">KAMPFERPROBT<\/span><\/div>\n\n<\/div><\/div>\n\n<div class=\"gb-container gb-container-66bb54f0\"><div class=\"gb-inside-container\">\n\n<div class=\"gb-grid-wrapper gb-grid-wrapper-7f3a49f5 gb-query-loop-wrapper\">\n<div class=\"gb-grid-column gb-grid-column-dcf02ec6 gb-query-loop-item post-3044 product type-product status-publish format-standard has-post-thumbnail hentry tax_produkte-kampfmesser-es\"><div class=\"gb-container gb-container-dcf02ec6\"><div class=\"gb-inside-container\">\n<h2 class=\"gb-headline gb-headline-a882d6fa gb-headline-text\"><a href=\"https:\/\/waffentechnik-solingen.com\/es\/produkte\/cuchillo-de-combate-marinir\/\">Cuchillo de combate Marinir<\/a><\/h2>\n\n<figure class=\"gb-block-image gb-block-image-c1c04e30\"><img loading=\"lazy\" decoding=\"async\" width=\"1680\" height=\"401\" src=\"https:\/\/waffentechnik-solingen.com\/wp-content\/uploads\/250623_marinir_freigestellt.png\" class=\"gb-image-c1c04e30\" alt=\"\" srcset=\"https:\/\/waffentechnik-solingen.com\/wp-content\/uploads\/250623_marinir_freigestellt.png 1680w, https:\/\/waffentechnik-solingen.com\/wp-content\/uploads\/250623_marinir_freigestellt-300x72.png 300w, https:\/\/waffentechnik-solingen.com\/wp-content\/uploads\/250623_marinir_freigestellt-1024x244.png 1024w, https:\/\/waffentechnik-solingen.com\/wp-content\/uploads\/250623_marinir_freigestellt-768x183.png 768w, https:\/\/waffentechnik-solingen.com\/wp-content\/uploads\/250623_marinir_freigestellt-1536x367.png 1536w\" sizes=\"auto, (max-width: 1680px) 100vw, 1680px\" \/><\/figure>\n\n<div class=\"gb-headline gb-headline-3224648b gb-headline-text\">Longitud del cuchillo aprox. 300 mm, longitud de la hoja aprox. 175 mm, peso total aprox. 430 g, con hoja de alta calidad, filo dentado, rompeventanas y mucho m\u00e1s.<\/div>\n\n<div class=\"gb-button-wrapper gb-button-wrapper-26740a16\">\n<a class=\"gb-button gb-button-82ed7ba2 gb-button-text\" href=\"https:\/\/waffentechnik-solingen.com\/es\/produkte\/cuchillo-de-combate-marinir\/\">Acerca del producto<\/a>\n<\/div>\n<\/div><\/div><\/div>\n\n<div class=\"gb-grid-column gb-grid-column-dcf02ec6 gb-query-loop-item post-2375 product type-product status-publish format-standard has-post-thumbnail hentry tax_produkte-kampfmesser-es\"><div class=\"gb-container gb-container-dcf02ec6\"><div class=\"gb-inside-container\">\n<h2 class=\"gb-headline gb-headline-a882d6fa gb-headline-text\"><a href=\"https:\/\/waffentechnik-solingen.com\/es\/produkte\/cuchillo-de-combate-km2k-tanto\/\">KM2K-TANTO Cuchillo de combate<\/a><\/h2>\n\n<figure class=\"gb-block-image gb-block-image-c1c04e30\"><img loading=\"lazy\" decoding=\"async\" width=\"691\" height=\"202\" src=\"https:\/\/waffentechnik-solingen.com\/wp-content\/uploads\/waffentechnik_kmk2-tanto_product.png\" class=\"gb-image-c1c04e30\" alt=\"\" srcset=\"https:\/\/waffentechnik-solingen.com\/wp-content\/uploads\/waffentechnik_kmk2-tanto_product.png 691w, https:\/\/waffentechnik-solingen.com\/wp-content\/uploads\/waffentechnik_kmk2-tanto_product-300x88.png 300w\" sizes=\"auto, (max-width: 691px) 100vw, 691px\" \/><\/figure>\n\n<div class=\"gb-headline gb-headline-3224648b gb-headline-text\">\u00a1El cuchillo de combate Bundeswehr Infanter\u00eda! Longitud de la cuchilla aprox. 303 mm, longitud de la hoja aprox. 172 mm, peso total aprox. 500 g, con hoja tanto y rompedor de disco.<\/div>\n\n<div class=\"gb-button-wrapper gb-button-wrapper-26740a16\">\n<a class=\"gb-button gb-button-82ed7ba2 gb-button-text\" href=\"https:\/\/waffentechnik-solingen.com\/es\/produkte\/cuchillo-de-combate-km2k-tanto\/\">Acerca del producto<\/a>\n<\/div>\n<\/div><\/div><\/div>\n\n<div class=\"gb-grid-column gb-grid-column-dcf02ec6 gb-query-loop-item post-2396 product type-product status-publish format-standard has-post-thumbnail hentry tax_produkte-kampfmesser-es\"><div class=\"gb-container gb-container-dcf02ec6\"><div class=\"gb-inside-container\">\n<h2 class=\"gb-headline gb-headline-a882d6fa gb-headline-text\"><a href=\"https:\/\/waffentechnik-solingen.com\/es\/produkte\/cuchillo-de-combate-km2k-dagger\/\">KM2K-DAGGER Cuchillo de combate<\/a><\/h2>\n\n<figure class=\"gb-block-image gb-block-image-c1c04e30\"><img loading=\"lazy\" decoding=\"async\" width=\"707\" height=\"206\" src=\"https:\/\/waffentechnik-solingen.com\/wp-content\/uploads\/waffentechnik_kmk2-dagger_product.png\" class=\"gb-image-c1c04e30\" alt=\"\" srcset=\"https:\/\/waffentechnik-solingen.com\/wp-content\/uploads\/waffentechnik_kmk2-dagger_product.png 707w, https:\/\/waffentechnik-solingen.com\/wp-content\/uploads\/waffentechnik_kmk2-dagger_product-300x87.png 300w\" sizes=\"auto, (max-width: 707px) 100vw, 707px\" \/><\/figure>\n\n<div class=\"gb-headline gb-headline-3224648b gb-headline-text\">Longitud del cuchillo aprox. 303 mm, longitud de la hoja aprox. 172 mm, peso total aprox. 480 g, con fuerte hoja de daga, ojal para cord\u00f3n de seguridad, 1\/2 filo dentado y mucho m\u00e1s.<\/div>\n\n<div class=\"gb-button-wrapper gb-button-wrapper-26740a16\">\n<a class=\"gb-button gb-button-82ed7ba2 gb-button-text\" href=\"https:\/\/waffentechnik-solingen.com\/es\/produkte\/cuchillo-de-combate-km2k-dagger\/\">Acerca del producto<\/a>\n<\/div>\n<\/div><\/div><\/div>\n\n<div class=\"gb-grid-column gb-grid-column-dcf02ec6 gb-query-loop-item post-2383 product type-product status-publish format-standard has-post-thumbnail hentry tax_produkte-kampfmesser-es\"><div class=\"gb-container gb-container-dcf02ec6\"><div class=\"gb-inside-container\">\n<h2 class=\"gb-headline gb-headline-a882d6fa gb-headline-text\"><a href=\"https:\/\/waffentechnik-solingen.com\/es\/produkte\/buddy-1-cuchillo-de-combate\/\">BUDDY 1 Cuchillo de combate<\/a><\/h2>\n\n<figure class=\"gb-block-image gb-block-image-c1c04e30\"><img loading=\"lazy\" decoding=\"async\" width=\"855\" height=\"208\" src=\"https:\/\/waffentechnik-solingen.com\/wp-content\/uploads\/waffentechnik_buddy1_product.png\" class=\"gb-image-c1c04e30\" alt=\"\" srcset=\"https:\/\/waffentechnik-solingen.com\/wp-content\/uploads\/waffentechnik_buddy1_product.png 855w, https:\/\/waffentechnik-solingen.com\/wp-content\/uploads\/waffentechnik_buddy1_product-300x73.png 300w, https:\/\/waffentechnik-solingen.com\/wp-content\/uploads\/waffentechnik_buddy1_product-768x187.png 768w\" sizes=\"auto, (max-width: 855px) 100vw, 855px\" \/><\/figure>\n\n<div class=\"gb-headline gb-headline-3224648b gb-headline-text\">Longitud del cuchillo aprox. 230 mm, longitud de la hoja aprox. 100 mm, peso total aprox. 290 g, con hoja de acero de alta calidad, mango ergon\u00f3mico, en dos colores y mucho m\u00e1s.<\/div>\n\n<div class=\"gb-button-wrapper gb-button-wrapper-26740a16\">\n<a class=\"gb-button gb-button-82ed7ba2 gb-button-text\" href=\"https:\/\/waffentechnik-solingen.com\/es\/produkte\/buddy-1-cuchillo-de-combate\/\">Acerca del producto<\/a>\n<\/div>\n<\/div><\/div><\/div>\n\n<div class=\"gb-grid-column gb-grid-column-dcf02ec6 gb-query-loop-item post-2372 product type-product status-publish format-standard has-post-thumbnail hentry tax_produkte-kampfmesser-es\"><div class=\"gb-container gb-container-dcf02ec6\"><div class=\"gb-inside-container\">\n<h2 class=\"gb-headline gb-headline-a882d6fa gb-headline-text\"><a href=\"https:\/\/waffentechnik-solingen.com\/es\/produkte\/cuchillo-de-combate-buddy-2\/\">BUDDY 2 Cuchillo de combate<\/a><\/h2>\n\n<figure class=\"gb-block-image gb-block-image-c1c04e30\"><img loading=\"lazy\" decoding=\"async\" width=\"752\" height=\"159\" src=\"https:\/\/waffentechnik-solingen.com\/wp-content\/uploads\/waffentechnik_buddy2_product.png\" class=\"gb-image-c1c04e30\" alt=\"\" srcset=\"https:\/\/waffentechnik-solingen.com\/wp-content\/uploads\/waffentechnik_buddy2_product.png 752w, https:\/\/waffentechnik-solingen.com\/wp-content\/uploads\/waffentechnik_buddy2_product-300x63.png 300w\" sizes=\"auto, (max-width: 752px) 100vw, 752px\" \/><\/figure>\n\n<div class=\"gb-headline gb-headline-3224648b gb-headline-text\">Longitud del cuchillo aprox. 230 mm, longitud de la hoja aprox. 172 mm, peso total aprox. 246 g, con hoja de acero muy robusta, mango ergon\u00f3mico y mucho m\u00e1s.<\/div>\n\n<div class=\"gb-button-wrapper gb-button-wrapper-26740a16\">\n<a class=\"gb-button gb-button-82ed7ba2 gb-button-text\" href=\"https:\/\/waffentechnik-solingen.com\/es\/produkte\/cuchillo-de-combate-buddy-2\/\">Acerca del producto<\/a>\n<\/div>\n<\/div><\/div><\/div>\n\n<div class=\"gb-grid-column gb-grid-column-dcf02ec6 gb-query-loop-item post-3036 product type-product status-publish format-standard has-post-thumbnail hentry tax_produkte-kampfmesser-es tax_produkte-musterbilder-es\"><div class=\"gb-container gb-container-dcf02ec6\"><div class=\"gb-inside-container\">\n<h2 class=\"gb-headline gb-headline-a882d6fa gb-headline-text\"><a href=\"https:\/\/waffentechnik-solingen.com\/es\/produkte\/k-image\/\">Musterbild Kampfmesser<\/a><\/h2>\n\n<figure class=\"gb-block-image gb-block-image-c1c04e30\"><img loading=\"lazy\" decoding=\"async\" width=\"520\" height=\"520\" src=\"https:\/\/waffentechnik-solingen.com\/wp-content\/uploads\/kampfmesser_bild_uebersicht.jpg\" class=\"gb-image-c1c04e30\" alt=\"\" srcset=\"https:\/\/waffentechnik-solingen.com\/wp-content\/uploads\/kampfmesser_bild_uebersicht.jpg 520w, https:\/\/waffentechnik-solingen.com\/wp-content\/uploads\/kampfmesser_bild_uebersicht-300x300.jpg 300w, https:\/\/waffentechnik-solingen.com\/wp-content\/uploads\/kampfmesser_bild_uebersicht-150x150.jpg 150w\" sizes=\"auto, (max-width: 520px) 100vw, 520px\" \/><\/figure>\n\n\n\n<div class=\"gb-button-wrapper gb-button-wrapper-26740a16\">\n<a class=\"gb-button gb-button-82ed7ba2 gb-button-text\" href=\"https:\/\/waffentechnik-solingen.com\/es\/produkte\/k-image\/\">Acerca del producto<\/a>\n<\/div>\n<\/div><\/div><\/div>\n<\/div>\n\n<\/div><\/div>\n<\/div><\/section>\n\n<section class=\"gb-container gb-container-49d8e713\"><div class=\"gb-inside-container\">\n<div class=\"gb-grid-wrapper gb-grid-wrapper-a1a8688d\">\n<div class=\"gb-grid-column gb-grid-column-28936e76\"><div class=\"gb-container gb-container-28936e76\"><div class=\"gb-inside-container\">\n\n<p>Los productos mostrados son s\u00f3lo una selecci\u00f3n de nuestra gama de productos. Estaremos encantados de personalizar el producto y adaptarlo a tus necesidades. Ponte en contacto con nosotros para concertar una cita para el proyecto.<\/p>\n\n\n\n<p>Tambi\u00e9n nos complace desarrollar contigo productos completamente nuevos. Esto tambi\u00e9n es posible para peque\u00f1as cantidades de 100 piezas o m\u00e1s y se aplica tanto a nuestra gama de armas de fogueo como a los productos para misiones espec\u00edficas del sector policial y militar. <\/p>\n\n<\/div><\/div><\/div>\n\n<div class=\"gb-grid-column gb-grid-column-9814e9da\"><div class=\"gb-container gb-container-9814e9da\"><div class=\"gb-inside-container\">\n\n<p>Algunos ejemplos en nuestro sitio web son la barra de la funda giratoria, el portacargadores MP5, la bayoneta B3K-BW y el cuchillo de combate Marinirs.<\/p>\n\n<\/div><\/div><\/div>\n<\/div>\n<\/div><\/section>\n\n<section class=\"gb-container gb-container-6c7c7363 section-bgi-full\"><div class=\"gb-inside-container\">\n<div class=\"gb-container gb-container-434aaf0c box-info\"><div class=\"gb-inside-container\">\n<div class=\"gb-grid-wrapper gb-grid-wrapper-5f18eee5\">\n<div class=\"gb-grid-column gb-grid-column-712c82b9\"><div class=\"gb-container gb-container-712c82b9\"><div class=\"gb-inside-container\">\n\n<div class=\"wp-block-pixel-headline headlines is-subheadline-bottom has-text-align-left\"><h2 class=\"headline is-h2\" style=\"color:\">m\u00e1ximo rendimiento<br>a trav\u00e9s de la mejor artesan\u00eda<\/h2><span class=\"subheadline\" style=\"color:\">Prometemos<\/span><\/div>\n\n<\/div><\/div><\/div>\n\n<div class=\"gb-grid-column gb-grid-column-71619819\"><div class=\"gb-container gb-container-71619819\"><div class=\"gb-inside-container\">\n<div class=\"gb-button-wrapper gb-button-wrapper-c579ff36\">\n\n<a class=\"gb-button gb-button-05a6324f gb-button-text\" href=\"https:\/\/waffentechnik-solingen.com\/es\/sobre-nosotros\/\">M\u00e1s informaci\u00f3n<\/a>\n\n<\/div>\n<\/div><\/div><\/div>\n<\/div>\n<\/div><\/div>\n<\/div><\/section>","protected":false},"excerpt":{"rendered":"","protected":false},"author":1,"featured_media":0,"parent":0,"menu_order":3,"comment_status":"closed","ping_status":"closed","template":"","meta":{"_acf_changed":false,"inline_featured_image":false,"footnotes":""},"class_list":["post-2343","page","type-page","status-publish"],"acf":[],"yoast_head":"<!-- This site is optimized with the Yoast SEO plugin v27.3 - https:\/\/yoast.com\/product\/yoast-seo-wordpress\/ -->\n<title>Fabricante de cuchillos militares de combate para operaciones t\u00e1cticas y de campo<\/title>\n<meta name=\"description\" content=\"Cuchillos de combate robustos para militares y fuerzas armadas \u25ba Adecuados para: Bundeswehr \u2713 OTAN \u2713 Marina \u2713 Milicia \u2713 \u2794 \u00a1Inf\u00f3rmate ahora!\" \/>\n<meta name=\"robots\" content=\"index, follow, max-snippet:-1, max-image-preview:large, max-video-preview:-1\" \/>\n<link rel=\"canonical\" href=\"https:\/\/waffentechnik-solingen.com\/es\/cuchillo-de-combate\/\" \/>\n<meta property=\"og:locale\" content=\"es_ES\" \/>\n<meta property=\"og:type\" content=\"article\" \/>\n<meta property=\"og:title\" content=\"Fabricante de cuchillos militares de combate para operaciones t\u00e1cticas y de campo\" \/>\n<meta property=\"og:description\" content=\"Cuchillos de combate robustos para militares y fuerzas armadas \u25ba Adecuados para: Bundeswehr \u2713 OTAN \u2713 Marina \u2713 Milicia \u2713 \u2794 \u00a1Inf\u00f3rmate ahora!\" \/>\n<meta property=\"og:url\" content=\"https:\/\/waffentechnik-solingen.com\/es\/cuchillo-de-combate\/\" \/>\n<meta property=\"og:site_name\" content=\"Waffentechnik - Borkott &amp; Eickhorn\" \/>\n<meta property=\"article:modified_time\" content=\"2025-06-30T07:49:14+00:00\" \/>\n<meta property=\"og:image\" content=\"https:\/\/waffentechnik-solingen.com\/wp-content\/uploads\/waffentechnik_background_kampfmesser.png\" \/>\n<meta name=\"twitter:card\" content=\"summary_large_image\" \/>\n<meta name=\"twitter:label1\" content=\"Tiempo de lectura\" \/>\n\t<meta name=\"twitter:data1\" content=\"1 minuto\" \/>\n<script type=\"application\/ld+json\" class=\"yoast-schema-graph\">{\"@context\":\"https:\\\/\\\/schema.org\",\"@graph\":[{\"@type\":\"WebPage\",\"@id\":\"https:\\\/\\\/waffentechnik-solingen.com\\\/es\\\/cuchillo-de-combate\\\/\",\"url\":\"https:\\\/\\\/waffentechnik-solingen.com\\\/es\\\/cuchillo-de-combate\\\/\",\"name\":\"Fabricante de cuchillos militares de combate para operaciones t\u00e1cticas y de campo\",\"isPartOf\":{\"@id\":\"https:\\\/\\\/waffentechnik-solingen.com\\\/es\\\/#website\"},\"primaryImageOfPage\":{\"@id\":\"https:\\\/\\\/waffentechnik-solingen.com\\\/es\\\/cuchillo-de-combate\\\/#primaryimage\"},\"image\":{\"@id\":\"https:\\\/\\\/waffentechnik-solingen.com\\\/es\\\/cuchillo-de-combate\\\/#primaryimage\"},\"thumbnailUrl\":\"https:\\\/\\\/waffentechnik-solingen.com\\\/wp-content\\\/uploads\\\/waffentechnik_background_kampfmesser.png\",\"datePublished\":\"2023-01-13T14:31:14+00:00\",\"dateModified\":\"2025-06-30T07:49:14+00:00\",\"description\":\"Cuchillos de combate robustos para militares y fuerzas armadas \u25ba Adecuados para: Bundeswehr \u2713 OTAN \u2713 Marina \u2713 Milicia \u2713 \u2794 \u00a1Inf\u00f3rmate ahora!\",\"breadcrumb\":{\"@id\":\"https:\\\/\\\/waffentechnik-solingen.com\\\/es\\\/cuchillo-de-combate\\\/#breadcrumb\"},\"inLanguage\":\"es\",\"potentialAction\":[{\"@type\":\"ReadAction\",\"target\":[\"https:\\\/\\\/waffentechnik-solingen.com\\\/es\\\/cuchillo-de-combate\\\/\"]}]},{\"@type\":\"ImageObject\",\"inLanguage\":\"es\",\"@id\":\"https:\\\/\\\/waffentechnik-solingen.com\\\/es\\\/cuchillo-de-combate\\\/#primaryimage\",\"url\":\"https:\\\/\\\/waffentechnik-solingen.com\\\/wp-content\\\/uploads\\\/waffentechnik_background_kampfmesser.png\",\"contentUrl\":\"https:\\\/\\\/waffentechnik-solingen.com\\\/wp-content\\\/uploads\\\/waffentechnik_background_kampfmesser.png\"},{\"@type\":\"BreadcrumbList\",\"@id\":\"https:\\\/\\\/waffentechnik-solingen.com\\\/es\\\/cuchillo-de-combate\\\/#breadcrumb\",\"itemListElement\":[{\"@type\":\"ListItem\",\"position\":1,\"name\":\"Startseite\",\"item\":\"https:\\\/\\\/waffentechnik-solingen.com\\\/es\\\/\"},{\"@type\":\"ListItem\",\"position\":2,\"name\":\"Cuchillos de combate\"}]},{\"@type\":\"WebSite\",\"@id\":\"https:\\\/\\\/waffentechnik-solingen.com\\\/es\\\/#website\",\"url\":\"https:\\\/\\\/waffentechnik-solingen.com\\\/es\\\/\",\"name\":\"Waffentechnik - Borkott &amp; Eickhorn\",\"description\":\"\",\"publisher\":{\"@id\":\"https:\\\/\\\/waffentechnik-solingen.com\\\/es\\\/#organization\"},\"potentialAction\":[{\"@type\":\"SearchAction\",\"target\":{\"@type\":\"EntryPoint\",\"urlTemplate\":\"https:\\\/\\\/waffentechnik-solingen.com\\\/es\\\/?s={search_term_string}\"},\"query-input\":{\"@type\":\"PropertyValueSpecification\",\"valueRequired\":true,\"valueName\":\"search_term_string\"}}],\"inLanguage\":\"es\"},{\"@type\":\"Organization\",\"@id\":\"https:\\\/\\\/waffentechnik-solingen.com\\\/es\\\/#organization\",\"name\":\"Waffentechnik - Borkott &amp; Eickhorn\",\"url\":\"https:\\\/\\\/waffentechnik-solingen.com\\\/es\\\/\",\"logo\":{\"@type\":\"ImageObject\",\"inLanguage\":\"es\",\"@id\":\"https:\\\/\\\/waffentechnik-solingen.com\\\/es\\\/#\\\/schema\\\/logo\\\/image\\\/\",\"url\":\"https:\\\/\\\/waffentechnik-solingen.com\\\/wp-content\\\/uploads\\\/waffentechnik_logo.svg\",\"contentUrl\":\"https:\\\/\\\/waffentechnik-solingen.com\\\/wp-content\\\/uploads\\\/waffentechnik_logo.svg\",\"caption\":\"Waffentechnik - Borkott &amp; Eickhorn\"},\"image\":{\"@id\":\"https:\\\/\\\/waffentechnik-solingen.com\\\/es\\\/#\\\/schema\\\/logo\\\/image\\\/\"}}]}<\/script>\n<!-- \/ Yoast SEO plugin. -->","yoast_head_json":{"title":"Fabricante de cuchillos militares de combate para operaciones t\u00e1cticas y de campo","description":"Cuchillos de combate robustos para militares y fuerzas armadas \u25ba Adecuados para: Bundeswehr \u2713 OTAN \u2713 Marina \u2713 Milicia \u2713 \u2794 \u00a1Inf\u00f3rmate ahora!","robots":{"index":"index","follow":"follow","max-snippet":"max-snippet:-1","max-image-preview":"max-image-preview:large","max-video-preview":"max-video-preview:-1"},"canonical":"https:\/\/waffentechnik-solingen.com\/es\/cuchillo-de-combate\/","og_locale":"es_ES","og_type":"article","og_title":"Fabricante de cuchillos militares de combate para operaciones t\u00e1cticas y de campo","og_description":"Cuchillos de combate robustos para militares y fuerzas armadas \u25ba Adecuados para: Bundeswehr \u2713 OTAN \u2713 Marina \u2713 Milicia \u2713 \u2794 \u00a1Inf\u00f3rmate ahora!","og_url":"https:\/\/waffentechnik-solingen.com\/es\/cuchillo-de-combate\/","og_site_name":"Waffentechnik - Borkott &amp; Eickhorn","article_modified_time":"2025-06-30T07:49:14+00:00","og_image":[{"url":"https:\/\/waffentechnik-solingen.com\/wp-content\/uploads\/waffentechnik_background_kampfmesser.png","type":"","width":"","height":""}],"twitter_card":"summary_large_image","twitter_misc":{"Tiempo de lectura":"1 minuto"},"schema":{"@context":"https:\/\/schema.org","@graph":[{"@type":"WebPage","@id":"https:\/\/waffentechnik-solingen.com\/es\/cuchillo-de-combate\/","url":"https:\/\/waffentechnik-solingen.com\/es\/cuchillo-de-combate\/","name":"Fabricante de cuchillos militares de combate para operaciones t\u00e1cticas y de campo","isPartOf":{"@id":"https:\/\/waffentechnik-solingen.com\/es\/#website"},"primaryImageOfPage":{"@id":"https:\/\/waffentechnik-solingen.com\/es\/cuchillo-de-combate\/#primaryimage"},"image":{"@id":"https:\/\/waffentechnik-solingen.com\/es\/cuchillo-de-combate\/#primaryimage"},"thumbnailUrl":"https:\/\/waffentechnik-solingen.com\/wp-content\/uploads\/waffentechnik_background_kampfmesser.png","datePublished":"2023-01-13T14:31:14+00:00","dateModified":"2025-06-30T07:49:14+00:00","description":"Cuchillos de combate robustos para militares y fuerzas armadas \u25ba Adecuados para: Bundeswehr \u2713 OTAN \u2713 Marina \u2713 Milicia \u2713 \u2794 \u00a1Inf\u00f3rmate ahora!","breadcrumb":{"@id":"https:\/\/waffentechnik-solingen.com\/es\/cuchillo-de-combate\/#breadcrumb"},"inLanguage":"es","potentialAction":[{"@type":"ReadAction","target":["https:\/\/waffentechnik-solingen.com\/es\/cuchillo-de-combate\/"]}]},{"@type":"ImageObject","inLanguage":"es","@id":"https:\/\/waffentechnik-solingen.com\/es\/cuchillo-de-combate\/#primaryimage","url":"https:\/\/waffentechnik-solingen.com\/wp-content\/uploads\/waffentechnik_background_kampfmesser.png","contentUrl":"https:\/\/waffentechnik-solingen.com\/wp-content\/uploads\/waffentechnik_background_kampfmesser.png"},{"@type":"BreadcrumbList","@id":"https:\/\/waffentechnik-solingen.com\/es\/cuchillo-de-combate\/#breadcrumb","itemListElement":[{"@type":"ListItem","position":1,"name":"Startseite","item":"https:\/\/waffentechnik-solingen.com\/es\/"},{"@type":"ListItem","position":2,"name":"Cuchillos de combate"}]},{"@type":"WebSite","@id":"https:\/\/waffentechnik-solingen.com\/es\/#website","url":"https:\/\/waffentechnik-solingen.com\/es\/","name":"Waffentechnik - Borkott &amp; Eickhorn","description":"","publisher":{"@id":"https:\/\/waffentechnik-solingen.com\/es\/#organization"},"potentialAction":[{"@type":"SearchAction","target":{"@type":"EntryPoint","urlTemplate":"https:\/\/waffentechnik-solingen.com\/es\/?s={search_term_string}"},"query-input":{"@type":"PropertyValueSpecification","valueRequired":true,"valueName":"search_term_string"}}],"inLanguage":"es"},{"@type":"Organization","@id":"https:\/\/waffentechnik-solingen.com\/es\/#organization","name":"Waffentechnik - Borkott &amp; Eickhorn","url":"https:\/\/waffentechnik-solingen.com\/es\/","logo":{"@type":"ImageObject","inLanguage":"es","@id":"https:\/\/waffentechnik-solingen.com\/es\/#\/schema\/logo\/image\/","url":"https:\/\/waffentechnik-solingen.com\/wp-content\/uploads\/waffentechnik_logo.svg","contentUrl":"https:\/\/waffentechnik-solingen.com\/wp-content\/uploads\/waffentechnik_logo.svg","caption":"Waffentechnik - Borkott &amp; Eickhorn"},"image":{"@id":"https:\/\/waffentechnik-solingen.com\/es\/#\/schema\/logo\/image\/"}}]}},"_links":{"self":[{"href":"https:\/\/waffentechnik-solingen.com\/es\/wp-json\/wp\/v2\/pages\/2343","targetHints":{"allow":["GET"]}}],"collection":[{"href":"https:\/\/waffentechnik-solingen.com\/es\/wp-json\/wp\/v2\/pages"}],"about":[{"href":"https:\/\/waffentechnik-solingen.com\/es\/wp-json\/wp\/v2\/types\/page"}],"author":[{"embeddable":true,"href":"https:\/\/waffentechnik-solingen.com\/es\/wp-json\/wp\/v2\/users\/1"}],"replies":[{"embeddable":true,"href":"https:\/\/waffentechnik-solingen.com\/es\/wp-json\/wp\/v2\/comments?post=2343"}],"version-history":[{"count":7,"href":"https:\/\/waffentechnik-solingen.com\/es\/wp-json\/wp\/v2\/pages\/2343\/revisions"}],"predecessor-version":[{"id":3119,"href":"https:\/\/waffentechnik-solingen.com\/es\/wp-json\/wp\/v2\/pages\/2343\/revisions\/3119"}],"wp:attachment":[{"href":"https:\/\/waffentechnik-solingen.com\/es\/wp-json\/wp\/v2\/media?parent=2343"}],"curies":[{"name":"wp","href":"https:\/\/api.w.org\/{rel}","templated":true}]}}