{"id":2338,"date":"2023-01-13T15:32:32","date_gmt":"2023-01-13T14:32:32","guid":{"rendered":"https:\/\/waffentechnik-solingen.pixel-tal.de\/ambitos-de-aplicacion\/"},"modified":"2023-08-01T16:02:41","modified_gmt":"2023-08-01T14:02:41","slug":"ambitos-de-aplicacion","status":"publish","type":"page","link":"https:\/\/waffentechnik-solingen.com\/es\/ambitos-de-aplicacion\/","title":{"rendered":"\u00c1mbitos de aplicaci\u00f3n"},"content":{"rendered":"        \r\n            <!-- hero -->\r\n        \r\n                    \r\n            <div id=\"hero-febb1d8bc3ec5f1e6d176b831534911f\" class=\"hero\">\r\n\t\t\t\t<div class=\"hero-slider\">\t\t\t\t\n        \r\n            <!-- hero -->\r\n        \r\n                    \r\n            <div  class=\"hero-slide hero-slide-073dd04b6bd040013e8ee2f58350d276 \">\r\n\r\n\t\t\t\t<div class=\"hero-canvas\">\r\n\t\t\t\t\t<div class=\"hero-content\">\r\n\t\t\t\t\t\t<span class=\"hero-headline headline\">\u00c1mbitos de aplicaci\u00f3n<\/span>\t\t\t\t\t\t<span class=\"hero-subheadline subheadline\">Seguro en cualquier situaci\u00f3n<\/span>\t\t\t\t\t\t\t\t\t\t\t<\/div>\r\n\t\t\t\t<\/div>\r\n\r\n\t\t\t\t\t\t\t\t\t<div class=\"hero-background\">\r\n\t\t\t\t\t\t<img decoding=\"async\" src=\"https:\/\/waffentechnik-solingen.com\/wp-content\/uploads\/waffentechnik_header_anwendungsbereiche.jpg\" \/>\r\n\t\t\t\t\t<\/div>\r\n\t\t\t\t\r\n\t\t\t<\/div>\r\n        \r\n                    \r\n            <!-- end:hero -->\r\n        \r\n            \n\r\n\t\t\t\t<\/div>\t\t\t<\/div>\r\n        \r\n                    \r\n            <!-- end:hero -->\r\n        \r\n            \n\n<section class=\"gb-container gb-container-49d8e713\"><div class=\"gb-inside-container\">\n<div class=\"gb-grid-wrapper gb-grid-wrapper-a1a8688d\">\n<div class=\"gb-grid-column gb-grid-column-bc19afb6\"><div class=\"gb-container gb-container-bc19afb6\"><div class=\"gb-inside-container\">\n\n<div class=\"wp-block-pixel-headline headlines is-subheadline-bottom has-text-align-left\"><h1 class=\"headline\" style=\"color:#000000\">\u00c1mbitos de aplicaci\u00f3n<\/h1><span class=\"subheadline\" style=\"color:\">EN PERFECTA SINTON\u00cdA CON LA MISI\u00d3N<\/span><\/div>\n\n\n\n<p>Waffentechnik Solingen desarrolla, dise\u00f1a y fabrica productos principalmente para dos \u00e1mbitos de aplicaci\u00f3n: para el mercado militar y policial profesional.<\/p>\n\n\n\n<p>Prestamos especial atenci\u00f3n -independientemente del arma o la herramienta t\u00e9cnica de que se trate- a que s\u00f3lo nos satisfaga la mejor calidad. Porque lo sabemos perfectamente: quien utiliza nuestras bayonetas, cuchillos de combate, cuchillos de rescate, fundas o portacargadores debe poder confiar plenamente en la calidad, robustez y fiabilidad de los productos. Nuestros clientes pueden confiar en ello.<\/p>\n\n<\/div><\/div><\/div>\n\n<div class=\"gb-grid-column gb-grid-column-d1baa5df\"><div class=\"gb-container gb-container-d1baa5df\"><div class=\"gb-inside-container\">\n\n<figure class=\"gb-block-image gb-block-image-adff637f\"><img loading=\"lazy\" decoding=\"async\" width=\"800\" height=\"480\" class=\"gb-image gb-image-adff637f\" src=\"https:\/\/waffentechnik-solingen.com\/wp-content\/uploads\/waffentechnik_anwendungsbereiche.jpg\" alt=\"\" title=\"armamento_\u00e1reas_de_aplicaci\u00f3n\" srcset=\"https:\/\/waffentechnik-solingen.com\/wp-content\/uploads\/waffentechnik_anwendungsbereiche.jpg 800w, https:\/\/waffentechnik-solingen.com\/wp-content\/uploads\/waffentechnik_anwendungsbereiche-300x180.jpg 300w, https:\/\/waffentechnik-solingen.com\/wp-content\/uploads\/waffentechnik_anwendungsbereiche-768x461.jpg 768w\" sizes=\"auto, (max-width: 800px) 100vw, 800px\" \/><\/figure>\n\n<\/div><\/div><\/div>\n<\/div>\n<\/div><\/section>\n\n<section class=\"gb-container gb-container-21dda134 section-bgc\"><div class=\"gb-inside-container\">\n<div class=\"gb-grid-wrapper gb-grid-wrapper-5fb3ac90\">\n<div class=\"gb-grid-column gb-grid-column-c20bcd1a\"><div class=\"gb-container gb-container-c20bcd1a\"><div class=\"gb-inside-container\">\n \r\n\t\t\t<div class=\"card card-simple card  is-style-bg-image\">\r\n\t\t\t\t<div class=\"card-media\"><img loading=\"lazy\" decoding=\"async\" width=\"800\" height=\"480\" src=\"https:\/\/waffentechnik-solingen.com\/wp-content\/uploads\/waffentechnik_militaer_1.jpg\" class=\"attachment-content size-content\" alt=\"\" srcset=\"https:\/\/waffentechnik-solingen.com\/wp-content\/uploads\/waffentechnik_militaer_1.jpg 800w, https:\/\/waffentechnik-solingen.com\/wp-content\/uploads\/waffentechnik_militaer_1-300x180.jpg 300w, https:\/\/waffentechnik-solingen.com\/wp-content\/uploads\/waffentechnik_militaer_1-768x461.jpg 768w\" sizes=\"auto, (max-width: 800px) 100vw, 800px\" \/><\/div>\t\t\t\t<div class=\"card-content\">\r\n\t\t\t\t\t<div class=\"card-inner\">\r\n\t\t\t\t\t\t<span class=\"card-headline headline is-h3\">Equipamiento para el ej\u00e9rcito<\/span><span class=\"card-subheadline\">Dentro y fuera del pa\u00eds<\/span>\t\t\t\t\t<\/div>\r\n\r\n\t\t\t\t\t<div class=\"card-action\"><div class=\"wp-block-button \"><a class=\"wp-block-button__link wp-element-button\" href=\"\/es\/ambitos-de-aplicacion\/militar\/\" target=\"\">M\u00e1s informaci\u00f3n<\/a><\/div><\/div>\t\t\t\t<\/div>\r\n\t\t\t<\/div>\r\n\t\t\n<\/div><\/div><\/div>\n\n<div class=\"gb-grid-column gb-grid-column-eacfbfb9\"><div class=\"gb-container gb-container-eacfbfb9\"><div class=\"gb-inside-container\">\n \r\n\t\t\t<div class=\"card card-simple card  is-style-bg-image\">\r\n\t\t\t\t<div class=\"card-media\"><img loading=\"lazy\" decoding=\"async\" width=\"800\" height=\"480\" src=\"https:\/\/waffentechnik-solingen.com\/wp-content\/uploads\/waffentechnik_ploizei_1.jpg\" class=\"attachment-content size-content\" alt=\"\" srcset=\"https:\/\/waffentechnik-solingen.com\/wp-content\/uploads\/waffentechnik_ploizei_1.jpg 800w, https:\/\/waffentechnik-solingen.com\/wp-content\/uploads\/waffentechnik_ploizei_1-300x180.jpg 300w, https:\/\/waffentechnik-solingen.com\/wp-content\/uploads\/waffentechnik_ploizei_1-768x461.jpg 768w\" sizes=\"auto, (max-width: 800px) 100vw, 800px\" \/><\/div>\t\t\t\t<div class=\"card-content\">\r\n\t\t\t\t\t<div class=\"card-inner\">\r\n\t\t\t\t\t\t<span class=\"card-headline headline is-h3\">Equipamiento para la polic\u00eda<\/span><span class=\"card-subheadline\">Seguridad nacional<\/span>\t\t\t\t\t<\/div>\r\n\r\n\t\t\t\t\t<div class=\"card-action\"><div class=\"wp-block-button \"><a class=\"wp-block-button__link wp-element-button\" href=\"\/es\/ambitos-de-aplicacion\/autoridades-policiales\/\" target=\"\">M\u00e1s informaci\u00f3n<\/a><\/div><\/div>\t\t\t\t<\/div>\r\n\t\t\t<\/div>\r\n\t\t\n<\/div><\/div><\/div>\n<\/div>\n<\/div><\/section>","protected":false},"excerpt":{"rendered":"","protected":false},"author":1,"featured_media":0,"parent":0,"menu_order":6,"comment_status":"closed","ping_status":"closed","template":"","meta":{"_acf_changed":false,"inline_featured_image":false,"footnotes":""},"class_list":["post-2338","page","type-page","status-publish"],"acf":[],"yoast_head":"<!-- This site is optimized with the Yoast SEO plugin v27.5 - https:\/\/yoast.com\/product\/yoast-seo-wordpress\/ -->\n<title>Armas y herramientas de alta calidad para fines operativos<\/title>\n<meta name=\"description\" content=\"Equipamiento militar \u00f3ptimo para todos los fines \u25ba En el pa\u00eds y en el extranjero \u2713 Infanter\u00eda \u2713 Operaciones de campo \u2713 Misiones de rescate \u2713 \u2794 \u00a1Desc\u00fabrelo ahora!\" \/>\n<meta name=\"robots\" content=\"index, follow, max-snippet:-1, max-image-preview:large, max-video-preview:-1\" \/>\n<link rel=\"canonical\" href=\"https:\/\/waffentechnik-solingen.com\/es\/ambitos-de-aplicacion\/\" \/>\n<meta property=\"og:locale\" content=\"es_ES\" \/>\n<meta property=\"og:type\" content=\"article\" \/>\n<meta property=\"og:title\" content=\"Armas y herramientas de alta calidad para fines operativos\" \/>\n<meta property=\"og:description\" content=\"Equipamiento militar \u00f3ptimo para todos los fines \u25ba En el pa\u00eds y en el extranjero \u2713 Infanter\u00eda \u2713 Operaciones de campo \u2713 Misiones de rescate \u2713 \u2794 \u00a1Desc\u00fabrelo ahora!\" \/>\n<meta property=\"og:url\" content=\"https:\/\/waffentechnik-solingen.com\/es\/ambitos-de-aplicacion\/\" \/>\n<meta property=\"og:site_name\" content=\"Waffentechnik - Borkott &amp; Eickhorn\" \/>\n<meta property=\"article:modified_time\" content=\"2023-08-01T14:02:41+00:00\" \/>\n<meta property=\"og:image\" content=\"https:\/\/waffentechnik-solingen.com\/wp-content\/uploads\/waffentechnik_anwendungsbereiche.jpg\" \/>\n<meta name=\"twitter:card\" content=\"summary_large_image\" \/>\n<meta name=\"twitter:label1\" content=\"Tiempo de lectura\" \/>\n\t<meta name=\"twitter:data1\" content=\"1 minuto\" \/>\n<script type=\"application\/ld+json\" class=\"yoast-schema-graph\">{\"@context\":\"https:\\\/\\\/schema.org\",\"@graph\":[{\"@type\":\"WebPage\",\"@id\":\"https:\\\/\\\/waffentechnik-solingen.com\\\/es\\\/ambitos-de-aplicacion\\\/\",\"url\":\"https:\\\/\\\/waffentechnik-solingen.com\\\/es\\\/ambitos-de-aplicacion\\\/\",\"name\":\"Armas y herramientas de alta calidad para fines operativos\",\"isPartOf\":{\"@id\":\"https:\\\/\\\/waffentechnik-solingen.com\\\/es\\\/#website\"},\"primaryImageOfPage\":{\"@id\":\"https:\\\/\\\/waffentechnik-solingen.com\\\/es\\\/ambitos-de-aplicacion\\\/#primaryimage\"},\"image\":{\"@id\":\"https:\\\/\\\/waffentechnik-solingen.com\\\/es\\\/ambitos-de-aplicacion\\\/#primaryimage\"},\"thumbnailUrl\":\"https:\\\/\\\/waffentechnik-solingen.com\\\/wp-content\\\/uploads\\\/waffentechnik_anwendungsbereiche.jpg\",\"datePublished\":\"2023-01-13T14:32:32+00:00\",\"dateModified\":\"2023-08-01T14:02:41+00:00\",\"description\":\"Equipamiento militar \u00f3ptimo para todos los fines \u25ba En el pa\u00eds y en el extranjero \u2713 Infanter\u00eda \u2713 Operaciones de campo \u2713 Misiones de rescate \u2713 \u2794 \u00a1Desc\u00fabrelo ahora!\",\"breadcrumb\":{\"@id\":\"https:\\\/\\\/waffentechnik-solingen.com\\\/es\\\/ambitos-de-aplicacion\\\/#breadcrumb\"},\"inLanguage\":\"es\",\"potentialAction\":[{\"@type\":\"ReadAction\",\"target\":[\"https:\\\/\\\/waffentechnik-solingen.com\\\/es\\\/ambitos-de-aplicacion\\\/\"]}]},{\"@type\":\"ImageObject\",\"inLanguage\":\"es\",\"@id\":\"https:\\\/\\\/waffentechnik-solingen.com\\\/es\\\/ambitos-de-aplicacion\\\/#primaryimage\",\"url\":\"https:\\\/\\\/waffentechnik-solingen.com\\\/wp-content\\\/uploads\\\/waffentechnik_anwendungsbereiche.jpg\",\"contentUrl\":\"https:\\\/\\\/waffentechnik-solingen.com\\\/wp-content\\\/uploads\\\/waffentechnik_anwendungsbereiche.jpg\"},{\"@type\":\"BreadcrumbList\",\"@id\":\"https:\\\/\\\/waffentechnik-solingen.com\\\/es\\\/ambitos-de-aplicacion\\\/#breadcrumb\",\"itemListElement\":[{\"@type\":\"ListItem\",\"position\":1,\"name\":\"Startseite\",\"item\":\"https:\\\/\\\/waffentechnik-solingen.com\\\/es\\\/\"},{\"@type\":\"ListItem\",\"position\":2,\"name\":\"\u00c1mbitos de aplicaci\u00f3n\"}]},{\"@type\":\"WebSite\",\"@id\":\"https:\\\/\\\/waffentechnik-solingen.com\\\/es\\\/#website\",\"url\":\"https:\\\/\\\/waffentechnik-solingen.com\\\/es\\\/\",\"name\":\"Waffentechnik - Borkott &amp; Eickhorn\",\"description\":\"\",\"publisher\":{\"@id\":\"https:\\\/\\\/waffentechnik-solingen.com\\\/es\\\/#organization\"},\"potentialAction\":[{\"@type\":\"SearchAction\",\"target\":{\"@type\":\"EntryPoint\",\"urlTemplate\":\"https:\\\/\\\/waffentechnik-solingen.com\\\/es\\\/?s={search_term_string}\"},\"query-input\":{\"@type\":\"PropertyValueSpecification\",\"valueRequired\":true,\"valueName\":\"search_term_string\"}}],\"inLanguage\":\"es\"},{\"@type\":\"Organization\",\"@id\":\"https:\\\/\\\/waffentechnik-solingen.com\\\/es\\\/#organization\",\"name\":\"Waffentechnik - Borkott &amp; Eickhorn\",\"url\":\"https:\\\/\\\/waffentechnik-solingen.com\\\/es\\\/\",\"logo\":{\"@type\":\"ImageObject\",\"inLanguage\":\"es\",\"@id\":\"https:\\\/\\\/waffentechnik-solingen.com\\\/es\\\/#\\\/schema\\\/logo\\\/image\\\/\",\"url\":\"https:\\\/\\\/waffentechnik-solingen.com\\\/wp-content\\\/uploads\\\/waffentechnik_logo.svg\",\"contentUrl\":\"https:\\\/\\\/waffentechnik-solingen.com\\\/wp-content\\\/uploads\\\/waffentechnik_logo.svg\",\"caption\":\"Waffentechnik - Borkott &amp; Eickhorn\"},\"image\":{\"@id\":\"https:\\\/\\\/waffentechnik-solingen.com\\\/es\\\/#\\\/schema\\\/logo\\\/image\\\/\"}}]}<\/script>\n<!-- \/ Yoast SEO plugin. -->","yoast_head_json":{"title":"Armas y herramientas de alta calidad para fines operativos","description":"Equipamiento militar \u00f3ptimo para todos los fines \u25ba En el pa\u00eds y en el extranjero \u2713 Infanter\u00eda \u2713 Operaciones de campo \u2713 Misiones de rescate \u2713 \u2794 \u00a1Desc\u00fabrelo ahora!","robots":{"index":"index","follow":"follow","max-snippet":"max-snippet:-1","max-image-preview":"max-image-preview:large","max-video-preview":"max-video-preview:-1"},"canonical":"https:\/\/waffentechnik-solingen.com\/es\/ambitos-de-aplicacion\/","og_locale":"es_ES","og_type":"article","og_title":"Armas y herramientas de alta calidad para fines operativos","og_description":"Equipamiento militar \u00f3ptimo para todos los fines \u25ba En el pa\u00eds y en el extranjero \u2713 Infanter\u00eda \u2713 Operaciones de campo \u2713 Misiones de rescate \u2713 \u2794 \u00a1Desc\u00fabrelo ahora!","og_url":"https:\/\/waffentechnik-solingen.com\/es\/ambitos-de-aplicacion\/","og_site_name":"Waffentechnik - Borkott &amp; Eickhorn","article_modified_time":"2023-08-01T14:02:41+00:00","og_image":[{"url":"https:\/\/waffentechnik-solingen.com\/wp-content\/uploads\/waffentechnik_anwendungsbereiche.jpg","type":"","width":"","height":""}],"twitter_card":"summary_large_image","twitter_misc":{"Tiempo de lectura":"1 minuto"},"schema":{"@context":"https:\/\/schema.org","@graph":[{"@type":"WebPage","@id":"https:\/\/waffentechnik-solingen.com\/es\/ambitos-de-aplicacion\/","url":"https:\/\/waffentechnik-solingen.com\/es\/ambitos-de-aplicacion\/","name":"Armas y herramientas de alta calidad para fines operativos","isPartOf":{"@id":"https:\/\/waffentechnik-solingen.com\/es\/#website"},"primaryImageOfPage":{"@id":"https:\/\/waffentechnik-solingen.com\/es\/ambitos-de-aplicacion\/#primaryimage"},"image":{"@id":"https:\/\/waffentechnik-solingen.com\/es\/ambitos-de-aplicacion\/#primaryimage"},"thumbnailUrl":"https:\/\/waffentechnik-solingen.com\/wp-content\/uploads\/waffentechnik_anwendungsbereiche.jpg","datePublished":"2023-01-13T14:32:32+00:00","dateModified":"2023-08-01T14:02:41+00:00","description":"Equipamiento militar \u00f3ptimo para todos los fines \u25ba En el pa\u00eds y en el extranjero \u2713 Infanter\u00eda \u2713 Operaciones de campo \u2713 Misiones de rescate \u2713 \u2794 \u00a1Desc\u00fabrelo ahora!","breadcrumb":{"@id":"https:\/\/waffentechnik-solingen.com\/es\/ambitos-de-aplicacion\/#breadcrumb"},"inLanguage":"es","potentialAction":[{"@type":"ReadAction","target":["https:\/\/waffentechnik-solingen.com\/es\/ambitos-de-aplicacion\/"]}]},{"@type":"ImageObject","inLanguage":"es","@id":"https:\/\/waffentechnik-solingen.com\/es\/ambitos-de-aplicacion\/#primaryimage","url":"https:\/\/waffentechnik-solingen.com\/wp-content\/uploads\/waffentechnik_anwendungsbereiche.jpg","contentUrl":"https:\/\/waffentechnik-solingen.com\/wp-content\/uploads\/waffentechnik_anwendungsbereiche.jpg"},{"@type":"BreadcrumbList","@id":"https:\/\/waffentechnik-solingen.com\/es\/ambitos-de-aplicacion\/#breadcrumb","itemListElement":[{"@type":"ListItem","position":1,"name":"Startseite","item":"https:\/\/waffentechnik-solingen.com\/es\/"},{"@type":"ListItem","position":2,"name":"\u00c1mbitos de aplicaci\u00f3n"}]},{"@type":"WebSite","@id":"https:\/\/waffentechnik-solingen.com\/es\/#website","url":"https:\/\/waffentechnik-solingen.com\/es\/","name":"Waffentechnik - Borkott &amp; Eickhorn","description":"","publisher":{"@id":"https:\/\/waffentechnik-solingen.com\/es\/#organization"},"potentialAction":[{"@type":"SearchAction","target":{"@type":"EntryPoint","urlTemplate":"https:\/\/waffentechnik-solingen.com\/es\/?s={search_term_string}"},"query-input":{"@type":"PropertyValueSpecification","valueRequired":true,"valueName":"search_term_string"}}],"inLanguage":"es"},{"@type":"Organization","@id":"https:\/\/waffentechnik-solingen.com\/es\/#organization","name":"Waffentechnik - Borkott &amp; Eickhorn","url":"https:\/\/waffentechnik-solingen.com\/es\/","logo":{"@type":"ImageObject","inLanguage":"es","@id":"https:\/\/waffentechnik-solingen.com\/es\/#\/schema\/logo\/image\/","url":"https:\/\/waffentechnik-solingen.com\/wp-content\/uploads\/waffentechnik_logo.svg","contentUrl":"https:\/\/waffentechnik-solingen.com\/wp-content\/uploads\/waffentechnik_logo.svg","caption":"Waffentechnik - Borkott &amp; Eickhorn"},"image":{"@id":"https:\/\/waffentechnik-solingen.com\/es\/#\/schema\/logo\/image\/"}}]}},"_links":{"self":[{"href":"https:\/\/waffentechnik-solingen.com\/es\/wp-json\/wp\/v2\/pages\/2338","targetHints":{"allow":["GET"]}}],"collection":[{"href":"https:\/\/waffentechnik-solingen.com\/es\/wp-json\/wp\/v2\/pages"}],"about":[{"href":"https:\/\/waffentechnik-solingen.com\/es\/wp-json\/wp\/v2\/types\/page"}],"author":[{"embeddable":true,"href":"https:\/\/waffentechnik-solingen.com\/es\/wp-json\/wp\/v2\/users\/1"}],"replies":[{"embeddable":true,"href":"https:\/\/waffentechnik-solingen.com\/es\/wp-json\/wp\/v2\/comments?post=2338"}],"version-history":[{"count":3,"href":"https:\/\/waffentechnik-solingen.com\/es\/wp-json\/wp\/v2\/pages\/2338\/revisions"}],"predecessor-version":[{"id":2645,"href":"https:\/\/waffentechnik-solingen.com\/es\/wp-json\/wp\/v2\/pages\/2338\/revisions\/2645"}],"wp:attachment":[{"href":"https:\/\/waffentechnik-solingen.com\/es\/wp-json\/wp\/v2\/media?parent=2338"}],"curies":[{"name":"wp","href":"https:\/\/api.w.org\/{rel}","templated":true}]}}