{"id":2330,"date":"2023-01-13T15:33:13","date_gmt":"2023-01-13T14:33:13","guid":{"rendered":"https:\/\/waffentechnik-solingen.pixel-tal.de\/noticias\/"},"modified":"2023-08-01T16:02:06","modified_gmt":"2023-08-01T14:02:06","slug":"noticias","status":"publish","type":"page","link":"https:\/\/waffentechnik-solingen.com\/es\/noticias\/","title":{"rendered":"Noticias"},"content":{"rendered":"        \r\n            <!-- hero -->\r\n        \r\n                    \r\n            <div id=\"hero-9dbb0e0fcf560706f8fd3df5a1b87859\" class=\"hero\">\r\n\t\t\t\t<div class=\"hero-slider\">\t\t\t\t\n        \r\n            <!-- hero -->\r\n        \r\n                    \r\n            <div  class=\"hero-slide hero-slide-df0ba9941b9a7f252894a886d73233ca \">\r\n\r\n\t\t\t\t<div class=\"hero-canvas\">\r\n\t\t\t\t\t<div class=\"hero-content\">\r\n\t\t\t\t\t\t<span class=\"hero-headline headline\">Noticias<\/span>\t\t\t\t\t\t<span class=\"hero-subheadline subheadline\">seguro en cualquier situaci\u00f3n<\/span>\t\t\t\t\t\t\t\t\t\t\t<\/div>\r\n\t\t\t\t<\/div>\r\n\r\n\t\t\t\t\t\t\t\t\t<div class=\"hero-background\">\r\n\t\t\t\t\t\t<img decoding=\"async\" src=\"https:\/\/waffentechnik-solingen.com\/wp-content\/uploads\/waffentechnik_header_aktuelles.jpg\" \/>\r\n\t\t\t\t\t<\/div>\r\n\t\t\t\t\r\n\t\t\t<\/div>\r\n        \r\n                    \r\n            <!-- end:hero -->\r\n        \r\n            \n\r\n\t\t\t\t<\/div>\t\t\t<\/div>\r\n        \r\n                    \r\n            <!-- end:hero -->\r\n        \r\n            \n\n<section class=\"gb-container gb-container-bc19afb6\"><div class=\"gb-inside-container\">\n\n<div class=\"wp-block-pixel-headline headlines is-subheadline-bottom has-text-align-left\"><h1 class=\"headline\" style=\"color:#000000\">Informaci\u00f3n actual<\/h1><span class=\"subheadline\" style=\"color:\">Noticias e informaci\u00f3n para las autoridades de seguridad<\/span><\/div>\n\n\n\n<p>Siempre hay novedades en el mundo de la tecnolog\u00eda armament\u00edstica. Para asegurarnos de que nosotros -y nuestros clientes- estamos siempre al d\u00eda, mantenemos los ojos y los o\u00eddos bien abiertos y le informamos peri\u00f3dicamente de noticias interesantes.<\/p>\n\n\n\n<p>As\u00ed que si quiere saber qu\u00e9 le espera a la tecnolog\u00eda armament\u00edstica en el futuro, no tiene m\u00e1s que volver a consultar esta p\u00e1gina con regularidad. Le mantendremos informado.<\/p>\n\n<\/div><\/section>\n\n<section class=\"gb-container gb-container-c62077c4 section-bgc news-group\"><div class=\"gb-inside-container\">\n<div class=\"gb-grid-wrapper gb-grid-wrapper-6f9d6891\">\n<div class=\"gb-grid-column gb-grid-column-cab40e70\"><div class=\"gb-container gb-container-cab40e70\"><div class=\"gb-inside-container\">\n\n<div class=\"gb-grid-wrapper gb-grid-wrapper-d2422e22 raster-ql gb-query-loop-wrapper\">\n<div class=\"gb-grid-column gb-grid-column-30baa502 gb-query-loop-item post-2688 post type-post status-publish format-standard has-post-thumbnail hentry category-actual\"><div class=\"gb-container gb-container-30baa502 post-bgc-white\"><div class=\"gb-inside-container\">\n<figure class=\"gb-block-image gb-block-image-f054c0a8\"><img loading=\"lazy\" decoding=\"async\" width=\"1200\" height=\"627\" src=\"https:\/\/waffentechnik-solingen.com\/wp-content\/uploads\/enforce_tac_2026.jpg\" class=\"gb-image-f054c0a8\" alt=\"\" srcset=\"https:\/\/waffentechnik-solingen.com\/wp-content\/uploads\/enforce_tac_2026.jpg 1200w, https:\/\/waffentechnik-solingen.com\/wp-content\/uploads\/enforce_tac_2026-300x157.jpg 300w, https:\/\/waffentechnik-solingen.com\/wp-content\/uploads\/enforce_tac_2026-1024x535.jpg 1024w, https:\/\/waffentechnik-solingen.com\/wp-content\/uploads\/enforce_tac_2026-768x401.jpg 768w\" sizes=\"auto, (max-width: 1200px) 100vw, 1200px\" \/><\/figure>\n\n<h2 class=\"gb-headline gb-headline-e307371c gb-headline-text\"><a href=\"https:\/\/waffentechnik-solingen.com\/es\/actual\/feria-enforcetac-2025\/\">Feria Enforce Tac 2025<\/a><\/h2>\n\n<div class=\"gb-headline gb-headline-bb0b35a3 gb-headline-text\">Waffentechnik Solingen estar\u00e1 representada en la feria Enforce Tac entre el 24.02.2025 y el 26.02.2025 en Nuremberg. Vis\u00edtenos en el stand 311 del pabell\u00f3n 7A.<\/div>\n\n<div class=\"gb-button-wrapper gb-button-wrapper-36bb24b9\">\n<a class=\"gb-button gb-button-b191647e gb-button-text\" href=\"https:\/\/waffentechnik-solingen.com\/es\/actual\/feria-enforcetac-2025\/\">Seguir leyendo<\/a>\n<\/div>\n<\/div><\/div><\/div>\n\n<div class=\"gb-grid-column gb-grid-column-30baa502 gb-query-loop-item post-2300 post type-post status-publish format-standard has-post-thumbnail hentry category-actual\"><div class=\"gb-container gb-container-30baa502 post-bgc-white\"><div class=\"gb-inside-container\">\n<figure class=\"gb-block-image gb-block-image-f054c0a8\"><img loading=\"lazy\" decoding=\"async\" width=\"560\" height=\"290\" src=\"https:\/\/waffentechnik-solingen.com\/wp-content\/uploads\/news_1MOA-GmbH.jpg\" class=\"gb-image-f054c0a8\" alt=\"\" srcset=\"https:\/\/waffentechnik-solingen.com\/wp-content\/uploads\/news_1MOA-GmbH.jpg 560w, https:\/\/waffentechnik-solingen.com\/wp-content\/uploads\/news_1MOA-GmbH-300x155.jpg 300w\" sizes=\"auto, (max-width: 560px) 100vw, 560px\" \/><\/figure>\n\n<h2 class=\"gb-headline gb-headline-e307371c gb-headline-text\"><a href=\"https:\/\/waffentechnik-solingen.com\/es\/actual\/1moa-gmbh\/\">1MOA GmbH<\/a><\/h2>\n\n<div class=\"gb-headline gb-headline-bb0b35a3 gb-headline-text\">La empresa 1MOA GmbH se convierte en nuestro distribuidor exclusivo para Alemania. Los clientes finales, minoristas y mayoristas pueden ponerse en contacto con nosotros si est\u00e1n interesados en nuestros productos: 1MOA GmbHAm R\u00fchrl\u00f6ffel 1507646 Stadtroda Persona de contacto: Michael GastTel\u00e9fono: 0175-4647284Correo electr\u00f3nico: michael.gast@moderne-schiesslehre.de<\/div>\n\n<div class=\"gb-button-wrapper gb-button-wrapper-36bb24b9\">\n<a class=\"gb-button gb-button-b191647e gb-button-text\" href=\"https:\/\/waffentechnik-solingen.com\/es\/actual\/1moa-gmbh\/\">Seguir leyendo<\/a>\n<\/div>\n<\/div><\/div><\/div>\n<\/div>\n\n<\/div><\/div><\/div>\n<\/div>\n<\/div><\/section>","protected":false},"excerpt":{"rendered":"<p>Siempre hay novedades en el mundo de la tecnolog\u00eda armament\u00edstica. Para asegurarnos de que nosotros -y nuestros clientes- estamos siempre al d\u00eda, mantenemos los ojos y los o\u00eddos bien abiertos y le informamos peri\u00f3dicamente de noticias interesantes. As\u00ed que si quiere saber qu\u00e9 le espera a la tecnolog\u00eda armament\u00edstica en el futuro, no tiene m\u00e1s &#8230; <a title=\"Noticias\" class=\"read-more\" href=\"https:\/\/waffentechnik-solingen.com\/es\/noticias\/\" aria-label=\"Leer m\u00e1s sobre Noticias\">Weiterlesen &#8230;<\/a><\/p>\n","protected":false},"author":1,"featured_media":0,"parent":0,"menu_order":7,"comment_status":"closed","ping_status":"closed","template":"","meta":{"_acf_changed":false,"inline_featured_image":false,"footnotes":""},"class_list":["post-2330","page","type-page","status-publish"],"acf":[],"yoast_head":"<!-- This site is optimized with the Yoast SEO plugin v27.3 - https:\/\/yoast.com\/product\/yoast-seo-wordpress\/ -->\n<title>\u00daltimas y apasionantes noticias sobre tecnolog\u00eda armament\u00edstica<\/title>\n<meta name=\"description\" content=\"Noticias e informaci\u00f3n para las autoridades de seguridad \u25ba \u00daltimas noticias de tecnolog\u00eda armament\u00edstica. Conozca aqu\u00ed los \u00faltimos avances \u2794 \u00a1Ent\u00e9rese ahora!\" \/>\n<meta name=\"robots\" content=\"index, follow, max-snippet:-1, max-image-preview:large, max-video-preview:-1\" \/>\n<link rel=\"canonical\" href=\"https:\/\/waffentechnik-solingen.com\/es\/noticias\/\" \/>\n<meta property=\"og:locale\" content=\"es_ES\" \/>\n<meta property=\"og:type\" content=\"article\" \/>\n<meta property=\"og:title\" content=\"\u00daltimas y apasionantes noticias sobre tecnolog\u00eda armament\u00edstica\" \/>\n<meta property=\"og:description\" content=\"Noticias e informaci\u00f3n para las autoridades de seguridad \u25ba \u00daltimas noticias de tecnolog\u00eda armament\u00edstica. Conozca aqu\u00ed los \u00faltimos avances \u2794 \u00a1Ent\u00e9rese ahora!\" \/>\n<meta property=\"og:url\" content=\"https:\/\/waffentechnik-solingen.com\/es\/noticias\/\" \/>\n<meta property=\"og:site_name\" content=\"Waffentechnik - Borkott &amp; Eickhorn\" \/>\n<meta property=\"article:modified_time\" content=\"2023-08-01T14:02:06+00:00\" \/>\n<meta name=\"twitter:card\" content=\"summary_large_image\" \/>\n<meta name=\"twitter:label1\" content=\"Tiempo de lectura\" \/>\n\t<meta name=\"twitter:data1\" content=\"1 minuto\" \/>\n<script type=\"application\/ld+json\" class=\"yoast-schema-graph\">{\"@context\":\"https:\\\/\\\/schema.org\",\"@graph\":[{\"@type\":\"WebPage\",\"@id\":\"https:\\\/\\\/waffentechnik-solingen.com\\\/es\\\/noticias\\\/\",\"url\":\"https:\\\/\\\/waffentechnik-solingen.com\\\/es\\\/noticias\\\/\",\"name\":\"\u00daltimas y apasionantes noticias sobre tecnolog\u00eda armament\u00edstica\",\"isPartOf\":{\"@id\":\"https:\\\/\\\/waffentechnik-solingen.com\\\/es\\\/#website\"},\"datePublished\":\"2023-01-13T14:33:13+00:00\",\"dateModified\":\"2023-08-01T14:02:06+00:00\",\"description\":\"Noticias e informaci\u00f3n para las autoridades de seguridad \u25ba \u00daltimas noticias de tecnolog\u00eda armament\u00edstica. Conozca aqu\u00ed los \u00faltimos avances \u2794 \u00a1Ent\u00e9rese ahora!\",\"breadcrumb\":{\"@id\":\"https:\\\/\\\/waffentechnik-solingen.com\\\/es\\\/noticias\\\/#breadcrumb\"},\"inLanguage\":\"es\",\"potentialAction\":[{\"@type\":\"ReadAction\",\"target\":[\"https:\\\/\\\/waffentechnik-solingen.com\\\/es\\\/noticias\\\/\"]}]},{\"@type\":\"BreadcrumbList\",\"@id\":\"https:\\\/\\\/waffentechnik-solingen.com\\\/es\\\/noticias\\\/#breadcrumb\",\"itemListElement\":[{\"@type\":\"ListItem\",\"position\":1,\"name\":\"Startseite\",\"item\":\"https:\\\/\\\/waffentechnik-solingen.com\\\/es\\\/\"},{\"@type\":\"ListItem\",\"position\":2,\"name\":\"Noticias\"}]},{\"@type\":\"WebSite\",\"@id\":\"https:\\\/\\\/waffentechnik-solingen.com\\\/es\\\/#website\",\"url\":\"https:\\\/\\\/waffentechnik-solingen.com\\\/es\\\/\",\"name\":\"Waffentechnik - Borkott &amp; Eickhorn\",\"description\":\"\",\"publisher\":{\"@id\":\"https:\\\/\\\/waffentechnik-solingen.com\\\/es\\\/#organization\"},\"potentialAction\":[{\"@type\":\"SearchAction\",\"target\":{\"@type\":\"EntryPoint\",\"urlTemplate\":\"https:\\\/\\\/waffentechnik-solingen.com\\\/es\\\/?s={search_term_string}\"},\"query-input\":{\"@type\":\"PropertyValueSpecification\",\"valueRequired\":true,\"valueName\":\"search_term_string\"}}],\"inLanguage\":\"es\"},{\"@type\":\"Organization\",\"@id\":\"https:\\\/\\\/waffentechnik-solingen.com\\\/es\\\/#organization\",\"name\":\"Waffentechnik - Borkott &amp; Eickhorn\",\"url\":\"https:\\\/\\\/waffentechnik-solingen.com\\\/es\\\/\",\"logo\":{\"@type\":\"ImageObject\",\"inLanguage\":\"es\",\"@id\":\"https:\\\/\\\/waffentechnik-solingen.com\\\/es\\\/#\\\/schema\\\/logo\\\/image\\\/\",\"url\":\"https:\\\/\\\/waffentechnik-solingen.com\\\/wp-content\\\/uploads\\\/waffentechnik_logo.svg\",\"contentUrl\":\"https:\\\/\\\/waffentechnik-solingen.com\\\/wp-content\\\/uploads\\\/waffentechnik_logo.svg\",\"caption\":\"Waffentechnik - Borkott &amp; Eickhorn\"},\"image\":{\"@id\":\"https:\\\/\\\/waffentechnik-solingen.com\\\/es\\\/#\\\/schema\\\/logo\\\/image\\\/\"}}]}<\/script>\n<!-- \/ Yoast SEO plugin. -->","yoast_head_json":{"title":"\u00daltimas y apasionantes noticias sobre tecnolog\u00eda armament\u00edstica","description":"Noticias e informaci\u00f3n para las autoridades de seguridad \u25ba \u00daltimas noticias de tecnolog\u00eda armament\u00edstica. Conozca aqu\u00ed los \u00faltimos avances \u2794 \u00a1Ent\u00e9rese ahora!","robots":{"index":"index","follow":"follow","max-snippet":"max-snippet:-1","max-image-preview":"max-image-preview:large","max-video-preview":"max-video-preview:-1"},"canonical":"https:\/\/waffentechnik-solingen.com\/es\/noticias\/","og_locale":"es_ES","og_type":"article","og_title":"\u00daltimas y apasionantes noticias sobre tecnolog\u00eda armament\u00edstica","og_description":"Noticias e informaci\u00f3n para las autoridades de seguridad \u25ba \u00daltimas noticias de tecnolog\u00eda armament\u00edstica. Conozca aqu\u00ed los \u00faltimos avances \u2794 \u00a1Ent\u00e9rese ahora!","og_url":"https:\/\/waffentechnik-solingen.com\/es\/noticias\/","og_site_name":"Waffentechnik - Borkott &amp; Eickhorn","article_modified_time":"2023-08-01T14:02:06+00:00","twitter_card":"summary_large_image","twitter_misc":{"Tiempo de lectura":"1 minuto"},"schema":{"@context":"https:\/\/schema.org","@graph":[{"@type":"WebPage","@id":"https:\/\/waffentechnik-solingen.com\/es\/noticias\/","url":"https:\/\/waffentechnik-solingen.com\/es\/noticias\/","name":"\u00daltimas y apasionantes noticias sobre tecnolog\u00eda armament\u00edstica","isPartOf":{"@id":"https:\/\/waffentechnik-solingen.com\/es\/#website"},"datePublished":"2023-01-13T14:33:13+00:00","dateModified":"2023-08-01T14:02:06+00:00","description":"Noticias e informaci\u00f3n para las autoridades de seguridad \u25ba \u00daltimas noticias de tecnolog\u00eda armament\u00edstica. Conozca aqu\u00ed los \u00faltimos avances \u2794 \u00a1Ent\u00e9rese ahora!","breadcrumb":{"@id":"https:\/\/waffentechnik-solingen.com\/es\/noticias\/#breadcrumb"},"inLanguage":"es","potentialAction":[{"@type":"ReadAction","target":["https:\/\/waffentechnik-solingen.com\/es\/noticias\/"]}]},{"@type":"BreadcrumbList","@id":"https:\/\/waffentechnik-solingen.com\/es\/noticias\/#breadcrumb","itemListElement":[{"@type":"ListItem","position":1,"name":"Startseite","item":"https:\/\/waffentechnik-solingen.com\/es\/"},{"@type":"ListItem","position":2,"name":"Noticias"}]},{"@type":"WebSite","@id":"https:\/\/waffentechnik-solingen.com\/es\/#website","url":"https:\/\/waffentechnik-solingen.com\/es\/","name":"Waffentechnik - Borkott &amp; Eickhorn","description":"","publisher":{"@id":"https:\/\/waffentechnik-solingen.com\/es\/#organization"},"potentialAction":[{"@type":"SearchAction","target":{"@type":"EntryPoint","urlTemplate":"https:\/\/waffentechnik-solingen.com\/es\/?s={search_term_string}"},"query-input":{"@type":"PropertyValueSpecification","valueRequired":true,"valueName":"search_term_string"}}],"inLanguage":"es"},{"@type":"Organization","@id":"https:\/\/waffentechnik-solingen.com\/es\/#organization","name":"Waffentechnik - Borkott &amp; Eickhorn","url":"https:\/\/waffentechnik-solingen.com\/es\/","logo":{"@type":"ImageObject","inLanguage":"es","@id":"https:\/\/waffentechnik-solingen.com\/es\/#\/schema\/logo\/image\/","url":"https:\/\/waffentechnik-solingen.com\/wp-content\/uploads\/waffentechnik_logo.svg","contentUrl":"https:\/\/waffentechnik-solingen.com\/wp-content\/uploads\/waffentechnik_logo.svg","caption":"Waffentechnik - Borkott &amp; Eickhorn"},"image":{"@id":"https:\/\/waffentechnik-solingen.com\/es\/#\/schema\/logo\/image\/"}}]}},"_links":{"self":[{"href":"https:\/\/waffentechnik-solingen.com\/es\/wp-json\/wp\/v2\/pages\/2330","targetHints":{"allow":["GET"]}}],"collection":[{"href":"https:\/\/waffentechnik-solingen.com\/es\/wp-json\/wp\/v2\/pages"}],"about":[{"href":"https:\/\/waffentechnik-solingen.com\/es\/wp-json\/wp\/v2\/types\/page"}],"author":[{"embeddable":true,"href":"https:\/\/waffentechnik-solingen.com\/es\/wp-json\/wp\/v2\/users\/1"}],"replies":[{"embeddable":true,"href":"https:\/\/waffentechnik-solingen.com\/es\/wp-json\/wp\/v2\/comments?post=2330"}],"version-history":[{"count":2,"href":"https:\/\/waffentechnik-solingen.com\/es\/wp-json\/wp\/v2\/pages\/2330\/revisions"}],"predecessor-version":[{"id":2644,"href":"https:\/\/waffentechnik-solingen.com\/es\/wp-json\/wp\/v2\/pages\/2330\/revisions\/2644"}],"wp:attachment":[{"href":"https:\/\/waffentechnik-solingen.com\/es\/wp-json\/wp\/v2\/media?parent=2330"}],"curies":[{"name":"wp","href":"https:\/\/api.w.org\/{rel}","templated":true}]}}